{"id":20236,"date":"2021-05-05T12:53:05","date_gmt":"2021-05-05T12:53:05","guid":{"rendered":"https:\/\/equalisveterinaria-ne.com.br\/?page_id=20236"},"modified":"2023-05-09T09:56:24","modified_gmt":"2023-05-09T12:56:24","slug":"quem-indica","status":"publish","type":"page","link":"https:\/\/equalisveterinaria-ne.com.br\/cursos\/quem-indica\/","title":{"rendered":"Quem indica"},"content":{"rendered":"<p>[vc_row el_class=&#8221;mg-bottom-60&#8243;][vc_column][vc_headings style=&#8221;theme3&#8243; borderclr=&#8221;#000000&#8243; title=&#8221;Quem indica amigo \u00e9&#8221; google_fonts=&#8221;font_family:Oswald%3A300%2Cregular%2C700|font_style:400%20regular%3A400%3Anormal&#8221; titlesize=&#8221;52&#8243; titleclr=&#8221;#000000&#8243;][\/vc_headings][\/vc_column][\/vc_row][vc_row el_class=&#8221;mg-bottom-60&#8243;][vc_column]            <div class=\"heading color-dark text-center \" >\n                                    <span class=\"s-color\"><i class=\"fa fa-star\"><\/i><\/span>\n                                                <h2 class=\"heading-color fs-38\">\n                    NOVO REGULAMENTO GERAL                <\/h2>\n                                <p class=\"fs-14\">\n                    A premia\u00e7\u00e3o \u00e9 relacionada com a quantidade de amigos indicados para a p\u00f3s gradua\u00e7\u00e3o veterin\u00e1ria presencial ou semipresencial na Equalis Nordeste, a partir de 08 de maio de 2023, conforme abaixo:                <\/p>\n                            <\/div>\n            [\/vc_column][\/vc_row][vc_row layout=&#8221;container&#8221;][vc_column width=&#8221;1\/2&#8243; css=&#8221;.vc_custom_1625502212489{background-color: rgba(198,198,198,0.42) !important;*background-color: rgb(198,198,198) !important;border-radius: 5px !important;}&#8221;][vc_empty_space]\t\t\t<div class=\"iconbox style2 color-dark \" >\n                <div style=\"background-color: #bd0304; color:#bd0304\">\n                                                <i class=\"fa fa-trophy\"><\/i>\n                                        <\/div>\n                                <a class=\"p-font heading-color\" title=\"04 PESSOAS INDICADAS\" target=\"_self\" href=\"#\">04 PESSOAS INDICADAS<\/a>\n                                <p>para a p\u00f3s gradua\u00e7\u00e3o veterin\u00e1ria presencial ou semipresencial na Equalis Nordeste.<\/p>\n                \t\t\t<\/div>\n            [vc_empty_space height=&#8221;12px&#8221;][vc_column_text]<strong>04 PESSOAS INDICADAS \u2013&nbsp;para a p\u00f3s gradua\u00e7\u00e3o veterin\u00e1ria<\/strong><\/p>\n<p><strong><u>Pr\u00eamio para quem indicou:<\/u><\/strong><\/p>\n<ul>\n<li>04 mensalidades gr\u00e1tis da sua P\u00f3s Equalis (na 4\u00aa, 6\u00aa, 8\u00aa e 10\u00aa mensalidades).<\/li>\n<li>Caso quem esteja indicando seja ex-aluno de p\u00f3s-gradua\u00e7\u00e3o Equalis, as mensalidades ficar\u00e3o reservadas para a pr\u00f3xima p\u00f3s gradua\u00e7\u00e3o, v\u00e1lido at\u00e9 o ano seguinte, da data da sua indica\u00e7\u00e3o.<\/li>\n<li>O cr\u00e9dito somente ser\u00e1 concedido quando os colegas indicados efetuarem o pagamento da terceira mensalidade, dos cursos de p\u00f3s gradua\u00e7\u00e3o que foram indicados.<\/li>\n<\/ul>\n<p>&nbsp;<\/p>\n<p><strong><u>Para cada indicado:<\/u><\/strong><\/p>\n<ul>\n<li>Um livro Medicina Felina Essencial Guia Pr\u00e1tico.;<\/li>\n<\/ul>\n<p>[\/vc_column_text][vc_empty_space][\/vc_column][vc_column width=&#8221;1\/2&#8243;][vc_empty_space]\t\t\t<div class=\"iconbox style2 color-dark \" >\n                <div style=\"background-color: #bd0304; color:#bd0304\">\n                                                <i class=\"fa fa-trophy\"><\/i>\n                                        <\/div>\n                                <a class=\"p-font heading-color\" title=\"03 PESSOAS INDICADAS\" target=\"_self\" href=\"#\">03 PESSOAS INDICADAS<\/a>\n                                <p>para a p\u00f3s gradua\u00e7\u00e3o veterin\u00e1ria<\/p>\n                \t\t\t<\/div>\n            [vc_empty_space height=&#8221;12px&#8221;][vc_column_text]<strong>03 PESSOAS INDICADAS \u2013&nbsp;para a p\u00f3s gradua\u00e7\u00e3o veterin\u00e1ria&nbsp;<\/strong><\/p>\n<p><strong><u>Pr\u00eamio para quem indicou:<\/u><\/strong><\/p>\n<ul>\n<li>03 mensalidades da sua P\u00f3s Equalis (na 4\u00aa, 6\u00aa e 8\u00aa mensalidades).<\/li>\n<li>Caso quem esteja indicando seja ex-aluno de p\u00f3s-gradua\u00e7\u00e3o Equalis, as mensalidades ficar\u00e3o reservadas para a pr\u00f3xima p\u00f3s gradua\u00e7\u00e3o, v\u00e1lido at\u00e9 o ano seguinte, da data da sua indica\u00e7\u00e3o.<\/li>\n<\/ul>\n<ul>\n<li style=\"list-style-type: none;\">\n<ul>\n<li>O cr\u00e9dito somente ser\u00e1 concedido quando os colegas indicados efetuarem o pagamento da terceira mensalidade, dos cursos de p\u00f3s gradua\u00e7\u00e3o que foram indicados.<\/li>\n<\/ul>\n<\/li>\n<\/ul>\n<p>&nbsp;<\/p>\n<p><strong><u>Para cada indicado:<\/u><\/strong><\/p>\n<ul>\n<li>Um livro Medicina Felina Essencial Guia Pr\u00e1tico.;<\/li>\n<\/ul>\n<p>[\/vc_column_text][vc_empty_space][\/vc_column][\/vc_row][vc_row layout=&#8221;container&#8221;][vc_column width=&#8221;1\/2&#8243;][vc_empty_space]\t\t\t<div class=\"iconbox style2 color-dark \" >\n                <div style=\"background-color: #bd0304; color:#bd0304\">\n                                                <i class=\"fa fa-trophy\"><\/i>\n                                        <\/div>\n                                <a class=\"p-font heading-color\" title=\"02 PESSOAS INDICADAS\" target=\"_self\" href=\"#\">02 PESSOAS INDICADAS<\/a>\n                                <p>para a p\u00f3s gradua\u00e7\u00e3o veterin\u00e1ria<\/p>\n                \t\t\t<\/div>\n            [vc_empty_space height=&#8221;12px&#8221;][vc_column_text]<strong>02 PESSOAS INDICADAS \u2013&nbsp;para a p\u00f3s gradua\u00e7\u00e3o veterin\u00e1ria&nbsp;<\/strong><\/p>\n<p><strong><u>Pr\u00eamio para quem indicou:<\/u><\/strong><\/p>\n<ul>\n<li>02 mensalidades da sua P\u00f3s Equalis&nbsp;(na 4\u00aa e 6\u00aa mensalidades), da sua P\u00f3s Equalis.<\/li>\n<li>Caso quem esteja indicando seja ex-aluno de p\u00f3s-gradua\u00e7\u00e3o Equalis, as mensalidades ficar\u00e3o reservadas para a pr\u00f3xima p\u00f3s gradua\u00e7\u00e3o, v\u00e1lido at\u00e9 o ano seguinte, da data da sua indica\u00e7\u00e3o.<\/li>\n<\/ul>\n<ul>\n<li style=\"list-style-type: none;\">\n<ul>\n<li>O cr\u00e9dito somente ser\u00e1 concedido quando os colegas indicados efetuarem o pagamento da terceira mensalidade, dos cursos de p\u00f3s gradua\u00e7\u00e3o que foram indicados.<\/li>\n<\/ul>\n<\/li>\n<\/ul>\n<p>&nbsp;<\/p>\n<p><strong><u>Para cada indicado:<\/u><\/strong><\/p>\n<ul>\n<li>Um livro Medicina Felina Essencial Guia Pr\u00e1tico.;<\/li>\n<\/ul>\n<p>[\/vc_column_text][vc_empty_space][\/vc_column][vc_column width=&#8221;1\/2&#8243; css=&#8221;.vc_custom_1625502227083{background-color: rgba(198,198,198,0.42) !important;*background-color: rgb(198,198,198) !important;border-radius: 5px !important;}&#8221;][vc_empty_space]\t\t\t<div class=\"iconbox style2 color-dark \" >\n                <div style=\"background-color: #bd0304; color:#bd0304\">\n                                                <i class=\"fa fa-trophy\"><\/i>\n                                        <\/div>\n                                <a class=\"p-font heading-color\" title=\"01 PESSOAS INDICADAS\" target=\"_self\" href=\"#\">01 PESSOAS INDICADAS<\/a>\n                                <p>para a p\u00f3s gradua\u00e7\u00e3o veterin\u00e1ria<\/p>\n                \t\t\t<\/div>\n            [vc_empty_space height=&#8221;12px&#8221;][vc_column_text]<strong>01 PESSOA INDICADA \u2013&nbsp;para a p\u00f3s gradua\u00e7\u00e3o veterin\u00e1ria&nbsp;<\/strong><\/p>\n<p><strong><u>Pr\u00eamio para quem indicou<\/u><\/strong><strong>:<\/strong><\/p>\n<ul>\n<li>50% de desconto na 4\u00aa mensalidade da sua P\u00f3s Gradua\u00e7\u00e3o Equalis.<\/li>\n<li>Caso quem esteja indicando seja ex-aluno de p\u00f3s-gradua\u00e7\u00e3o Equalis, as mensalidades ficar\u00e3o reservadas para a pr\u00f3xima p\u00f3s gradua\u00e7\u00e3o, v\u00e1lido at\u00e9 o ano seguinte, da data da sua indica\u00e7\u00e3o.<\/li>\n<\/ul>\n<ul>\n<li style=\"list-style-type: none;\">\n<ul>\n<li>O cr\u00e9dito somente ser\u00e1 concedido quando os colegas indicados efetuarem o pagamento da terceira mensalidade, dos cursos de p\u00f3s gradua\u00e7\u00e3o que foram indicados.<\/li>\n<\/ul>\n<\/li>\n<\/ul>\n<p>&nbsp;<\/p>\n<p><strong><u>Para cada indicado:<\/u><\/strong><\/p>\n<ul>\n<li>Um livro Medicina Felina Essencial Guia Pr\u00e1tico.;<\/li>\n<\/ul>\n<p>[\/vc_column_text][vc_empty_space][\/vc_column][\/vc_row][vc_row layout=&#8221;container&#8221; el_class=&#8221;mg-top-100 mg-bottom-90&#8243;][vc_column]\t\t\t<div class=\"iconbox style5 color-dark pd-bottom-60\" >\n                <div>\n                                                <i style=\"color: #5d3273\" class=\"fa fa-gavel\"><\/i>\n                                        <\/div>\n                                <a class=\"p-font heading-color\" title=\"DISPOSI\u00c7\u00d5ES GERAIS\" target=\"_self\" href=\"#\">DISPOSI\u00c7\u00d5ES GERAIS<\/a>\n                \t\t\t<\/div>\n            [vc_column_text]<a href=\"https:\/\/equalisveterinaria-ne.com.br\/cursos\/quem-indica\/\">DISPOSI\u00c7\u00d5ES GERAIS &#8211; V\u00e1lido para indica\u00e7\u00e3o \u00e0 partir de 08 de maio de 2023.<\/a><\/p>\n<ul>\n<li>Para a participa\u00e7\u00e3o nesta promo\u00e7\u00e3o \u00e9 necess\u00e1rio ser m\u00e9dico veterin\u00e1rio\/estudante de medicina veterin\u00e1ria;<\/li>\n<li>Para que a participa\u00e7\u00e3o na promo\u00e7\u00e3o seja validada, o indicado\/indicador deve enviar e-mail para&nbsp;<a href=\"mailto:atendimento@equalisveterinaria-ne.com.br\">comercial@equalisveterinaria-ne.com.br,&nbsp;<\/a>informando que ir\u00e1 participar;<\/li>\n<li>A indica\u00e7\u00e3o pode se referir a qualquer curso para a p\u00f3s gradua\u00e7\u00e3o veterin\u00e1ria presencial ou semipresencial na Equalis Nordeste, n\u00e3o sendo necessariamente o mesmo que o aluno que for indicar esteja cursando;<\/li>\n<li>Ser\u00e3o concedidos os pr\u00eamios de quem indicou desde que o aluno indicado esteja matriculado e tenha realizado as 03 primeiras mensalidades.<\/li>\n<li>Os participantes que indicarem pessoas concordam em ceder gratuitamente, bem como permitem a utiliza\u00e7\u00e3o de seu nome e imagem para divulga\u00e7\u00e3o da Promo\u00e7\u00e3o \u201c<strong>Quem Indica<\/strong>&nbsp;<strong>Amigo \u00e9<\/strong>\u201d, no site da Equalis e em qualquer meio de comunica\u00e7\u00e3o, sem qualquer \u00f4nus e\/ou encargo.<\/li>\n<li>Quaisquer d\u00favidas e consultas relacionadas a Promo\u00e7\u00e3o \u201c<strong>Quem indica amigo \u00e9<\/strong>\u201d dever\u00e3o ser feitas \u00e0 Equalis pelo e-mail&nbsp;<a href=\"mailto:atendimento@equalisveterinaria-ne.com.br\">comercial@equalisveterinaria-ne.com.br<\/a>&nbsp;<\/li>\n<li>Os casos n\u00e3o previstos neste Regulamento ser\u00e3o resolvidos pela Diretoria da Equalis.<\/li>\n<\/ul>\n<p>[\/vc_column_text][\/vc_column][\/vc_row][vc_row layout=&#8221;container&#8221; el_id=&#8221;formulario&#8221; css=&#8221;.vc_custom_1626456660649{margin-left: 60px !important;}&#8221;][vc_column width=&#8221;1\/2&#8243;][vc_empty_space][vc_single_image image=&#8221;19846&#8243; img_size=&#8221;full&#8221; alignment=&#8221;center&#8221; style=&#8221;vc_box_border_circle_2&#8243; border_color=&#8221;juicy_pink&#8221;][vc_empty_space][\/vc_column][vc_column width=&#8221;1\/2&#8243; css=&#8221;.vc_custom_1625502227083{background-color: rgba(198,198,198,0.42) !important;*background-color: rgb(198,198,198) !important;border-radius: 5px !important;}&#8221;][vc_empty_space]\t\t\t<div class=\"iconbox style2 color-dark \" >\n                <div style=\"background-color: #bd0304; color:#bd0304\">\n                                                <i class=\"far fa-envelope\"><\/i>\n                                        <\/div>\n                                <a class=\"p-font heading-color\" title=\"Entre em contato\" target=\"_self\" href=\"#\">Entre em contato<\/a>\n                \t\t\t<\/div>\n            [vc_empty_space height=&#8221;12px&#8221;][contact-form-7 404 \"N\u00e3o encontrado\"][vc_empty_space][\/vc_column][\/vc_row]<\/p>\n","protected":false},"excerpt":{"rendered":"<p>[vc_row el_class=&#8221;mg-bottom-60&#8243;][vc_column][vc_headings style=&#8221;theme3&#8243; borderclr=&#8221;#000000&#8243; title=&#8221;Quem indica amigo \u00e9&#8221; google_fonts=&#8221;font_family:Oswald%3A300%2Cregular%2C700|font_style:400%20regular%3A400%3Anormal&#8221; titlesize=&#8221;52&#8243; titleclr=&#8221;#000000&#8243;][\/vc_headings][\/vc_column][\/vc_row][vc_row el_class=&#8221;mg-bottom-60&#8243;][vc_column][\/vc_column][\/vc_row][vc_row layout=&#8221;container&#8221;][vc_column width=&#8221;1\/2&#8243; css=&#8221;.vc_custom_1625502212489{background-color: rgba(198,198,198,0.42) !important;*background-color: rgb(198,198,198) !important;border-radius: 5px !important;}&#8221;][vc_empty_space][vc_empty_space height=&#8221;12px&#8221;][vc_column_text]04 PESSOAS INDICADAS \u2013&nbsp;para a p\u00f3s gradua\u00e7\u00e3o veterin\u00e1ria Pr\u00eamio para quem indicou: 04 mensalidades gr\u00e1tis da sua P\u00f3s Equalis (na 4\u00aa, 6\u00aa, 8\u00aa e 10\u00aa mensalidades). Caso quem esteja indicando seja ex-aluno de p\u00f3s-gradua\u00e7\u00e3o [&hellip;]<\/p>\n","protected":false},"author":1,"featured_media":0,"parent":0,"menu_order":0,"comment_status":"closed","ping_status":"closed","template":"","meta":{"ngg_post_thumbnail":0},"acf":[],"yoast_head":"<!-- This site is optimized with the Yoast SEO plugin v18.4.1 - https:\/\/yoast.com\/wordpress\/plugins\/seo\/ -->\n<title>Quem indica - Equalis Nordeste - Cursos de P\u00f3s Gradua\u00e7\u00e3o em Medicina Veterin\u00e1ria<\/title>\n<meta name=\"robots\" content=\"index, follow, max-snippet:-1, max-image-preview:large, max-video-preview:-1\" \/>\n<link rel=\"canonical\" href=\"https:\/\/equalisveterinaria-ne.com.br\/cursos\/quem-indica\/\" \/>\n<meta property=\"og:locale\" content=\"pt_BR\" \/>\n<meta property=\"og:type\" content=\"article\" \/>\n<meta property=\"og:title\" content=\"Quem indica - Equalis Nordeste - Cursos de P\u00f3s Gradua\u00e7\u00e3o em Medicina Veterin\u00e1ria\" \/>\n<meta property=\"og:description\" content=\"[vc_row el_class=&#8221;mg-bottom-60&#8243;][vc_column][vc_headings style=&#8221;theme3&#8243; borderclr=&#8221;#000000&#8243; title=&#8221;Quem indica amigo \u00e9&#8221; google_fonts=&#8221;font_family:Oswald%3A300%2Cregular%2C700|font_style:400%20regular%3A400%3Anormal&#8221; titlesize=&#8221;52&#8243; titleclr=&#8221;#000000&#8243;][\/vc_headings][\/vc_column][\/vc_row][vc_row el_class=&#8221;mg-bottom-60&#8243;][vc_column][\/vc_column][\/vc_row][vc_row layout=&#8221;container&#8221;][vc_column width=&#8221;1\/2&#8243; css=&#8221;.vc_custom_1625502212489{background-color: rgba(198,198,198,0.42) !important;*background-color: rgb(198,198,198) !important;border-radius: 5px !important;}&#8221;][vc_empty_space][vc_empty_space height=&#8221;12px&#8221;][vc_column_text]04 PESSOAS INDICADAS \u2013&nbsp;para a p\u00f3s gradua\u00e7\u00e3o veterin\u00e1ria Pr\u00eamio para quem indicou: 04 mensalidades gr\u00e1tis da sua P\u00f3s Equalis (na 4\u00aa, 6\u00aa, 8\u00aa e 10\u00aa mensalidades). Caso quem esteja indicando seja ex-aluno de p\u00f3s-gradua\u00e7\u00e3o [&hellip;]\" \/>\n<meta property=\"og:url\" content=\"https:\/\/equalisveterinaria-ne.com.br\/cursos\/quem-indica\/\" \/>\n<meta property=\"og:site_name\" content=\"Equalis Nordeste - Cursos de P\u00f3s Gradua\u00e7\u00e3o em Medicina Veterin\u00e1ria\" \/>\n<meta property=\"article:modified_time\" content=\"2023-05-09T12:56:24+00:00\" \/>\n<meta name=\"twitter:card\" content=\"summary_large_image\" \/>\n<meta name=\"twitter:label1\" content=\"Est. tempo de leitura\" \/>\n\t<meta name=\"twitter:data1\" content=\"4 minutos\" \/>\n<script type=\"application\/ld+json\" class=\"yoast-schema-graph\">{\"@context\":\"https:\/\/schema.org\",\"@graph\":[{\"@type\":\"Organization\",\"@id\":\"https:\/\/equalisveterinaria-ne.com.br\/cursos\/#organization\",\"name\":\"Equalis Veterin\u00e1ria\",\"url\":\"https:\/\/equalisveterinaria-ne.com.br\/cursos\/\",\"sameAs\":[],\"logo\":{\"@type\":\"ImageObject\",\"@id\":\"https:\/\/equalisveterinaria-ne.com.br\/cursos\/#logo\",\"inLanguage\":\"pt-BR\",\"url\":\"https:\/\/equalisveterinaria-ne.com.br\/cursos\/wp-content\/uploads\/2019\/10\/logo-fixed.png\",\"contentUrl\":\"https:\/\/equalisveterinaria-ne.com.br\/cursos\/wp-content\/uploads\/2019\/10\/logo-fixed.png\",\"width\":164,\"height\":49,\"caption\":\"Equalis Veterin\u00e1ria\"},\"image\":{\"@id\":\"https:\/\/equalisveterinaria-ne.com.br\/cursos\/#logo\"}},{\"@type\":\"WebSite\",\"@id\":\"https:\/\/equalisveterinaria-ne.com.br\/cursos\/#website\",\"url\":\"https:\/\/equalisveterinaria-ne.com.br\/cursos\/\",\"name\":\"Equalis Nordeste - Cursos de P\u00f3s Gradua\u00e7\u00e3o em Medicina Veterin\u00e1ria\",\"description\":\"Educa\u00e7\u00e3o em Medicina Veterin\u00e1ria\",\"publisher\":{\"@id\":\"https:\/\/equalisveterinaria-ne.com.br\/cursos\/#organization\"},\"potentialAction\":[{\"@type\":\"SearchAction\",\"target\":{\"@type\":\"EntryPoint\",\"urlTemplate\":\"https:\/\/equalisveterinaria-ne.com.br\/cursos\/?s={search_term_string}\"},\"query-input\":\"required name=search_term_string\"}],\"inLanguage\":\"pt-BR\"},{\"@type\":\"WebPage\",\"@id\":\"https:\/\/equalisveterinaria-ne.com.br\/cursos\/quem-indica\/#webpage\",\"url\":\"https:\/\/equalisveterinaria-ne.com.br\/cursos\/quem-indica\/\",\"name\":\"Quem indica - Equalis Nordeste - Cursos de P\u00f3s Gradua\u00e7\u00e3o em Medicina Veterin\u00e1ria\",\"isPartOf\":{\"@id\":\"https:\/\/equalisveterinaria-ne.com.br\/cursos\/#website\"},\"datePublished\":\"2021-05-05T12:53:05+00:00\",\"dateModified\":\"2023-05-09T12:56:24+00:00\",\"breadcrumb\":{\"@id\":\"https:\/\/equalisveterinaria-ne.com.br\/cursos\/quem-indica\/#breadcrumb\"},\"inLanguage\":\"pt-BR\",\"potentialAction\":[{\"@type\":\"ReadAction\",\"target\":[\"https:\/\/equalisveterinaria-ne.com.br\/cursos\/quem-indica\/\"]}]},{\"@type\":\"BreadcrumbList\",\"@id\":\"https:\/\/equalisveterinaria-ne.com.br\/cursos\/quem-indica\/#breadcrumb\",\"itemListElement\":[{\"@type\":\"ListItem\",\"position\":1,\"name\":\"Home\",\"item\":\"https:\/\/equalisveterinaria-ne.com.br\/cursos\/\"},{\"@type\":\"ListItem\",\"position\":2,\"name\":\"Quem indica\"}]}]}<\/script>\n<!-- \/ Yoast SEO plugin. -->","yoast_head_json":{"title":"Quem indica - Equalis Nordeste - Cursos de P\u00f3s Gradua\u00e7\u00e3o em Medicina Veterin\u00e1ria","robots":{"index":"index","follow":"follow","max-snippet":"max-snippet:-1","max-image-preview":"max-image-preview:large","max-video-preview":"max-video-preview:-1"},"canonical":"https:\/\/equalisveterinaria-ne.com.br\/cursos\/quem-indica\/","og_locale":"pt_BR","og_type":"article","og_title":"Quem indica - Equalis Nordeste - Cursos de P\u00f3s Gradua\u00e7\u00e3o em Medicina Veterin\u00e1ria","og_description":"[vc_row el_class=&#8221;mg-bottom-60&#8243;][vc_column][vc_headings style=&#8221;theme3&#8243; borderclr=&#8221;#000000&#8243; title=&#8221;Quem indica amigo \u00e9&#8221; google_fonts=&#8221;font_family:Oswald%3A300%2Cregular%2C700|font_style:400%20regular%3A400%3Anormal&#8221; titlesize=&#8221;52&#8243; titleclr=&#8221;#000000&#8243;][\/vc_headings][\/vc_column][\/vc_row][vc_row el_class=&#8221;mg-bottom-60&#8243;][vc_column][\/vc_column][\/vc_row][vc_row layout=&#8221;container&#8221;][vc_column width=&#8221;1\/2&#8243; css=&#8221;.vc_custom_1625502212489{background-color: rgba(198,198,198,0.42) !important;*background-color: rgb(198,198,198) !important;border-radius: 5px !important;}&#8221;][vc_empty_space][vc_empty_space height=&#8221;12px&#8221;][vc_column_text]04 PESSOAS INDICADAS \u2013&nbsp;para a p\u00f3s gradua\u00e7\u00e3o veterin\u00e1ria Pr\u00eamio para quem indicou: 04 mensalidades gr\u00e1tis da sua P\u00f3s Equalis (na 4\u00aa, 6\u00aa, 8\u00aa e 10\u00aa mensalidades). Caso quem esteja indicando seja ex-aluno de p\u00f3s-gradua\u00e7\u00e3o [&hellip;]","og_url":"https:\/\/equalisveterinaria-ne.com.br\/cursos\/quem-indica\/","og_site_name":"Equalis Nordeste - Cursos de P\u00f3s Gradua\u00e7\u00e3o em Medicina Veterin\u00e1ria","article_modified_time":"2023-05-09T12:56:24+00:00","twitter_card":"summary_large_image","twitter_misc":{"Est. tempo de leitura":"4 minutos"},"schema":{"@context":"https:\/\/schema.org","@graph":[{"@type":"Organization","@id":"https:\/\/equalisveterinaria-ne.com.br\/cursos\/#organization","name":"Equalis Veterin\u00e1ria","url":"https:\/\/equalisveterinaria-ne.com.br\/cursos\/","sameAs":[],"logo":{"@type":"ImageObject","@id":"https:\/\/equalisveterinaria-ne.com.br\/cursos\/#logo","inLanguage":"pt-BR","url":"https:\/\/equalisveterinaria-ne.com.br\/cursos\/wp-content\/uploads\/2019\/10\/logo-fixed.png","contentUrl":"https:\/\/equalisveterinaria-ne.com.br\/cursos\/wp-content\/uploads\/2019\/10\/logo-fixed.png","width":164,"height":49,"caption":"Equalis Veterin\u00e1ria"},"image":{"@id":"https:\/\/equalisveterinaria-ne.com.br\/cursos\/#logo"}},{"@type":"WebSite","@id":"https:\/\/equalisveterinaria-ne.com.br\/cursos\/#website","url":"https:\/\/equalisveterinaria-ne.com.br\/cursos\/","name":"Equalis Nordeste - Cursos de P\u00f3s Gradua\u00e7\u00e3o em Medicina Veterin\u00e1ria","description":"Educa\u00e7\u00e3o em Medicina Veterin\u00e1ria","publisher":{"@id":"https:\/\/equalisveterinaria-ne.com.br\/cursos\/#organization"},"potentialAction":[{"@type":"SearchAction","target":{"@type":"EntryPoint","urlTemplate":"https:\/\/equalisveterinaria-ne.com.br\/cursos\/?s={search_term_string}"},"query-input":"required name=search_term_string"}],"inLanguage":"pt-BR"},{"@type":"WebPage","@id":"https:\/\/equalisveterinaria-ne.com.br\/cursos\/quem-indica\/#webpage","url":"https:\/\/equalisveterinaria-ne.com.br\/cursos\/quem-indica\/","name":"Quem indica - Equalis Nordeste - Cursos de P\u00f3s Gradua\u00e7\u00e3o em Medicina Veterin\u00e1ria","isPartOf":{"@id":"https:\/\/equalisveterinaria-ne.com.br\/cursos\/#website"},"datePublished":"2021-05-05T12:53:05+00:00","dateModified":"2023-05-09T12:56:24+00:00","breadcrumb":{"@id":"https:\/\/equalisveterinaria-ne.com.br\/cursos\/quem-indica\/#breadcrumb"},"inLanguage":"pt-BR","potentialAction":[{"@type":"ReadAction","target":["https:\/\/equalisveterinaria-ne.com.br\/cursos\/quem-indica\/"]}]},{"@type":"BreadcrumbList","@id":"https:\/\/equalisveterinaria-ne.com.br\/cursos\/quem-indica\/#breadcrumb","itemListElement":[{"@type":"ListItem","position":1,"name":"Home","item":"https:\/\/equalisveterinaria-ne.com.br\/cursos\/"},{"@type":"ListItem","position":2,"name":"Quem indica"}]}]}},"_links":{"self":[{"href":"https:\/\/equalisveterinaria-ne.com.br\/cursos\/wp-json\/wp\/v2\/pages\/20236"}],"collection":[{"href":"https:\/\/equalisveterinaria-ne.com.br\/cursos\/wp-json\/wp\/v2\/pages"}],"about":[{"href":"https:\/\/equalisveterinaria-ne.com.br\/cursos\/wp-json\/wp\/v2\/types\/page"}],"author":[{"embeddable":true,"href":"https:\/\/equalisveterinaria-ne.com.br\/cursos\/wp-json\/wp\/v2\/users\/1"}],"replies":[{"embeddable":true,"href":"https:\/\/equalisveterinaria-ne.com.br\/cursos\/wp-json\/wp\/v2\/comments?post=20236"}],"version-history":[{"count":16,"href":"https:\/\/equalisveterinaria-ne.com.br\/cursos\/wp-json\/wp\/v2\/pages\/20236\/revisions"}],"predecessor-version":[{"id":31971,"href":"https:\/\/equalisveterinaria-ne.com.br\/cursos\/wp-json\/wp\/v2\/pages\/20236\/revisions\/31971"}],"wp:attachment":[{"href":"https:\/\/equalisveterinaria-ne.com.br\/cursos\/wp-json\/wp\/v2\/media?parent=20236"}],"curies":[{"name":"wp","href":"https:\/\/api.w.org\/{rel}","templated":true}]}}