{"id":20275,"date":"2021-05-08T09:11:55","date_gmt":"2021-05-08T09:11:55","guid":{"rendered":"https:\/\/equalisveterinaria-ne.com.br\/?page_id=20275"},"modified":"2021-08-13T15:39:57","modified_gmt":"2021-08-13T18:39:57","slug":"nossos-cursos","status":"publish","type":"page","link":"https:\/\/equalisveterinaria-ne.com.br\/cursos\/nossos-cursos\/","title":{"rendered":"Nossos cursos"},"content":{"rendered":"<p>[vc_row][vc_column]<div class=\"woocommerce columns-2 \"><div class=\"product-listing woocommerce clearfix  columns-2\">\n<div class=\"product-item-wrap post product type-product post-29891 status-publish first outofstock product_cat-black-week product_cat-pos-graduacao product_cat-cursos-populares has-post-thumbnail featured virtual sold-individually purchasable product-type-simple\">\n\n    <div class=\"product-item-inner\">\n        <div class=\"product-thumb\">\n            <a class=\"product-link p-bg-rgba\" href=\"https:\/\/equalisveterinaria-ne.com.br\/cursos\/loja\/cursos\/pos-graduacao\/pos-graduacao-em-clinica-medica-e-cirurgica-de-pequenos-animais-fortaleza-3\/\"><\/a>\t\t\t<div class=\"product-actions\">\n\t\t\t\t<span class=\"comment-count\">\n    <i class=\"fa fa-comments-o s-color pd-right-5\"><\/i>\n    8<\/span>\t\t\t<\/div>\n        <\/div>\n        <div class=\"product-info\">\n\n            \n\t<span class=\"price\"><span class=\"woocommerce-Price-amount amount\"><span class=\"woocommerce-Price-currencySymbol\">&#82;&#36;<\/span>175,00<\/span> inscri\u00e7\u00e3o<\/span>\n<div class=\"course-meta\">\n                <span class=\"pd-right-20\">\n            <i class=\"fa fa-calendar s-color pd-right-5\"><\/i>24 meses        <\/span>\n                    <span  class=\"pd-right-20\">\n            <i class=\"fa fa-graduation-cap s-color pd-right-5\"><\/i> P\u00f3s-gradua\u00e7\u00e3o Presencial         <\/span>\n    <\/div>\n\n<div class=\"excerpt\">\n    <ul>\n<li><strong>Inscri\u00e7\u00e3o<\/strong> :R$ 175,00<\/li>\n<li><strong>In\u00edcio previsto: <\/strong>14\/07\/2023<\/li>\n<li><strong>Curso Presencial<\/strong><\/li>\n<\/ul>\n<p><strong>&nbsp; &nbsp;<\/strong><\/p>\n<\/div>\n<div class=\"button-view-more\">\n    <a href=\"https:\/\/equalisveterinaria-ne.com.br\/cursos\/loja\/cursos\/pos-graduacao\/pos-graduacao-em-clinica-medica-e-cirurgica-de-pequenos-animais-fortaleza-3\/\" class=\"bt bt-md bt-bg bt-tertiary\">Inscreva-Se Agora<\/a>\n<\/div>        <\/div>\n    <\/div>\n<\/div>\n\n<div class=\"product-item-wrap post product type-product post-31697 status-publish last outofstock product_cat-cursos product_cat-pos-graduacao has-post-thumbnail sold-individually shipping-taxable purchasable product-type-simple\">\n\n    <div class=\"product-item-inner\">\n        <div class=\"product-thumb\">\n            <a class=\"product-link p-bg-rgba\" href=\"https:\/\/equalisveterinaria-ne.com.br\/cursos\/loja\/cursos\/pos-graduacao\/curso-de-pos-graduacao-em-clinica-medica-e-cirurgica-de-pequenos-animais-natal\/\"><\/a>\t\t\t<div class=\"product-actions\">\n\t\t\t\t<span class=\"comment-count\">\n    <i class=\"fa fa-comments-o s-color pd-right-5\"><\/i>\n    8<\/span>\t\t\t<\/div>\n        <\/div>\n        <div class=\"product-info\">\n\n            \n\t<span class=\"price\"><span class=\"woocommerce-Price-amount amount\"><span class=\"woocommerce-Price-currencySymbol\">&#82;&#36;<\/span>175,00<\/span> inscri\u00e7\u00e3o<\/span>\n<div class=\"course-meta\">\n                <span class=\"pd-right-20\">\n            <i class=\"fa fa-calendar s-color pd-right-5\"><\/i>24 meses        <\/span>\n            <\/div>\n\n<div class=\"excerpt\">\n    <ul>\n<li><strong>Inscri\u00e7\u00e3o<\/strong> :R$ 175,00<\/li>\n<li><strong>In\u00edcio previsto: <\/strong>15\/09\/2023<\/li>\n<li><strong>Curso Presencial<\/strong><\/li>\n<\/ul>\n<p><strong>&nbsp; &nbsp;<\/strong><\/p>\n<\/div>\n<div class=\"button-view-more\">\n    <a href=\"https:\/\/equalisveterinaria-ne.com.br\/cursos\/loja\/cursos\/pos-graduacao\/curso-de-pos-graduacao-em-clinica-medica-e-cirurgica-de-pequenos-animais-natal\/\" class=\"bt bt-md bt-bg bt-tertiary\">Inscreva-Se Agora<\/a>\n<\/div>        <\/div>\n    <\/div>\n<\/div>\n\n<div class=\"product-item-wrap post product type-product post-31955 status-publish first outofstock product_cat-cursos product_cat-cursos-populares product_cat-cursos-pos-graduacao-hibrido has-post-thumbnail sold-individually shipping-taxable purchasable product-type-simple\">\n\n    <div class=\"product-item-inner\">\n        <div class=\"product-thumb\">\n            <a class=\"product-link p-bg-rgba\" href=\"https:\/\/equalisveterinaria-ne.com.br\/cursos\/loja\/cursos\/cursos-pos-graduacao-hibrido\/curso-de-pos-graduacao-em-nutrologia-e-nutricao-de-pequenos-animais-semipresencial\/\"><\/a>\t\t\t<div class=\"product-actions\">\n\t\t\t\t<span class=\"comment-count\">\n    <i class=\"fa fa-comments-o s-color pd-right-5\"><\/i>\n    8<\/span>\t\t\t<\/div>\n        <\/div>\n        <div class=\"product-info\">\n\n            \n\t<span class=\"price\"><span class=\"woocommerce-Price-amount amount\"><span class=\"woocommerce-Price-currencySymbol\">&#82;&#36;<\/span>175,00<\/span> inscri\u00e7\u00e3o<\/span>\n<div class=\"course-meta\">\n                <span class=\"pd-right-20\">\n            <i class=\"fa fa-calendar s-color pd-right-5\"><\/i>24 meses        <\/span>\n            <\/div>\n\n<div class=\"excerpt\">\n    <ul>\n<li><strong>Inscri\u00e7\u00e3o<\/strong>&nbsp;:R$ 175,00<\/li>\n<li><strong>In\u00edcio previsto: <\/strong>08\/03\/2024<\/li>\n<li><strong>Curso semipresencial<\/strong><\/li>\n<\/ul>\n<\/div>\n<div class=\"button-view-more\">\n    <a href=\"https:\/\/equalisveterinaria-ne.com.br\/cursos\/loja\/cursos\/cursos-pos-graduacao-hibrido\/curso-de-pos-graduacao-em-nutrologia-e-nutricao-de-pequenos-animais-semipresencial\/\" class=\"bt bt-md bt-bg bt-tertiary\">Inscreva-Se Agora<\/a>\n<\/div>        <\/div>\n    <\/div>\n<\/div>\n\n<div class=\"product-item-wrap post product type-product post-32491 status-publish last outofstock product_cat-cursos-pos-graduacao-hibrido product_tag-cardiologia product_tag-pos-graduacao has-post-thumbnail featured sold-individually shipping-taxable purchasable product-type-simple\">\n\n    <div class=\"product-item-inner\">\n        <div class=\"product-thumb\">\n            <a class=\"product-link p-bg-rgba\" href=\"https:\/\/equalisveterinaria-ne.com.br\/cursos\/loja\/cursos\/cursos-pos-graduacao-hibrido\/curso-de-pos-graduacao-semipresencial-em-cardiologia-veterinaria-em-caes-e-gatos\/\"><\/a>\t\t\t<div class=\"product-actions\">\n\t\t\t\t<span class=\"comment-count\">\n    <i class=\"fa fa-comments-o s-color pd-right-5\"><\/i>\n    8<\/span>\t\t\t<\/div>\n        <\/div>\n        <div class=\"product-info\">\n\n            \n\t<span class=\"price\"><span class=\"woocommerce-Price-amount amount\"><span class=\"woocommerce-Price-currencySymbol\">&#82;&#36;<\/span>175,00<\/span> inscri\u00e7\u00e3o<\/span>\n<div class=\"course-meta\">\n                <span class=\"pd-right-20\">\n            <i class=\"fa fa-calendar s-color pd-right-5\"><\/i>24 meses        <\/span>\n                    <span  class=\"pd-right-20\">\n            <i class=\"fa fa-graduation-cap s-color pd-right-5\"><\/i>  P\u00f3s-gradua\u00e7\u00e3o Semipresencial         <\/span>\n    <\/div>\n\n<div class=\"excerpt\">\n    <ul>\n<li><strong>Inscri\u00e7\u00e3o<\/strong> :R$ 175,00<\/li>\n<li><strong>In\u00edcio previsto: <\/strong>20\/03\/2024<\/li>\n<li><strong>Curso semipresencial<\/strong><\/li>\n<\/ul>\n<p>&nbsp;<\/p>\n<\/div>\n<div class=\"button-view-more\">\n    <a href=\"https:\/\/equalisveterinaria-ne.com.br\/cursos\/loja\/cursos\/cursos-pos-graduacao-hibrido\/curso-de-pos-graduacao-semipresencial-em-cardiologia-veterinaria-em-caes-e-gatos\/\" class=\"bt bt-md bt-bg bt-tertiary\">Inscreva-Se Agora<\/a>\n<\/div>        <\/div>\n    <\/div>\n<\/div>\n\n<div class=\"product-item-wrap post product type-product post-32438 status-publish first outofstock product_cat-cursos product_cat-cursos-populares product_cat-cursos-pos-graduacao-hibrido has-post-thumbnail sold-individually shipping-taxable purchasable product-type-simple\">\n\n    <div class=\"product-item-inner\">\n        <div class=\"product-thumb\">\n            <a class=\"product-link p-bg-rgba\" href=\"https:\/\/equalisveterinaria-ne.com.br\/cursos\/loja\/cursos\/cursos-pos-graduacao-hibrido\/curso-de-pos-graduacao-em-patologia-clinica-de-animais-domesticos\/\"><\/a>\t\t\t<div class=\"product-actions\">\n\t\t\t\t<span class=\"comment-count\">\n    <i class=\"fa fa-comments-o s-color pd-right-5\"><\/i>\n    8<\/span>\t\t\t<\/div>\n        <\/div>\n        <div class=\"product-info\">\n\n            \n\t<span class=\"price\"><span class=\"woocommerce-Price-amount amount\"><span class=\"woocommerce-Price-currencySymbol\">&#82;&#36;<\/span>175,00<\/span> inscri\u00e7\u00e3o<\/span>\n<div class=\"course-meta\">\n                <span class=\"pd-right-20\">\n            <i class=\"fa fa-calendar s-color pd-right-5\"><\/i>24 meses        <\/span>\n            <\/div>\n\n<div class=\"excerpt\">\n    <ul>\n<li><strong>Inscri\u00e7\u00e3o<\/strong>&nbsp;:R$ 175,00<\/li>\n<li><strong>In\u00edcio previsto: <\/strong>22\/03\/2024<\/li>\n<li><strong>Curso semipresencial<\/strong><\/li>\n<\/ul>\n<\/div>\n<div class=\"button-view-more\">\n    <a href=\"https:\/\/equalisveterinaria-ne.com.br\/cursos\/loja\/cursos\/cursos-pos-graduacao-hibrido\/curso-de-pos-graduacao-em-patologia-clinica-de-animais-domesticos\/\" class=\"bt bt-md bt-bg bt-tertiary\">Inscreva-Se Agora<\/a>\n<\/div>        <\/div>\n    <\/div>\n<\/div>\n\n<div class=\"product-item-wrap post product type-product post-32485 status-publish last outofstock product_cat-cursos product_cat-cursos-populares product_cat-cursos-pos-graduacao-hibrido has-post-thumbnail sold-individually shipping-taxable purchasable product-type-simple\">\n\n    <div class=\"product-item-inner\">\n        <div class=\"product-thumb\">\n            <a class=\"product-link p-bg-rgba\" href=\"https:\/\/equalisveterinaria-ne.com.br\/cursos\/loja\/cursos\/cursos-pos-graduacao-hibrido\/curso-de-pos-graduacao-em-patologia-clinica-de-animais-domesticos-recife\/\"><\/a>\t\t\t<div class=\"product-actions\">\n\t\t\t\t<span class=\"comment-count\">\n    <i class=\"fa fa-comments-o s-color pd-right-5\"><\/i>\n    8<\/span>\t\t\t<\/div>\n        <\/div>\n        <div class=\"product-info\">\n\n            \n\t<span class=\"price\"><span class=\"woocommerce-Price-amount amount\"><span class=\"woocommerce-Price-currencySymbol\">&#82;&#36;<\/span>175,00<\/span> inscri\u00e7\u00e3o<\/span>\n<div class=\"course-meta\">\n                <span class=\"pd-right-20\">\n            <i class=\"fa fa-calendar s-color pd-right-5\"><\/i>24 meses        <\/span>\n            <\/div>\n\n<div class=\"excerpt\">\n    <ul>\n<li><strong>Inscri\u00e7\u00e3o<\/strong>&nbsp;:R$ 175,00<\/li>\n<li><strong>In\u00edcio previsto: <\/strong>22\/03\/2024<\/li>\n<li><strong>Curso semipresencial<\/strong><\/li>\n<\/ul>\n<\/div>\n<div class=\"button-view-more\">\n    <a href=\"https:\/\/equalisveterinaria-ne.com.br\/cursos\/loja\/cursos\/cursos-pos-graduacao-hibrido\/curso-de-pos-graduacao-em-patologia-clinica-de-animais-domesticos-recife\/\" class=\"bt bt-md bt-bg bt-tertiary\">Inscreva-Se Agora<\/a>\n<\/div>        <\/div>\n    <\/div>\n<\/div>\n\n<\/div>\n<\/div>[\/vc_column][\/vc_row]<\/p>\n","protected":false},"excerpt":{"rendered":"<p>[vc_row][vc_column][\/vc_column][\/vc_row]<\/p>\n","protected":false},"author":8,"featured_media":0,"parent":0,"menu_order":0,"comment_status":"closed","ping_status":"closed","template":"","meta":{"ngg_post_thumbnail":0},"acf":[],"yoast_head":"<!-- This site is optimized with the Yoast SEO plugin v18.4.1 - https:\/\/yoast.com\/wordpress\/plugins\/seo\/ -->\n<title>Nossos cursos - Equalis Nordeste - Cursos de P\u00f3s Gradua\u00e7\u00e3o em Medicina Veterin\u00e1ria<\/title>\n<meta name=\"robots\" content=\"index, follow, max-snippet:-1, max-image-preview:large, max-video-preview:-1\" \/>\n<link rel=\"canonical\" href=\"https:\/\/equalisveterinaria-ne.com.br\/cursos\/nossos-cursos\/\" \/>\n<meta property=\"og:locale\" content=\"pt_BR\" \/>\n<meta property=\"og:type\" content=\"article\" \/>\n<meta property=\"og:title\" content=\"Nossos cursos - Equalis Nordeste - Cursos de P\u00f3s Gradua\u00e7\u00e3o em Medicina Veterin\u00e1ria\" \/>\n<meta property=\"og:description\" content=\"[vc_row][vc_column][\/vc_column][\/vc_row]\" \/>\n<meta property=\"og:url\" content=\"https:\/\/equalisveterinaria-ne.com.br\/cursos\/nossos-cursos\/\" \/>\n<meta property=\"og:site_name\" content=\"Equalis Nordeste - Cursos de P\u00f3s Gradua\u00e7\u00e3o em Medicina Veterin\u00e1ria\" \/>\n<meta property=\"article:modified_time\" content=\"2021-08-13T18:39:57+00:00\" \/>\n<meta name=\"twitter:card\" content=\"summary_large_image\" \/>\n<script type=\"application\/ld+json\" class=\"yoast-schema-graph\">{\"@context\":\"https:\/\/schema.org\",\"@graph\":[{\"@type\":\"Organization\",\"@id\":\"https:\/\/equalisveterinaria-ne.com.br\/cursos\/#organization\",\"name\":\"Equalis Veterin\u00e1ria\",\"url\":\"https:\/\/equalisveterinaria-ne.com.br\/cursos\/\",\"sameAs\":[],\"logo\":{\"@type\":\"ImageObject\",\"@id\":\"https:\/\/equalisveterinaria-ne.com.br\/cursos\/#logo\",\"inLanguage\":\"pt-BR\",\"url\":\"https:\/\/equalisveterinaria-ne.com.br\/cursos\/wp-content\/uploads\/2019\/10\/logo-fixed.png\",\"contentUrl\":\"https:\/\/equalisveterinaria-ne.com.br\/cursos\/wp-content\/uploads\/2019\/10\/logo-fixed.png\",\"width\":164,\"height\":49,\"caption\":\"Equalis Veterin\u00e1ria\"},\"image\":{\"@id\":\"https:\/\/equalisveterinaria-ne.com.br\/cursos\/#logo\"}},{\"@type\":\"WebSite\",\"@id\":\"https:\/\/equalisveterinaria-ne.com.br\/cursos\/#website\",\"url\":\"https:\/\/equalisveterinaria-ne.com.br\/cursos\/\",\"name\":\"Equalis Nordeste - Cursos de P\u00f3s Gradua\u00e7\u00e3o em Medicina Veterin\u00e1ria\",\"description\":\"Educa\u00e7\u00e3o em Medicina Veterin\u00e1ria\",\"publisher\":{\"@id\":\"https:\/\/equalisveterinaria-ne.com.br\/cursos\/#organization\"},\"potentialAction\":[{\"@type\":\"SearchAction\",\"target\":{\"@type\":\"EntryPoint\",\"urlTemplate\":\"https:\/\/equalisveterinaria-ne.com.br\/cursos\/?s={search_term_string}\"},\"query-input\":\"required name=search_term_string\"}],\"inLanguage\":\"pt-BR\"},{\"@type\":\"WebPage\",\"@id\":\"https:\/\/equalisveterinaria-ne.com.br\/cursos\/nossos-cursos\/#webpage\",\"url\":\"https:\/\/equalisveterinaria-ne.com.br\/cursos\/nossos-cursos\/\",\"name\":\"Nossos cursos - Equalis Nordeste - Cursos de P\u00f3s Gradua\u00e7\u00e3o em Medicina Veterin\u00e1ria\",\"isPartOf\":{\"@id\":\"https:\/\/equalisveterinaria-ne.com.br\/cursos\/#website\"},\"datePublished\":\"2021-05-08T09:11:55+00:00\",\"dateModified\":\"2021-08-13T18:39:57+00:00\",\"breadcrumb\":{\"@id\":\"https:\/\/equalisveterinaria-ne.com.br\/cursos\/nossos-cursos\/#breadcrumb\"},\"inLanguage\":\"pt-BR\",\"potentialAction\":[{\"@type\":\"ReadAction\",\"target\":[\"https:\/\/equalisveterinaria-ne.com.br\/cursos\/nossos-cursos\/\"]}]},{\"@type\":\"BreadcrumbList\",\"@id\":\"https:\/\/equalisveterinaria-ne.com.br\/cursos\/nossos-cursos\/#breadcrumb\",\"itemListElement\":[{\"@type\":\"ListItem\",\"position\":1,\"name\":\"Home\",\"item\":\"https:\/\/equalisveterinaria-ne.com.br\/cursos\/\"},{\"@type\":\"ListItem\",\"position\":2,\"name\":\"Nossos cursos\"}]}]}<\/script>\n<!-- \/ Yoast SEO plugin. -->","yoast_head_json":{"title":"Nossos cursos - Equalis Nordeste - Cursos de P\u00f3s Gradua\u00e7\u00e3o em Medicina Veterin\u00e1ria","robots":{"index":"index","follow":"follow","max-snippet":"max-snippet:-1","max-image-preview":"max-image-preview:large","max-video-preview":"max-video-preview:-1"},"canonical":"https:\/\/equalisveterinaria-ne.com.br\/cursos\/nossos-cursos\/","og_locale":"pt_BR","og_type":"article","og_title":"Nossos cursos - Equalis Nordeste - Cursos de P\u00f3s Gradua\u00e7\u00e3o em Medicina Veterin\u00e1ria","og_description":"[vc_row][vc_column][\/vc_column][\/vc_row]","og_url":"https:\/\/equalisveterinaria-ne.com.br\/cursos\/nossos-cursos\/","og_site_name":"Equalis Nordeste - Cursos de P\u00f3s Gradua\u00e7\u00e3o em Medicina Veterin\u00e1ria","article_modified_time":"2021-08-13T18:39:57+00:00","twitter_card":"summary_large_image","schema":{"@context":"https:\/\/schema.org","@graph":[{"@type":"Organization","@id":"https:\/\/equalisveterinaria-ne.com.br\/cursos\/#organization","name":"Equalis Veterin\u00e1ria","url":"https:\/\/equalisveterinaria-ne.com.br\/cursos\/","sameAs":[],"logo":{"@type":"ImageObject","@id":"https:\/\/equalisveterinaria-ne.com.br\/cursos\/#logo","inLanguage":"pt-BR","url":"https:\/\/equalisveterinaria-ne.com.br\/cursos\/wp-content\/uploads\/2019\/10\/logo-fixed.png","contentUrl":"https:\/\/equalisveterinaria-ne.com.br\/cursos\/wp-content\/uploads\/2019\/10\/logo-fixed.png","width":164,"height":49,"caption":"Equalis Veterin\u00e1ria"},"image":{"@id":"https:\/\/equalisveterinaria-ne.com.br\/cursos\/#logo"}},{"@type":"WebSite","@id":"https:\/\/equalisveterinaria-ne.com.br\/cursos\/#website","url":"https:\/\/equalisveterinaria-ne.com.br\/cursos\/","name":"Equalis Nordeste - Cursos de P\u00f3s Gradua\u00e7\u00e3o em Medicina Veterin\u00e1ria","description":"Educa\u00e7\u00e3o em Medicina Veterin\u00e1ria","publisher":{"@id":"https:\/\/equalisveterinaria-ne.com.br\/cursos\/#organization"},"potentialAction":[{"@type":"SearchAction","target":{"@type":"EntryPoint","urlTemplate":"https:\/\/equalisveterinaria-ne.com.br\/cursos\/?s={search_term_string}"},"query-input":"required name=search_term_string"}],"inLanguage":"pt-BR"},{"@type":"WebPage","@id":"https:\/\/equalisveterinaria-ne.com.br\/cursos\/nossos-cursos\/#webpage","url":"https:\/\/equalisveterinaria-ne.com.br\/cursos\/nossos-cursos\/","name":"Nossos cursos - Equalis Nordeste - Cursos de P\u00f3s Gradua\u00e7\u00e3o em Medicina Veterin\u00e1ria","isPartOf":{"@id":"https:\/\/equalisveterinaria-ne.com.br\/cursos\/#website"},"datePublished":"2021-05-08T09:11:55+00:00","dateModified":"2021-08-13T18:39:57+00:00","breadcrumb":{"@id":"https:\/\/equalisveterinaria-ne.com.br\/cursos\/nossos-cursos\/#breadcrumb"},"inLanguage":"pt-BR","potentialAction":[{"@type":"ReadAction","target":["https:\/\/equalisveterinaria-ne.com.br\/cursos\/nossos-cursos\/"]}]},{"@type":"BreadcrumbList","@id":"https:\/\/equalisveterinaria-ne.com.br\/cursos\/nossos-cursos\/#breadcrumb","itemListElement":[{"@type":"ListItem","position":1,"name":"Home","item":"https:\/\/equalisveterinaria-ne.com.br\/cursos\/"},{"@type":"ListItem","position":2,"name":"Nossos cursos"}]}]}},"_links":{"self":[{"href":"https:\/\/equalisveterinaria-ne.com.br\/cursos\/wp-json\/wp\/v2\/pages\/20275"}],"collection":[{"href":"https:\/\/equalisveterinaria-ne.com.br\/cursos\/wp-json\/wp\/v2\/pages"}],"about":[{"href":"https:\/\/equalisveterinaria-ne.com.br\/cursos\/wp-json\/wp\/v2\/types\/page"}],"author":[{"embeddable":true,"href":"https:\/\/equalisveterinaria-ne.com.br\/cursos\/wp-json\/wp\/v2\/users\/8"}],"replies":[{"embeddable":true,"href":"https:\/\/equalisveterinaria-ne.com.br\/cursos\/wp-json\/wp\/v2\/comments?post=20275"}],"version-history":[{"count":3,"href":"https:\/\/equalisveterinaria-ne.com.br\/cursos\/wp-json\/wp\/v2\/pages\/20275\/revisions"}],"predecessor-version":[{"id":32545,"href":"https:\/\/equalisveterinaria-ne.com.br\/cursos\/wp-json\/wp\/v2\/pages\/20275\/revisions\/32545"}],"wp:attachment":[{"href":"https:\/\/equalisveterinaria-ne.com.br\/cursos\/wp-json\/wp\/v2\/media?parent=20275"}],"curies":[{"name":"wp","href":"https:\/\/api.w.org\/{rel}","templated":true}]}}