{"id":29410,"date":"2021-05-08T07:28:19","date_gmt":"2021-05-08T07:28:19","guid":{"rendered":"https:\/\/equalisveterinaria-ne.com.br\/?page_id=738"},"modified":"2023-03-16T21:24:00","modified_gmt":"2023-03-17T00:24:00","slug":"contato-2","status":"publish","type":"page","link":"https:\/\/equalisveterinaria-ne.com.br\/cursos\/contato-2\/","title":{"rendered":"Contato"},"content":{"rendered":"<p>[vc_row layout=&#8221;container&#8221; el_class=&#8221;mg-bottom-100&#8243;][vc_column width=&#8221;1\/4&#8243; el_class=&#8221;col-md-3 col-sm-6 sm-mg-bottom-50&#8243;]\t\t\t<div class=\"iconbox style3 color-dark \" >\n                <div style=\"background-color: #fdbb43\">\n                                                <i class=\"fa fa-map-marker\"><\/i>\n                                        <\/div>\n                                <a class=\"p-font heading-color\" title=\"ENDERE\u00c7O\" target=\"_self\" href=\"#\">ENDERE\u00c7O<\/a>\n                                <p>Av. Mal. Mascarenhas de Morais, 4524 - Ibura, Recife - PE, 51210-000<br \/>\n<\/p>\n                \t\t\t<\/div>\n            [\/vc_column][vc_column width=&#8221;1\/4&#8243; el_class=&#8221;col-md-3 col-sm-6 sm-mg-bottom-50&#8243;]\t\t\t<div class=\"iconbox style3 color-dark \" >\n                <div style=\"background-color: #ed8d37\">\n                                                <i class=\"fa fa-phone\"><\/i>\n                                        <\/div>\n                                <a class=\"p-font heading-color\" title=\"Equalis NE\" target=\"_self\" href=\"#\">Equalis NE<\/a>\n                                <p>Telefone \u2013 (81) 3797-0156<br \/>\nWhatsApp \u2013(81) 9.9687-0518<\/p>\n                \t\t\t<\/div>\n            [\/vc_column][vc_column width=&#8221;1\/4&#8243; el_class=&#8221;col-md-3 col-sm-6 sm-mg-bottom-50&#8243;]\t\t\t<div class=\"iconbox style3 color-dark \" >\n                <div style=\"background-color: #925dab\">\n                                                <i class=\"fas fa-phone-volume\"><\/i>\n                                        <\/div>\n                                <a class=\"p-font heading-color\" title=\"Equalis Sul\" target=\"_self\" href=\"#\">Equalis Sul<\/a>\n                                <p>Telefone \u2013 (41) 3357-2852<br \/>\nWhattsApp \u2013 (41) 9.8893-5825<\/p>\n                \t\t\t<\/div>\n            [\/vc_column][vc_column width=&#8221;1\/4&#8243; el_class=&#8221;col-md-3 col-sm-6&#8243;]\t\t\t<div class=\"iconbox style3 color-dark \" >\n                <div style=\"background-color: #5f2f73\">\n                                                <i class=\"fa fa-envelope-o\"><\/i>\n                                        <\/div>\n                                <a class=\"p-font heading-color\" title=\"EMAIL\" target=\"_self\" href=\"#\">EMAIL<\/a>\n                                <p>atendimento@equalisveterinaria-ne.com.br<\/p>\n                \t\t\t<\/div>\n            [\/vc_column][\/vc_row][vc_row][vc_column][vc_raw_html]JTNDaWZyYW1lJTIwc3JjJTNEJTIyaHR0cHMlM0ElMkYlMkZ3d3cuZ29vZ2xlLmNvbSUyRm1hcHMlMkZlbWJlZCUzRnBiJTNEJTIxMW0xOCUyMTFtMTIlMjExbTMlMjExZDM5NTAuMDY0MjIwOTg1NjkxNSUyMTJkLTM0LjkxMTM5OTU0OTE2Nzc3NiUyMTNkLTguMDk0OTMzNjgzMTcwNTk3JTIxMm0zJTIxMWYwJTIxMmYwJTIxM2YwJTIxM20yJTIxMWkxMDI0JTIxMmk3NjglMjE0ZjEzLjElMjEzbTMlMjExbTIlMjExczB4N2FiMWY4YzQxMzhkZTQxJTI1M0EweDUzMzczMWRlMzZmZTJiMDclMjEyc0F2LiUyNTIwTWFsLiUyNTIwTWFzY2FyZW5oYXMlMjUyMGRlJTI1MjBNb3JhaXMlMjUyQyUyNTIwNDUyNCUyNTIwLSUyNTIwSW1iaXJpYmVpcmElMjUyQyUyNTIwUmVjaWZlJTI1MjAtJTI1MjBQRSUyNTJDJTI1MjA1MTIwMC0wMDAlMjE1ZTAlMjEzbTIlMjExc3B0LUJSJTIxMnNiciUyMTR2MTY3OTAxMjU4NDg4OCUyMTVtMiUyMTFzcHQtQlIlMjEyc2JyJTIyJTIwd2lkdGglM0QlMjIxMDAlMjUlMjIlMjBoZWlnaHQlM0QlMjI0NTAlMjIlMjBzdHlsZSUzRCUyMmJvcmRlciUzQTAlM0IlMjIlMjBhbGxvd2Z1bGxzY3JlZW4lM0QlMjIlMjIlMjBsb2FkaW5nJTNEJTIybGF6eSUyMiUzRSUzQyUyRmlmcmFtZSUzRSUwQQ==[\/vc_raw_html][\/vc_column][\/vc_row][vc_row layout=&#8221;container&#8221; el_class=&#8221;mg-top-100&#8243;][vc_column]            <div class=\"heading color-dark text-center mg-bottom-60\" >\n                                    <span class=\"s-color\"><i class=\"fa fa-star\"><\/i><\/span>\n                                                <h2 class=\"heading-color fs-38\">\n                    ENVIE UMA MENSAGEM                <\/h2>\n                                <p class=\"fs-14\">\n                    Sinta-se \u00e0 vontade para nos enviar mensagens                <\/p>\n                            <\/div>\n            [\/vc_column][\/vc_row][vc_row layout=&#8221;container&#8221; el_class=&#8221;mg-bottom-140&#8243;][vc_column el_class=&#8221;col-md-8 col-sm-12 col-md-offset-2&#8243;]<div role=\"form\" class=\"wpcf7\" id=\"wpcf7-f103-o1\" lang=\"pt-BR\" dir=\"ltr\">\n<div class=\"screen-reader-response\"><p role=\"status\" aria-live=\"polite\" aria-atomic=\"true\"><\/p> <ul><\/ul><\/div>\n<form action=\"\/cursos\/wp-json\/wp\/v2\/pages\/29410#wpcf7-f103-o1\" method=\"post\" class=\"wpcf7-form init\" novalidate=\"novalidate\" data-status=\"init\">\n<div style=\"display: none;\">\n<input type=\"hidden\" name=\"_wpcf7\" value=\"103\" \/>\n<input type=\"hidden\" name=\"_wpcf7_version\" value=\"5.4.2\" \/>\n<input type=\"hidden\" name=\"_wpcf7_locale\" value=\"pt_BR\" \/>\n<input type=\"hidden\" name=\"_wpcf7_unit_tag\" value=\"wpcf7-f103-o1\" \/>\n<input type=\"hidden\" name=\"_wpcf7_container_post\" value=\"0\" \/>\n<input type=\"hidden\" name=\"_wpcf7_posted_data_hash\" value=\"\" \/>\n<\/div>\n<p>A Equalis est\u00e1 a sua disposi\u00e7\u00e3o para esclarecer d\u00favidas e oferecer<br \/>\ninforma\u00e7\u00f5es mais detalhadas sobre a institui\u00e7\u00e3o e seus cursos.<br \/>\n<br>Para sua maior comodidade, oferecemos alguns contatos diretos para agilizar<br \/>\na resposta ao seu contato.<br \/>\nPara enviar uma mensagem preencha todos os campos abaixo:<\/p>\n<div class=\"campo campo-nome\"><span class=\"wpcf7-form-control-wrap nome-contato\"><input type=\"text\" name=\"nome-contato\" value=\"\" size=\"40\" class=\"wpcf7-form-control wpcf7-text wpcf7-validates-as-required nome-contato\" id=\"nome-contato\" aria-required=\"true\" aria-invalid=\"false\" placeholder=\"Nome\" \/><\/span><\/div>\n<p><br><\/p>\n<div class=\"campo campo-email\"><span class=\"wpcf7-form-control-wrap email-contato\"><input type=\"email\" name=\"email-contato\" value=\"\" size=\"40\" class=\"wpcf7-form-control wpcf7-text wpcf7-email wpcf7-validates-as-required wpcf7-validates-as-email email-contato\" id=\"email-contato\" aria-required=\"true\" aria-invalid=\"false\" placeholder=\"E-mail\" \/><\/span><\/div>\n<p><br><\/p>\n<div class=\"campo campo-telefone\"><span class=\"wpcf7-form-control-wrap telefone-contato\"><input type=\"tel\" name=\"telefone-contato\" value=\"\" size=\"40\" class=\"wpcf7-form-control wpcf7-text wpcf7-tel wpcf7-validates-as-required wpcf7-validates-as-tel telefone-contato\" id=\"telefone-contato\" aria-required=\"true\" aria-invalid=\"false\" placeholder=\"Telefone\" \/><\/span><\/div>\n<p><br><\/p>\n<div class=\"campo campo-uf campo-quarter\"><span class=\"wpcf7-form-control-wrap uf-contato\"><select name=\"uf-contato\" class=\"wpcf7-form-control wpcf7-select wpcf7-validates-as-required uf-contato\" id=\"uf-contato\" aria-required=\"true\" aria-invalid=\"false\"><option value=\"AC\">AC<\/option><option value=\"AL\">AL<\/option><option value=\"AP\">AP<\/option><option value=\"AM\">AM<\/option><option value=\"BA\">BA<\/option><option value=\"CE\">CE<\/option><option value=\"DF\">DF<\/option><option value=\"ES\">ES<\/option><option value=\"GO\">GO<\/option><option value=\"MA\">MA<\/option><option value=\"MT\">MT<\/option><option value=\"MS\">MS<\/option><option value=\"MG\">MG<\/option><option value=\"PA\">PA<\/option><option value=\"PB\">PB<\/option><option value=\"PR\">PR<\/option><option value=\"PE\">PE<\/option><option value=\"PI\">PI<\/option><option value=\"RJ\">RJ<\/option><option value=\"RN\">RN<\/option><option value=\"RS\">RS<\/option><option value=\"RO\">RO<\/option><option value=\"RR\">RR<\/option><option value=\"SC\">SC<\/option><option value=\"SP\">SP<\/option><option value=\"SE\">SE<\/option><option value=\"TO\">TO<\/option><\/select><\/span><\/div>\n<p><br><\/p>\n<div class=\"campo campo-cidade campo-quarter\"><span class=\"wpcf7-form-control-wrap cidade-contato\"><input type=\"text\" name=\"cidade-contato\" value=\"\" size=\"40\" class=\"wpcf7-form-control wpcf7-text wpcf7-validates-as-required cidade-contato\" id=\"cidade-contato\" aria-required=\"true\" aria-invalid=\"false\" placeholder=\"Cidade\" \/><\/span><\/div>\n<p><br><\/p>\n<div class=\"campo campo-assunto\"><span class=\"wpcf7-form-control-wrap assunto-contato\"><select name=\"assunto-contato\" class=\"wpcf7-form-control wpcf7-select wpcf7-validates-as-required assunto-contato\" id=\"assunto-contato\" aria-required=\"true\" aria-invalid=\"false\"><option value=\"Selecione o assunto\">Selecione o assunto<\/option><option value=\"Coment\u00e1rio\">Coment\u00e1rio<\/option><option value=\"D\u00favidas\">D\u00favidas<\/option><option value=\"Sugest\u00f5es\">Sugest\u00f5es<\/option><option value=\"Reclama\u00e7\u00e3o\">Reclama\u00e7\u00e3o<\/option><\/select><\/span><\/div>\n<p><br><\/p>\n<div class=\"campo campo-mensagem\"><span class=\"wpcf7-form-control-wrap mensagem-contato\"><textarea name=\"mensagem-contato\" cols=\"40\" rows=\"10\" class=\"wpcf7-form-control wpcf7-textarea wpcf7-validates-as-required mensagem-contato\" id=\"mensagem-contato\" aria-required=\"true\" aria-invalid=\"false\" placeholder=\"Mensagem\"><\/textarea><\/span><\/div>\n<div class=\"campo campo-send\"><input type=\"submit\" value=\"Enviar\" class=\"wpcf7-form-control wpcf7-submit btn-envio\" id=\"btn-envio\" \/><\/div>\n<\/div>\n<div class=\"wpcf7-response-output\" aria-hidden=\"true\"><\/div><\/form><\/div>[\/vc_column][\/vc_row]<\/p>\n","protected":false},"excerpt":{"rendered":"<p>[vc_row layout=&#8221;container&#8221; el_class=&#8221;mg-bottom-100&#8243;][vc_column width=&#8221;1\/4&#8243; el_class=&#8221;col-md-3 col-sm-6 sm-mg-bottom-50&#8243;][\/vc_column][vc_column width=&#8221;1\/4&#8243; el_class=&#8221;col-md-3 col-sm-6 sm-mg-bottom-50&#8243;][\/vc_column][vc_column width=&#8221;1\/4&#8243; el_class=&#8221;col-md-3 col-sm-6 sm-mg-bottom-50&#8243;][\/vc_column][vc_column width=&#8221;1\/4&#8243; el_class=&#8221;col-md-3 col-sm-6&#8243;][\/vc_column][\/vc_row][vc_row][vc_column][vc_raw_html]JTNDaWZyYW1lJTIwc3JjJTNEJTIyaHR0cHMlM0ElMkYlMkZ3d3cuZ29vZ2xlLmNvbSUyRm1hcHMlMkZlbWJlZCUzRnBiJTNEJTIxMW0xOCUyMTFtMTIlMjExbTMlMjExZDM5NTAuMDY0MjIwOTg1NjkxNSUyMTJkLTM0LjkxMTM5OTU0OTE2Nzc3NiUyMTNkLTguMDk0OTMzNjgzMTcwNTk3JTIxMm0zJTIxMWYwJTIxMmYwJTIxM2YwJTIxM20yJTIxMWkxMDI0JTIxMmk3NjglMjE0ZjEzLjElMjEzbTMlMjExbTIlMjExczB4N2FiMWY4YzQxMzhkZTQxJTI1M0EweDUzMzczMWRlMzZmZTJiMDclMjEyc0F2LiUyNTIwTWFsLiUyNTIwTWFzY2FyZW5oYXMlMjUyMGRlJTI1MjBNb3JhaXMlMjUyQyUyNTIwNDUyNCUyNTIwLSUyNTIwSW1iaXJpYmVpcmElMjUyQyUyNTIwUmVjaWZlJTI1MjAtJTI1MjBQRSUyNTJDJTI1MjA1MTIwMC0wMDAlMjE1ZTAlMjEzbTIlMjExc3B0LUJSJTIxMnNiciUyMTR2MTY3OTAxMjU4NDg4OCUyMTVtMiUyMTFzcHQtQlIlMjEyc2JyJTIyJTIwd2lkdGglM0QlMjIxMDAlMjUlMjIlMjBoZWlnaHQlM0QlMjI0NTAlMjIlMjBzdHlsZSUzRCUyMmJvcmRlciUzQTAlM0IlMjIlMjBhbGxvd2Z1bGxzY3JlZW4lM0QlMjIlMjIlMjBsb2FkaW5nJTNEJTIybGF6eSUyMiUzRSUzQyUyRmlmcmFtZSUzRSUwQQ==[\/vc_raw_html][\/vc_column][\/vc_row][vc_row layout=&#8221;container&#8221; el_class=&#8221;mg-top-100&#8243;][vc_column][\/vc_column][\/vc_row][vc_row layout=&#8221;container&#8221; el_class=&#8221;mg-bottom-140&#8243;][vc_column el_class=&#8221;col-md-8 col-sm-12 col-md-offset-2&#8243;][\/vc_column][\/vc_row]<\/p>\n","protected":false},"author":8,"featured_media":0,"parent":0,"menu_order":0,"comment_status":"closed","ping_status":"closed","template":"","meta":{"ngg_post_thumbnail":0},"acf":[],"yoast_head":"<!-- This site is optimized with the Yoast SEO plugin v18.4.1 - https:\/\/yoast.com\/wordpress\/plugins\/seo\/ -->\n<title>Contato - Equalis Nordeste - Cursos de P\u00f3s Gradua\u00e7\u00e3o em Medicina Veterin\u00e1ria<\/title>\n<meta name=\"robots\" content=\"index, follow, max-snippet:-1, max-image-preview:large, max-video-preview:-1\" \/>\n<link rel=\"canonical\" href=\"https:\/\/equalisveterinaria-ne.com.br\/cursos\/contato-2\/\" \/>\n<meta property=\"og:locale\" content=\"pt_BR\" \/>\n<meta property=\"og:type\" content=\"article\" \/>\n<meta property=\"og:title\" content=\"Contato - Equalis Nordeste - Cursos de P\u00f3s Gradua\u00e7\u00e3o em Medicina Veterin\u00e1ria\" \/>\n<meta property=\"og:description\" content=\"[vc_row layout=&#8221;container&#8221; el_class=&#8221;mg-bottom-100&#8243;][vc_column width=&#8221;1\/4&#8243; el_class=&#8221;col-md-3 col-sm-6 sm-mg-bottom-50&#8243;][\/vc_column][vc_column width=&#8221;1\/4&#8243; el_class=&#8221;col-md-3 col-sm-6 sm-mg-bottom-50&#8243;][\/vc_column][vc_column width=&#8221;1\/4&#8243; el_class=&#8221;col-md-3 col-sm-6 sm-mg-bottom-50&#8243;][\/vc_column][vc_column width=&#8221;1\/4&#8243; el_class=&#8221;col-md-3 col-sm-6&#8243;][\/vc_column][\/vc_row][vc_row][vc_column][vc_raw_html]JTNDaWZyYW1lJTIwc3JjJTNEJTIyaHR0cHMlM0ElMkYlMkZ3d3cuZ29vZ2xlLmNvbSUyRm1hcHMlMkZlbWJlZCUzRnBiJTNEJTIxMW0xOCUyMTFtMTIlMjExbTMlMjExZDM5NTAuMDY0MjIwOTg1NjkxNSUyMTJkLTM0LjkxMTM5OTU0OTE2Nzc3NiUyMTNkLTguMDk0OTMzNjgzMTcwNTk3JTIxMm0zJTIxMWYwJTIxMmYwJTIxM2YwJTIxM20yJTIxMWkxMDI0JTIxMmk3NjglMjE0ZjEzLjElMjEzbTMlMjExbTIlMjExczB4N2FiMWY4YzQxMzhkZTQxJTI1M0EweDUzMzczMWRlMzZmZTJiMDclMjEyc0F2LiUyNTIwTWFsLiUyNTIwTWFzY2FyZW5oYXMlMjUyMGRlJTI1MjBNb3JhaXMlMjUyQyUyNTIwNDUyNCUyNTIwLSUyNTIwSW1iaXJpYmVpcmElMjUyQyUyNTIwUmVjaWZlJTI1MjAtJTI1MjBQRSUyNTJDJTI1MjA1MTIwMC0wMDAlMjE1ZTAlMjEzbTIlMjExc3B0LUJSJTIxMnNiciUyMTR2MTY3OTAxMjU4NDg4OCUyMTVtMiUyMTFzcHQtQlIlMjEyc2JyJTIyJTIwd2lkdGglM0QlMjIxMDAlMjUlMjIlMjBoZWlnaHQlM0QlMjI0NTAlMjIlMjBzdHlsZSUzRCUyMmJvcmRlciUzQTAlM0IlMjIlMjBhbGxvd2Z1bGxzY3JlZW4lM0QlMjIlMjIlMjBsb2FkaW5nJTNEJTIybGF6eSUyMiUzRSUzQyUyRmlmcmFtZSUzRSUwQQ==[\/vc_raw_html][\/vc_column][\/vc_row][vc_row layout=&#8221;container&#8221; el_class=&#8221;mg-top-100&#8243;][vc_column][\/vc_column][\/vc_row][vc_row layout=&#8221;container&#8221; el_class=&#8221;mg-bottom-140&#8243;][vc_column el_class=&#8221;col-md-8 col-sm-12 col-md-offset-2&#8243;][\/vc_column][\/vc_row]\" \/>\n<meta property=\"og:url\" content=\"https:\/\/equalisveterinaria-ne.com.br\/cursos\/contato-2\/\" \/>\n<meta property=\"og:site_name\" content=\"Equalis Nordeste - Cursos de P\u00f3s Gradua\u00e7\u00e3o em Medicina Veterin\u00e1ria\" \/>\n<meta property=\"article:modified_time\" content=\"2023-03-17T00:24:00+00:00\" \/>\n<meta name=\"twitter:card\" content=\"summary_large_image\" \/>\n<meta name=\"twitter:label1\" content=\"Est. tempo de leitura\" \/>\n\t<meta name=\"twitter:data1\" content=\"1 minuto\" \/>\n<script type=\"application\/ld+json\" class=\"yoast-schema-graph\">{\"@context\":\"https:\/\/schema.org\",\"@graph\":[{\"@type\":\"Organization\",\"@id\":\"https:\/\/equalisveterinaria-ne.com.br\/cursos\/#organization\",\"name\":\"Equalis Veterin\u00e1ria\",\"url\":\"https:\/\/equalisveterinaria-ne.com.br\/cursos\/\",\"sameAs\":[],\"logo\":{\"@type\":\"ImageObject\",\"@id\":\"https:\/\/equalisveterinaria-ne.com.br\/cursos\/#logo\",\"inLanguage\":\"pt-BR\",\"url\":\"https:\/\/equalisveterinaria-ne.com.br\/cursos\/wp-content\/uploads\/2019\/10\/logo-fixed.png\",\"contentUrl\":\"https:\/\/equalisveterinaria-ne.com.br\/cursos\/wp-content\/uploads\/2019\/10\/logo-fixed.png\",\"width\":164,\"height\":49,\"caption\":\"Equalis Veterin\u00e1ria\"},\"image\":{\"@id\":\"https:\/\/equalisveterinaria-ne.com.br\/cursos\/#logo\"}},{\"@type\":\"WebSite\",\"@id\":\"https:\/\/equalisveterinaria-ne.com.br\/cursos\/#website\",\"url\":\"https:\/\/equalisveterinaria-ne.com.br\/cursos\/\",\"name\":\"Equalis Nordeste - Cursos de P\u00f3s Gradua\u00e7\u00e3o em Medicina Veterin\u00e1ria\",\"description\":\"Educa\u00e7\u00e3o em Medicina Veterin\u00e1ria\",\"publisher\":{\"@id\":\"https:\/\/equalisveterinaria-ne.com.br\/cursos\/#organization\"},\"potentialAction\":[{\"@type\":\"SearchAction\",\"target\":{\"@type\":\"EntryPoint\",\"urlTemplate\":\"https:\/\/equalisveterinaria-ne.com.br\/cursos\/?s={search_term_string}\"},\"query-input\":\"required name=search_term_string\"}],\"inLanguage\":\"pt-BR\"},{\"@type\":\"WebPage\",\"@id\":\"https:\/\/equalisveterinaria-ne.com.br\/cursos\/contato-2\/#webpage\",\"url\":\"https:\/\/equalisveterinaria-ne.com.br\/cursos\/contato-2\/\",\"name\":\"Contato - Equalis Nordeste - Cursos de P\u00f3s Gradua\u00e7\u00e3o em Medicina Veterin\u00e1ria\",\"isPartOf\":{\"@id\":\"https:\/\/equalisveterinaria-ne.com.br\/cursos\/#website\"},\"datePublished\":\"2021-05-08T07:28:19+00:00\",\"dateModified\":\"2023-03-17T00:24:00+00:00\",\"breadcrumb\":{\"@id\":\"https:\/\/equalisveterinaria-ne.com.br\/cursos\/contato-2\/#breadcrumb\"},\"inLanguage\":\"pt-BR\",\"potentialAction\":[{\"@type\":\"ReadAction\",\"target\":[\"https:\/\/equalisveterinaria-ne.com.br\/cursos\/contato-2\/\"]}]},{\"@type\":\"BreadcrumbList\",\"@id\":\"https:\/\/equalisveterinaria-ne.com.br\/cursos\/contato-2\/#breadcrumb\",\"itemListElement\":[{\"@type\":\"ListItem\",\"position\":1,\"name\":\"Home\",\"item\":\"https:\/\/equalisveterinaria-ne.com.br\/cursos\/\"},{\"@type\":\"ListItem\",\"position\":2,\"name\":\"Contato\"}]}]}<\/script>\n<!-- \/ Yoast SEO plugin. -->","yoast_head_json":{"title":"Contato - Equalis Nordeste - Cursos de P\u00f3s Gradua\u00e7\u00e3o em Medicina Veterin\u00e1ria","robots":{"index":"index","follow":"follow","max-snippet":"max-snippet:-1","max-image-preview":"max-image-preview:large","max-video-preview":"max-video-preview:-1"},"canonical":"https:\/\/equalisveterinaria-ne.com.br\/cursos\/contato-2\/","og_locale":"pt_BR","og_type":"article","og_title":"Contato - Equalis Nordeste - Cursos de P\u00f3s Gradua\u00e7\u00e3o em Medicina Veterin\u00e1ria","og_description":"[vc_row layout=&#8221;container&#8221; el_class=&#8221;mg-bottom-100&#8243;][vc_column width=&#8221;1\/4&#8243; el_class=&#8221;col-md-3 col-sm-6 sm-mg-bottom-50&#8243;][\/vc_column][vc_column width=&#8221;1\/4&#8243; el_class=&#8221;col-md-3 col-sm-6 sm-mg-bottom-50&#8243;][\/vc_column][vc_column width=&#8221;1\/4&#8243; el_class=&#8221;col-md-3 col-sm-6 sm-mg-bottom-50&#8243;][\/vc_column][vc_column width=&#8221;1\/4&#8243; el_class=&#8221;col-md-3 col-sm-6&#8243;][\/vc_column][\/vc_row][vc_row][vc_column][vc_raw_html]JTNDaWZyYW1lJTIwc3JjJTNEJTIyaHR0cHMlM0ElMkYlMkZ3d3cuZ29vZ2xlLmNvbSUyRm1hcHMlMkZlbWJlZCUzRnBiJTNEJTIxMW0xOCUyMTFtMTIlMjExbTMlMjExZDM5NTAuMDY0MjIwOTg1NjkxNSUyMTJkLTM0LjkxMTM5OTU0OTE2Nzc3NiUyMTNkLTguMDk0OTMzNjgzMTcwNTk3JTIxMm0zJTIxMWYwJTIxMmYwJTIxM2YwJTIxM20yJTIxMWkxMDI0JTIxMmk3NjglMjE0ZjEzLjElMjEzbTMlMjExbTIlMjExczB4N2FiMWY4YzQxMzhkZTQxJTI1M0EweDUzMzczMWRlMzZmZTJiMDclMjEyc0F2LiUyNTIwTWFsLiUyNTIwTWFzY2FyZW5oYXMlMjUyMGRlJTI1MjBNb3JhaXMlMjUyQyUyNTIwNDUyNCUyNTIwLSUyNTIwSW1iaXJpYmVpcmElMjUyQyUyNTIwUmVjaWZlJTI1MjAtJTI1MjBQRSUyNTJDJTI1MjA1MTIwMC0wMDAlMjE1ZTAlMjEzbTIlMjExc3B0LUJSJTIxMnNiciUyMTR2MTY3OTAxMjU4NDg4OCUyMTVtMiUyMTFzcHQtQlIlMjEyc2JyJTIyJTIwd2lkdGglM0QlMjIxMDAlMjUlMjIlMjBoZWlnaHQlM0QlMjI0NTAlMjIlMjBzdHlsZSUzRCUyMmJvcmRlciUzQTAlM0IlMjIlMjBhbGxvd2Z1bGxzY3JlZW4lM0QlMjIlMjIlMjBsb2FkaW5nJTNEJTIybGF6eSUyMiUzRSUzQyUyRmlmcmFtZSUzRSUwQQ==[\/vc_raw_html][\/vc_column][\/vc_row][vc_row layout=&#8221;container&#8221; el_class=&#8221;mg-top-100&#8243;][vc_column][\/vc_column][\/vc_row][vc_row layout=&#8221;container&#8221; el_class=&#8221;mg-bottom-140&#8243;][vc_column el_class=&#8221;col-md-8 col-sm-12 col-md-offset-2&#8243;][\/vc_column][\/vc_row]","og_url":"https:\/\/equalisveterinaria-ne.com.br\/cursos\/contato-2\/","og_site_name":"Equalis Nordeste - Cursos de P\u00f3s Gradua\u00e7\u00e3o em Medicina Veterin\u00e1ria","article_modified_time":"2023-03-17T00:24:00+00:00","twitter_card":"summary_large_image","twitter_misc":{"Est. tempo de leitura":"1 minuto"},"schema":{"@context":"https:\/\/schema.org","@graph":[{"@type":"Organization","@id":"https:\/\/equalisveterinaria-ne.com.br\/cursos\/#organization","name":"Equalis Veterin\u00e1ria","url":"https:\/\/equalisveterinaria-ne.com.br\/cursos\/","sameAs":[],"logo":{"@type":"ImageObject","@id":"https:\/\/equalisveterinaria-ne.com.br\/cursos\/#logo","inLanguage":"pt-BR","url":"https:\/\/equalisveterinaria-ne.com.br\/cursos\/wp-content\/uploads\/2019\/10\/logo-fixed.png","contentUrl":"https:\/\/equalisveterinaria-ne.com.br\/cursos\/wp-content\/uploads\/2019\/10\/logo-fixed.png","width":164,"height":49,"caption":"Equalis Veterin\u00e1ria"},"image":{"@id":"https:\/\/equalisveterinaria-ne.com.br\/cursos\/#logo"}},{"@type":"WebSite","@id":"https:\/\/equalisveterinaria-ne.com.br\/cursos\/#website","url":"https:\/\/equalisveterinaria-ne.com.br\/cursos\/","name":"Equalis Nordeste - Cursos de P\u00f3s Gradua\u00e7\u00e3o em Medicina Veterin\u00e1ria","description":"Educa\u00e7\u00e3o em Medicina Veterin\u00e1ria","publisher":{"@id":"https:\/\/equalisveterinaria-ne.com.br\/cursos\/#organization"},"potentialAction":[{"@type":"SearchAction","target":{"@type":"EntryPoint","urlTemplate":"https:\/\/equalisveterinaria-ne.com.br\/cursos\/?s={search_term_string}"},"query-input":"required name=search_term_string"}],"inLanguage":"pt-BR"},{"@type":"WebPage","@id":"https:\/\/equalisveterinaria-ne.com.br\/cursos\/contato-2\/#webpage","url":"https:\/\/equalisveterinaria-ne.com.br\/cursos\/contato-2\/","name":"Contato - Equalis Nordeste - Cursos de P\u00f3s Gradua\u00e7\u00e3o em Medicina Veterin\u00e1ria","isPartOf":{"@id":"https:\/\/equalisveterinaria-ne.com.br\/cursos\/#website"},"datePublished":"2021-05-08T07:28:19+00:00","dateModified":"2023-03-17T00:24:00+00:00","breadcrumb":{"@id":"https:\/\/equalisveterinaria-ne.com.br\/cursos\/contato-2\/#breadcrumb"},"inLanguage":"pt-BR","potentialAction":[{"@type":"ReadAction","target":["https:\/\/equalisveterinaria-ne.com.br\/cursos\/contato-2\/"]}]},{"@type":"BreadcrumbList","@id":"https:\/\/equalisveterinaria-ne.com.br\/cursos\/contato-2\/#breadcrumb","itemListElement":[{"@type":"ListItem","position":1,"name":"Home","item":"https:\/\/equalisveterinaria-ne.com.br\/cursos\/"},{"@type":"ListItem","position":2,"name":"Contato"}]}]}},"_links":{"self":[{"href":"https:\/\/equalisveterinaria-ne.com.br\/cursos\/wp-json\/wp\/v2\/pages\/29410"}],"collection":[{"href":"https:\/\/equalisveterinaria-ne.com.br\/cursos\/wp-json\/wp\/v2\/pages"}],"about":[{"href":"https:\/\/equalisveterinaria-ne.com.br\/cursos\/wp-json\/wp\/v2\/types\/page"}],"author":[{"embeddable":true,"href":"https:\/\/equalisveterinaria-ne.com.br\/cursos\/wp-json\/wp\/v2\/users\/8"}],"replies":[{"embeddable":true,"href":"https:\/\/equalisveterinaria-ne.com.br\/cursos\/wp-json\/wp\/v2\/comments?post=29410"}],"version-history":[{"count":5,"href":"https:\/\/equalisveterinaria-ne.com.br\/cursos\/wp-json\/wp\/v2\/pages\/29410\/revisions"}],"predecessor-version":[{"id":32777,"href":"https:\/\/equalisveterinaria-ne.com.br\/cursos\/wp-json\/wp\/v2\/pages\/29410\/revisions\/32777"}],"wp:attachment":[{"href":"https:\/\/equalisveterinaria-ne.com.br\/cursos\/wp-json\/wp\/v2\/media?parent=29410"}],"curies":[{"name":"wp","href":"https:\/\/api.w.org\/{rel}","templated":true}]}}