{"id":656,"date":"2020-10-14T10:03:50","date_gmt":"2020-10-14T13:03:50","guid":{"rendered":"http:\/\/www.equalisveterinaria-ne.com.br\/meus-cursos\/"},"modified":"2020-10-14T10:03:50","modified_gmt":"2020-10-14T13:03:50","slug":"meus-cursos","status":"publish","type":"page","link":"https:\/\/equalisveterinaria-ne.com.br\/cursos\/meus-cursos\/","title":{"rendered":"Meus cursos"},"content":{"rendered":"\t\t<div id=\"my-courses\">\n\t\t\t\t\t\t<div class=\"col2-set\" id=\"customer_login\">\n\n\t\t\t\t<div class=\"col-1\">\n\t\t\t\t\t\n<h2>Entrar<\/h2>\n\n<form method=\"post\" name=\"sensi-login-form\" id=\"loginform\" class=\"login sensei\">\n\n\t\n\t<p class=\"sensei-login-username form-row form-row-wide\">\n\n\t\t\t\t<label for=\"sensei_user_login\">Nome de usu\u00e1rio ou e-mail <\/label>\n\n\t\t\t\t<input type=\"text\" name=\"log\" id=\"sensei_user_login\" class=\"input\" value=\"\" size=\"20\">\n\n\t<\/p>\n\n\t<p class=\"sensei-login-password form-row form-row-wide\">\n\n\t\t\t\t<label for=\"sensei_user_pass\"> Senha  <\/label>\n\n\t\t\t\t<input type=\"password\" name=\"pwd\" id=\"sensei_user_pass\" class=\"input txt text\" value=\"\" size=\"20\">\n\n\t<\/p>\n\n\t\n\t<p class='sensei-login-submit'>\n\n\t\t<input type=\"submit\" class=\"button\" name=\"login\" value=\"Entrar\" \/>\n\n\t\t<a href=\"https:\/\/equalisveterinaria-ne.com.br\/cursos\/minha-conta\/recuperar-senha\/\">Esqueceu sua senha?<\/a>\n\n\t<\/p>\n\n\t<p class='remember_me' >\n\n\t\t<label for=\"rememberme\" class=\"inline\">\n\n\t\t\t<input name=\"rememberme\" type=\"checkbox\" id=\"rememberme\" value=\"forever\" \/> Lembrar-me\n\t\t<\/label>\n\n\t<\/p>\n\n\t\n\t<input type=\"hidden\" id=\"_wpnonce\" name=\"_wpnonce\" value=\"be6080d9b6\" \/><input type=\"hidden\" name=\"_wp_http_referer\" value=\"\/cursos\/wp-json\/wp\/v2\/pages\/656\" \/>\n\t<input type=\"hidden\" name=\"redirect\" value=\"https:\/\/equalisveterinaria-ne.com.br\/cursos\/wp-json\/wp\/v2\/pages\/656\" \/>\n\n\t<input type=\"hidden\" name=\"form\" value=\"sensei-login\" \/>\n\n\t<div class=\"clear\"><\/div>\n\n<\/form>\n\n\t\t\t\t<\/div>\n\n\t\t\t\n\t\t\t\t<div class=\"col-2\">\n\t\t\t\t\t<h2>Cadastrar-se<\/h2>\n\n\t\t\t\t\t<form method=\"post\" class=\"register\"  action=\"https:\/\/equalisveterinaria-ne.com.br\/cursos\/meus-cursos\/\" >\n\n\t\t\t\t\t\t\n\t\t\t\t\t\t<p class=\"form-row form-row-wide\">\n\t\t\t\t\t\t\t<label for=\"sensei_reg_username\">Nome de usu\u00e1rio <span class=\"required\">*<\/span><\/label>\n\t\t\t\t\t\t\t<input type=\"text\" class=\"input-text\" name=\"sensei_reg_username\" id=\"sensei_reg_username\" value=\"\" \/>\n\t\t\t\t\t\t<\/p>\n\n\t\t\t\t\t\t<p class=\"form-row form-row-wide\">\n\t\t\t\t\t\t\t<label for=\"sensei_reg_email\">E-mail <span class=\"required\">*<\/span><\/label>\n\t\t\t\t\t\t\t<input type=\"email\" class=\"input-text\" name=\"sensei_reg_email\" id=\"sensei_reg_email\" value=\"\" \/>\n\t\t\t\t\t\t<\/p>\n\n\t\t\t\t\t\t<p class=\"form-row form-row-wide\">\n\t\t\t\t\t\t\t<label for=\"sensei_reg_password\">Senha <span class=\"required\">*<\/span><\/label>\n\t\t\t\t\t\t\t<input type=\"password\" class=\"input-text\" name=\"sensei_reg_password\" id=\"sensei_reg_password\" value=\"\" \/>\n\t\t\t\t\t\t<\/p>\n\n\t\t\t\t\t\t<!-- Spam Trap -->\n\t\t\t\t\t\t<div style=\"left:-999em; position:absolute;\"><label for=\"trap\">Anti-spam<\/label><input type=\"text\" name=\"email_2\" id=\"trap\" tabindex=\"-1\" \/><\/div>\n\n\t\t\t\t\t\t\t\t\t\t\t\t\n\t\t\t\t\t\t<input type=\"hidden\" id=\"_wpnonce\" name=\"_wpnonce\" value=\"38b18b1f31\" \/><input type=\"hidden\" name=\"_wp_http_referer\" value=\"\/cursos\/wp-json\/wp\/v2\/pages\/656\" \/>\n\t\t\t\t\t\t<p class=\"form-row\">\n\t\t\t\t\t\t\t<input type=\"submit\" class=\"button\" name=\"register\" value=\"Cadastrar-se\" \/>\n\t\t\t\t\t\t<\/p>\n\n\t\t\t\t\t\t\n\t\t\t\t\t<\/form>\n\t\t\t\t<\/div>\n\t\t\t\t\t\t\t<\/div>\n\t\t<\/div>\n\n\t\t\n","protected":false},"excerpt":{"rendered":"Entrar Nome de usu\u00e1rio ou e-mail Senha Esqueceu sua senha? Lembrar-me Cadastrar-se Nome de usu\u00e1rio * E-mail * Senha * Anti-spam","protected":false},"author":1,"featured_media":0,"parent":0,"menu_order":0,"comment_status":"closed","ping_status":"closed","template":"","meta":{"ngg_post_thumbnail":0},"acf":[],"yoast_head":"<!-- This site is optimized with the Yoast SEO plugin v18.4.1 - https:\/\/yoast.com\/wordpress\/plugins\/seo\/ -->\n<title>Meus cursos - Equalis Nordeste - Cursos de P\u00f3s Gradua\u00e7\u00e3o em Medicina Veterin\u00e1ria<\/title>\n<meta name=\"robots\" content=\"index, follow, max-snippet:-1, max-image-preview:large, max-video-preview:-1\" \/>\n<link rel=\"canonical\" href=\"https:\/\/equalisveterinaria-ne.com.br\/cursos\/meus-cursos\/\" \/>\n<meta property=\"og:locale\" content=\"pt_BR\" \/>\n<meta property=\"og:type\" content=\"article\" \/>\n<meta property=\"og:title\" content=\"Meus cursos - Equalis Nordeste - Cursos de P\u00f3s Gradua\u00e7\u00e3o em Medicina Veterin\u00e1ria\" \/>\n<meta property=\"og:url\" content=\"https:\/\/equalisveterinaria-ne.com.br\/cursos\/meus-cursos\/\" \/>\n<meta property=\"og:site_name\" content=\"Equalis Nordeste - Cursos de P\u00f3s Gradua\u00e7\u00e3o em Medicina Veterin\u00e1ria\" \/>\n<meta name=\"twitter:card\" content=\"summary_large_image\" \/>\n<script type=\"application\/ld+json\" class=\"yoast-schema-graph\">{\"@context\":\"https:\/\/schema.org\",\"@graph\":[{\"@type\":\"Organization\",\"@id\":\"https:\/\/equalisveterinaria-ne.com.br\/cursos\/#organization\",\"name\":\"Equalis Veterin\u00e1ria\",\"url\":\"https:\/\/equalisveterinaria-ne.com.br\/cursos\/\",\"sameAs\":[],\"logo\":{\"@type\":\"ImageObject\",\"@id\":\"https:\/\/equalisveterinaria-ne.com.br\/cursos\/#logo\",\"inLanguage\":\"pt-BR\",\"url\":\"https:\/\/equalisveterinaria-ne.com.br\/cursos\/wp-content\/uploads\/2019\/10\/logo-fixed.png\",\"contentUrl\":\"https:\/\/equalisveterinaria-ne.com.br\/cursos\/wp-content\/uploads\/2019\/10\/logo-fixed.png\",\"width\":164,\"height\":49,\"caption\":\"Equalis Veterin\u00e1ria\"},\"image\":{\"@id\":\"https:\/\/equalisveterinaria-ne.com.br\/cursos\/#logo\"}},{\"@type\":\"WebSite\",\"@id\":\"https:\/\/equalisveterinaria-ne.com.br\/cursos\/#website\",\"url\":\"https:\/\/equalisveterinaria-ne.com.br\/cursos\/\",\"name\":\"Equalis Nordeste - Cursos de P\u00f3s Gradua\u00e7\u00e3o em Medicina Veterin\u00e1ria\",\"description\":\"Educa\u00e7\u00e3o em Medicina Veterin\u00e1ria\",\"publisher\":{\"@id\":\"https:\/\/equalisveterinaria-ne.com.br\/cursos\/#organization\"},\"potentialAction\":[{\"@type\":\"SearchAction\",\"target\":{\"@type\":\"EntryPoint\",\"urlTemplate\":\"https:\/\/equalisveterinaria-ne.com.br\/cursos\/?s={search_term_string}\"},\"query-input\":\"required name=search_term_string\"}],\"inLanguage\":\"pt-BR\"},{\"@type\":\"WebPage\",\"@id\":\"https:\/\/equalisveterinaria-ne.com.br\/cursos\/meus-cursos\/#webpage\",\"url\":\"https:\/\/equalisveterinaria-ne.com.br\/cursos\/meus-cursos\/\",\"name\":\"Meus cursos - Equalis Nordeste - Cursos de P\u00f3s Gradua\u00e7\u00e3o em Medicina Veterin\u00e1ria\",\"isPartOf\":{\"@id\":\"https:\/\/equalisveterinaria-ne.com.br\/cursos\/#website\"},\"datePublished\":\"2020-10-14T13:03:50+00:00\",\"dateModified\":\"2020-10-14T13:03:50+00:00\",\"breadcrumb\":{\"@id\":\"https:\/\/equalisveterinaria-ne.com.br\/cursos\/meus-cursos\/#breadcrumb\"},\"inLanguage\":\"pt-BR\",\"potentialAction\":[{\"@type\":\"ReadAction\",\"target\":[\"https:\/\/equalisveterinaria-ne.com.br\/cursos\/meus-cursos\/\"]}]},{\"@type\":\"BreadcrumbList\",\"@id\":\"https:\/\/equalisveterinaria-ne.com.br\/cursos\/meus-cursos\/#breadcrumb\",\"itemListElement\":[{\"@type\":\"ListItem\",\"position\":1,\"name\":\"Home\",\"item\":\"https:\/\/equalisveterinaria-ne.com.br\/cursos\/\"},{\"@type\":\"ListItem\",\"position\":2,\"name\":\"Meus cursos\"}]}]}<\/script>\n<!-- \/ Yoast SEO plugin. -->","yoast_head_json":{"title":"Meus cursos - Equalis Nordeste - Cursos de P\u00f3s Gradua\u00e7\u00e3o em Medicina Veterin\u00e1ria","robots":{"index":"index","follow":"follow","max-snippet":"max-snippet:-1","max-image-preview":"max-image-preview:large","max-video-preview":"max-video-preview:-1"},"canonical":"https:\/\/equalisveterinaria-ne.com.br\/cursos\/meus-cursos\/","og_locale":"pt_BR","og_type":"article","og_title":"Meus cursos - Equalis Nordeste - Cursos de P\u00f3s Gradua\u00e7\u00e3o em Medicina Veterin\u00e1ria","og_url":"https:\/\/equalisveterinaria-ne.com.br\/cursos\/meus-cursos\/","og_site_name":"Equalis Nordeste - Cursos de P\u00f3s Gradua\u00e7\u00e3o em Medicina Veterin\u00e1ria","twitter_card":"summary_large_image","schema":{"@context":"https:\/\/schema.org","@graph":[{"@type":"Organization","@id":"https:\/\/equalisveterinaria-ne.com.br\/cursos\/#organization","name":"Equalis Veterin\u00e1ria","url":"https:\/\/equalisveterinaria-ne.com.br\/cursos\/","sameAs":[],"logo":{"@type":"ImageObject","@id":"https:\/\/equalisveterinaria-ne.com.br\/cursos\/#logo","inLanguage":"pt-BR","url":"https:\/\/equalisveterinaria-ne.com.br\/cursos\/wp-content\/uploads\/2019\/10\/logo-fixed.png","contentUrl":"https:\/\/equalisveterinaria-ne.com.br\/cursos\/wp-content\/uploads\/2019\/10\/logo-fixed.png","width":164,"height":49,"caption":"Equalis Veterin\u00e1ria"},"image":{"@id":"https:\/\/equalisveterinaria-ne.com.br\/cursos\/#logo"}},{"@type":"WebSite","@id":"https:\/\/equalisveterinaria-ne.com.br\/cursos\/#website","url":"https:\/\/equalisveterinaria-ne.com.br\/cursos\/","name":"Equalis Nordeste - Cursos de P\u00f3s Gradua\u00e7\u00e3o em Medicina Veterin\u00e1ria","description":"Educa\u00e7\u00e3o em Medicina Veterin\u00e1ria","publisher":{"@id":"https:\/\/equalisveterinaria-ne.com.br\/cursos\/#organization"},"potentialAction":[{"@type":"SearchAction","target":{"@type":"EntryPoint","urlTemplate":"https:\/\/equalisveterinaria-ne.com.br\/cursos\/?s={search_term_string}"},"query-input":"required name=search_term_string"}],"inLanguage":"pt-BR"},{"@type":"WebPage","@id":"https:\/\/equalisveterinaria-ne.com.br\/cursos\/meus-cursos\/#webpage","url":"https:\/\/equalisveterinaria-ne.com.br\/cursos\/meus-cursos\/","name":"Meus cursos - Equalis Nordeste - Cursos de P\u00f3s Gradua\u00e7\u00e3o em Medicina Veterin\u00e1ria","isPartOf":{"@id":"https:\/\/equalisveterinaria-ne.com.br\/cursos\/#website"},"datePublished":"2020-10-14T13:03:50+00:00","dateModified":"2020-10-14T13:03:50+00:00","breadcrumb":{"@id":"https:\/\/equalisveterinaria-ne.com.br\/cursos\/meus-cursos\/#breadcrumb"},"inLanguage":"pt-BR","potentialAction":[{"@type":"ReadAction","target":["https:\/\/equalisveterinaria-ne.com.br\/cursos\/meus-cursos\/"]}]},{"@type":"BreadcrumbList","@id":"https:\/\/equalisveterinaria-ne.com.br\/cursos\/meus-cursos\/#breadcrumb","itemListElement":[{"@type":"ListItem","position":1,"name":"Home","item":"https:\/\/equalisveterinaria-ne.com.br\/cursos\/"},{"@type":"ListItem","position":2,"name":"Meus cursos"}]}]}},"_links":{"self":[{"href":"https:\/\/equalisveterinaria-ne.com.br\/cursos\/wp-json\/wp\/v2\/pages\/656"}],"collection":[{"href":"https:\/\/equalisveterinaria-ne.com.br\/cursos\/wp-json\/wp\/v2\/pages"}],"about":[{"href":"https:\/\/equalisveterinaria-ne.com.br\/cursos\/wp-json\/wp\/v2\/types\/page"}],"author":[{"embeddable":true,"href":"https:\/\/equalisveterinaria-ne.com.br\/cursos\/wp-json\/wp\/v2\/users\/1"}],"replies":[{"embeddable":true,"href":"https:\/\/equalisveterinaria-ne.com.br\/cursos\/wp-json\/wp\/v2\/comments?post=656"}],"version-history":[{"count":0,"href":"https:\/\/equalisveterinaria-ne.com.br\/cursos\/wp-json\/wp\/v2\/pages\/656\/revisions"}],"wp:attachment":[{"href":"https:\/\/equalisveterinaria-ne.com.br\/cursos\/wp-json\/wp\/v2\/media?parent=656"}],"curies":[{"name":"wp","href":"https:\/\/api.w.org\/{rel}","templated":true}]}}