{"id":738,"date":"2021-05-08T07:28:19","date_gmt":"2021-05-08T07:28:19","guid":{"rendered":"https:\/\/equalisveterinaria-ne.com.br?page_id=738"},"modified":"2021-05-08T07:28:19","modified_gmt":"2021-05-08T07:28:19","slug":"enderecos","status":"publish","type":"page","link":"https:\/\/equalisveterinaria-ne.com.br\/cursos\/enderecos\/","title":{"rendered":"ENDERE\u00c7OS"},"content":{"rendered":"<p>[vc_row layout=&#8221;container&#8221; equal_height=&#8221;yes&#8221;][vc_column width=&#8221;1\/4&#8243;]\t\t\t<div class=\"iconbox style3 color-dark \" >\n                <div style=\"background-color: #fdbb43\">\n                                                <i class=\"fa fa-map-marker\"><\/i>\n                                        <\/div>\n                                <a class=\"p-font heading-color\" title=\"RECIFE\" target=\"_self\" href=\"#\">RECIFE<\/a>\n                                <p>Av. Visconde de Jequitinhonha, 1386 Boa Viagem - Recife\/PE CEP: 51030-020<\/p>\n                \t\t\t<\/div>\n            [\/vc_column][vc_column width=&#8221;3\/4&#8243;][vc_raw_html]JTNDaWZyYW1lJTIwc3JjJTNEJTIyaHR0cHMlM0ElMkYlMkZ3d3cuZ29vZ2xlLmNvbSUyRm1hcHMlMkZlbWJlZCUzRnBiJTNEJTIxMW0xOCUyMTFtMTIlMjExbTMlMjExZDM5NDkuNjI1NDk1MDUxOTczMyUyMTJkLTM0LjkwNzA4NzU4NTIxOTY5JTIxM2QtOC4xMzk1NTM3OTQxNDA4NiUyMTJtMyUyMTFmMCUyMTJmMCUyMTNmMCUyMTNtMiUyMTFpMTAyNCUyMTJpNzY4JTIxNGYxMy4xJTIxM20zJTIxMW0yJTIxMXMweDdhYjFmZDI3YTkzNWVhYiUyNTNBMHhjYjc0YzZmM2NkNzQwMjRhJTIxMnNFcXVhbGlzJTI1MjAtJTI1MjBWZXRlcmluJTI1QzMlMjVBMXJpYSUyMTVlMCUyMTNtMiUyMTFzcHQtQlIlMjEyc2JyJTIxNHYxNjI1NDMwMTkzNzAzJTIxNW0yJTIxMXNwdC1CUiUyMTJzYnIlMjIlMjB3aWR0aCUzRCUyMjEwMCUyNSUyMiUyMGhlaWdodCUzRCUyMjQ1MCUyMiUyMHN0eWxlJTNEJTIyYm9yZGVyJTNBMCUzQiUyMiUyMGFsbG93ZnVsbHNjcmVlbiUzRCUyMiUyMiUyMGxvYWRpbmclM0QlMjJsYXp5JTIyJTNFJTNDJTJGaWZyYW1lJTNF[\/vc_raw_html][\/vc_column][\/vc_row][vc_row layout=&#8221;fullwidth-visible&#8221;][vc_column][vc_empty_space height=&#8221;22px&#8221;][vc_separator color=&#8221;custom&#8221; border_width=&#8221;3&#8243; accent_color=&#8221;#dd3333&#8243;][vc_empty_space height=&#8221;22px&#8221;][\/vc_column][\/vc_row][vc_row layout=&#8221;container&#8221; equal_height=&#8221;yes&#8221;][vc_column width=&#8221;1\/4&#8243;]\t\t\t<div class=\"iconbox style3 color-dark \" >\n                <div style=\"background-color: #fdbb43\">\n                                                <i class=\"fa fa-map-marker\"><\/i>\n                                        <\/div>\n                                <a class=\"p-font heading-color\" title=\"Natal\" target=\"_self\" href=\"#\">Natal<\/a>\n                                <p>EBusiness \u2013 R. S\u00e9rgio Severo, 1161<br \/>\nLagoa Nova \u2013 Natal\/RN<\/p>\n                \t\t\t<\/div>\n            [\/vc_column][vc_column width=&#8221;3\/4&#8243;][vc_raw_html]JTNDaWZyYW1lJTIwc3JjJTNEJTIyaHR0cHMlM0ElMkYlMkZ3d3cuZ29vZ2xlLmNvbSUyRm1hcHMlMkZlbWJlZCUzRnBiJTNEJTIxMW0xOCUyMTFtMTIlMjExbTMlMjExZDM5NjkuMjU3ODUxMjA3NDAyNCUyMTJkLTM1LjIxNzQyNTg4NDcwNzg4NiUyMTNkLTUuODE5MjEzMDU5MDA0MjEzNSUyMTJtMyUyMTFmMCUyMTJmMCUyMTNmMCUyMTNtMiUyMTFpMTAyNCUyMTJpNzY4JTIxNGYxMy4xJTIxM20zJTIxMW0yJTIxMXMweDdiMjU1NWY2NmM2MTFmMyUyNTNBMHg0NDIyZmNmOTRiMjgxMDY5JTIxMnNSdWElMjUyMFMlMjVDMyUyNUE5cmdpbyUyNTIwU2V2ZXJvJTI1MkMlMjUyMDExNjElMjUyMC0lMjUyMExhZ29hJTI1MjBOb3ZhJTI1MkMlMjUyME5hdGFsJTI1MjAtJTI1MjBSTiUyNTJDJTI1MjA1OTA2My0zODAlMjE1ZTAlMjEzbTIlMjExc3B0LVBUJTIxMnNiciUyMTR2MTYyNjk4MjQxNDc1MyUyMTVtMiUyMTFzcHQtUFQlMjEyc2JyJTIyJTIwd2lkdGglM0QlMjIxMDAlMjUlMjIlMjBoZWlnaHQlM0QlMjI0NTAlMjIlMjBzdHlsZSUzRCUyMmJvcmRlciUzQTAlM0IlMjIlMjBhbGxvd2Z1bGxzY3JlZW4lM0QlMjIlMjIlMjBsb2FkaW5nJTNEJTIybGF6eSUyMiUzRSUzQyUyRmlmcmFtZSUzRQ==[\/vc_raw_html][\/vc_column][\/vc_row][vc_row layout=&#8221;fullwidth-visible&#8221;][vc_column][vc_empty_space height=&#8221;22px&#8221;][vc_separator color=&#8221;custom&#8221; border_width=&#8221;3&#8243; accent_color=&#8221;#dd3333&#8243;][vc_empty_space height=&#8221;22px&#8221;][\/vc_column][\/vc_row][vc_row layout=&#8221;container&#8221; equal_height=&#8221;yes&#8221;][vc_column width=&#8221;1\/4&#8243;]\t\t\t<div class=\"iconbox style3 color-dark \" >\n                <div style=\"background-color: #fdbb43\">\n                                                <i class=\"fa fa-map-marker\"><\/i>\n                                        <\/div>\n                                <a class=\"p-font heading-color\" title=\"Fortaleza\" target=\"_self\" href=\"#\">Fortaleza<\/a>\n                                <p>ANCLIVEPA\/CE: Rua Professor Carvalho, 3251,<br \/>\nS\u00e3o Jo\u00e3o do Tauape \u2013 Fortaleza-CE.<\/p>\n                \t\t\t<\/div>\n            [\/vc_column][vc_column width=&#8221;3\/4&#8243;][vc_raw_html]JTNDaWZyYW1lJTIwc3JjJTNEJTIyaHR0cHMlM0ElMkYlMkZ3d3cuZ29vZ2xlLmNvbSUyRm1hcHMlMkZlbWJlZCUzRnBiJTNEJTIxMW0xOCUyMTFtMTIlMjExbTMlMjExZDM5ODEuMjYxMTE0NTc2Nzc4MyUyMTJkLTM4LjUxNjg4NTQ4NDcyMTc5JTIxM2QtMy43NTMyMjU5NDQzNTE1MDklMjEybTMlMjExZjAlMjEyZjAlMjEzZjAlMjEzbTIlMjExaTEwMjQlMjEyaTc2OCUyMTRmMTMuMSUyMTNtMyUyMTFtMiUyMTFzMHg3Yzc0OGMyZTI4MmMzNTElMjUzQTB4NzdmNDI1M2Q0YjBlY2UxMCUyMTJzUnVhJTI1MjBQcm9mZXNzb3IlMjUyMENhcnZhbGhvJTI1MkMlMjUyMDMyNTElMjUyMC0lMjUyMEpvYXF1aW0lMjUyMFQlMjVDMyUyNUExdm9yYSUyNTIwJTI4Rm9ydGFsZXphJTI5JTI1MkMlMjUyMEZvcnRhbGV6YSUyNTIwLSUyNTIwQ0UlMjUyQyUyNTIwNjAxMjAtMzQwJTIxNWUwJTIxM20yJTIxMXNwdC1QVCUyMTJzYnIlMjE0djE2MjY5ODI0NTk2ODIlMjE1bTIlMjExc3B0LVBUJTIxMnNiciUyMiUyMHdpZHRoJTNEJTIyMTAwJTI1JTIyJTIwaGVpZ2h0JTNEJTIyNDUwJTIyJTIwc3R5bGUlM0QlMjJib3JkZXIlM0EwJTNCJTIyJTIwYWxsb3dmdWxsc2NyZWVuJTNEJTIyJTIyJTIwbG9hZGluZyUzRCUyMmxhenklMjIlM0UlM0MlMkZpZnJhbWUlM0U=[\/vc_raw_html][\/vc_column][\/vc_row][vc_row][vc_column][vc_separator color=&#8221;custom&#8221; border_width=&#8221;3&#8243; accent_color=&#8221;#dd3333&#8243;][\/vc_column][\/vc_row][vc_row layout=&#8221;container&#8221; el_class=&#8221;mg-top-100&#8243; css=&#8221;.vc_custom_1626982621708{background-position: center !important;background-repeat: no-repeat !important;background-size: cover !important;}&#8221;][vc_column]            <div class=\"heading color-dark text-center mg-bottom-60\" >\n                                    <span class=\"s-color\"><i class=\"fa fa-star\"><\/i><\/span>\n                                                <h2 class=\"heading-color fs-38\">\n                    ENVIE UMA MENSAGEM                <\/h2>\n                                <p class=\"fs-14\">\n                    Sinta-se \u00e0 vontade para nos enviar mensagens                <\/p>\n                            <\/div>\n            [\/vc_column][\/vc_row][vc_row layout=&#8221;container&#8221; el_class=&#8221;mg-bottom-140&#8243; css=&#8221;.vc_custom_1626982628658{background-position: center !important;background-repeat: no-repeat !important;background-size: cover !important;}&#8221;][vc_column el_class=&#8221;col-md-8 col-sm-12 col-md-offset-2&#8243;][contact-form-7 404 \"N\u00e3o encontrado\"][\/vc_column][\/vc_row]<\/p>\n","protected":false},"excerpt":{"rendered":"<p>[vc_row layout=&#8221;container&#8221; equal_height=&#8221;yes&#8221;][vc_column width=&#8221;1\/4&#8243;][\/vc_column][vc_column width=&#8221;3\/4&#8243;][vc_raw_html]JTNDaWZyYW1lJTIwc3JjJTNEJTIyaHR0cHMlM0ElMkYlMkZ3d3cuZ29vZ2xlLmNvbSUyRm1hcHMlMkZlbWJlZCUzRnBiJTNEJTIxMW0xOCUyMTFtMTIlMjExbTMlMjExZDM5NDkuNjI1NDk1MDUxOTczMyUyMTJkLTM0LjkwNzA4NzU4NTIxOTY5JTIxM2QtOC4xMzk1NTM3OTQxNDA4NiUyMTJtMyUyMTFmMCUyMTJmMCUyMTNmMCUyMTNtMiUyMTFpMTAyNCUyMTJpNzY4JTIxNGYxMy4xJTIxM20zJTIxMW0yJTIxMXMweDdhYjFmZDI3YTkzNWVhYiUyNTNBMHhjYjc0YzZmM2NkNzQwMjRhJTIxMnNFcXVhbGlzJTI1MjAtJTI1MjBWZXRlcmluJTI1QzMlMjVBMXJpYSUyMTVlMCUyMTNtMiUyMTFzcHQtQlIlMjEyc2JyJTIxNHYxNjI1NDMwMTkzNzAzJTIxNW0yJTIxMXNwdC1CUiUyMTJzYnIlMjIlMjB3aWR0aCUzRCUyMjEwMCUyNSUyMiUyMGhlaWdodCUzRCUyMjQ1MCUyMiUyMHN0eWxlJTNEJTIyYm9yZGVyJTNBMCUzQiUyMiUyMGFsbG93ZnVsbHNjcmVlbiUzRCUyMiUyMiUyMGxvYWRpbmclM0QlMjJsYXp5JTIyJTNFJTNDJTJGaWZyYW1lJTNF[\/vc_raw_html][\/vc_column][\/vc_row][vc_row layout=&#8221;fullwidth-visible&#8221;][vc_column][vc_empty_space height=&#8221;22px&#8221;][vc_separator color=&#8221;custom&#8221; border_width=&#8221;3&#8243; accent_color=&#8221;#dd3333&#8243;][vc_empty_space height=&#8221;22px&#8221;][\/vc_column][\/vc_row][vc_row layout=&#8221;container&#8221; equal_height=&#8221;yes&#8221;][vc_column width=&#8221;1\/4&#8243;][\/vc_column][vc_column width=&#8221;3\/4&#8243;][vc_raw_html]JTNDaWZyYW1lJTIwc3JjJTNEJTIyaHR0cHMlM0ElMkYlMkZ3d3cuZ29vZ2xlLmNvbSUyRm1hcHMlMkZlbWJlZCUzRnBiJTNEJTIxMW0xOCUyMTFtMTIlMjExbTMlMjExZDM5NjkuMjU3ODUxMjA3NDAyNCUyMTJkLTM1LjIxNzQyNTg4NDcwNzg4NiUyMTNkLTUuODE5MjEzMDU5MDA0MjEzNSUyMTJtMyUyMTFmMCUyMTJmMCUyMTNmMCUyMTNtMiUyMTFpMTAyNCUyMTJpNzY4JTIxNGYxMy4xJTIxM20zJTIxMW0yJTIxMXMweDdiMjU1NWY2NmM2MTFmMyUyNTNBMHg0NDIyZmNmOTRiMjgxMDY5JTIxMnNSdWElMjUyMFMlMjVDMyUyNUE5cmdpbyUyNTIwU2V2ZXJvJTI1MkMlMjUyMDExNjElMjUyMC0lMjUyMExhZ29hJTI1MjBOb3ZhJTI1MkMlMjUyME5hdGFsJTI1MjAtJTI1MjBSTiUyNTJDJTI1MjA1OTA2My0zODAlMjE1ZTAlMjEzbTIlMjExc3B0LVBUJTIxMnNiciUyMTR2MTYyNjk4MjQxNDc1MyUyMTVtMiUyMTFzcHQtUFQlMjEyc2JyJTIyJTIwd2lkdGglM0QlMjIxMDAlMjUlMjIlMjBoZWlnaHQlM0QlMjI0NTAlMjIlMjBzdHlsZSUzRCUyMmJvcmRlciUzQTAlM0IlMjIlMjBhbGxvd2Z1bGxzY3JlZW4lM0QlMjIlMjIlMjBsb2FkaW5nJTNEJTIybGF6eSUyMiUzRSUzQyUyRmlmcmFtZSUzRQ==[\/vc_raw_html][\/vc_column][\/vc_row][vc_row layout=&#8221;fullwidth-visible&#8221;][vc_column][vc_empty_space height=&#8221;22px&#8221;][vc_separator color=&#8221;custom&#8221; border_width=&#8221;3&#8243; accent_color=&#8221;#dd3333&#8243;][vc_empty_space height=&#8221;22px&#8221;][\/vc_column][\/vc_row][vc_row layout=&#8221;container&#8221; equal_height=&#8221;yes&#8221;][vc_column width=&#8221;1\/4&#8243;][\/vc_column][vc_column width=&#8221;3\/4&#8243;][vc_raw_html]JTNDaWZyYW1lJTIwc3JjJTNEJTIyaHR0cHMlM0ElMkYlMkZ3d3cuZ29vZ2xlLmNvbSUyRm1hcHMlMkZlbWJlZCUzRnBiJTNEJTIxMW0xOCUyMTFtMTIlMjExbTMlMjExZDM5ODEuMjYxMTE0NTc2Nzc4MyUyMTJkLTM4LjUxNjg4NTQ4NDcyMTc5JTIxM2QtMy43NTMyMjU5NDQzNTE1MDklMjEybTMlMjExZjAlMjEyZjAlMjEzZjAlMjEzbTIlMjExaTEwMjQlMjEyaTc2OCUyMTRmMTMuMSUyMTNtMyUyMTFtMiUyMTFzMHg3Yzc0OGMyZTI4MmMzNTElMjUzQTB4NzdmNDI1M2Q0YjBlY2UxMCUyMTJzUnVhJTI1MjBQcm9mZXNzb3IlMjUyMENhcnZhbGhvJTI1MkMlMjUyMDMyNTElMjUyMC0lMjUyMEpvYXF1aW0lMjUyMFQlMjVDMyUyNUExdm9yYSUyNTIwJTI4Rm9ydGFsZXphJTI5JTI1MkMlMjUyMEZvcnRhbGV6YSUyNTIwLSUyNTIwQ0UlMjUyQyUyNTIwNjAxMjAtMzQwJTIxNWUwJTIxM20yJTIxMXNwdC1QVCUyMTJzYnIlMjE0djE2MjY5ODI0NTk2ODIlMjE1bTIlMjExc3B0LVBUJTIxMnNiciUyMiUyMHdpZHRoJTNEJTIyMTAwJTI1JTIyJTIwaGVpZ2h0JTNEJTIyNDUwJTIyJTIwc3R5bGUlM0QlMjJib3JkZXIlM0EwJTNCJTIyJTIwYWxsb3dmdWxsc2NyZWVuJTNEJTIyJTIyJTIwbG9hZGluZyUzRCUyMmxhenklMjIlM0UlM0MlMkZpZnJhbWUlM0U=[\/vc_raw_html][\/vc_column][\/vc_row][vc_row][vc_column][vc_separator color=&#8221;custom&#8221; border_width=&#8221;3&#8243; accent_color=&#8221;#dd3333&#8243;][\/vc_column][\/vc_row][vc_row layout=&#8221;container&#8221; el_class=&#8221;mg-top-100&#8243; css=&#8221;.vc_custom_1626982621708{background-position: center !important;background-repeat: no-repeat !important;background-size: cover !important;}&#8221;][vc_column][\/vc_column][\/vc_row][vc_row layout=&#8221;container&#8221; el_class=&#8221;mg-bottom-140&#8243; css=&#8221;.vc_custom_1626982628658{background-position: center !important;background-repeat: no-repeat !important;background-size: cover !important;}&#8221;][vc_column el_class=&#8221;col-md-8 col-sm-12 col-md-offset-2&#8243;][\/vc_column][\/vc_row]<\/p>\n","protected":false},"author":8,"featured_media":0,"parent":0,"menu_order":0,"comment_status":"closed","ping_status":"closed","template":"","meta":{"ngg_post_thumbnail":0},"acf":[],"yoast_head":"<!-- This site is optimized with the Yoast SEO plugin v18.4.1 - https:\/\/yoast.com\/wordpress\/plugins\/seo\/ -->\n<title>ENDERE\u00c7OS - Equalis Nordeste - Cursos de P\u00f3s Gradua\u00e7\u00e3o em Medicina Veterin\u00e1ria<\/title>\n<meta name=\"robots\" content=\"index, follow, max-snippet:-1, max-image-preview:large, max-video-preview:-1\" \/>\n<link rel=\"canonical\" href=\"https:\/\/equalisveterinaria-ne.com.br\/cursos\/enderecos\/\" \/>\n<meta property=\"og:locale\" content=\"pt_BR\" \/>\n<meta property=\"og:type\" content=\"article\" \/>\n<meta property=\"og:title\" content=\"ENDERE\u00c7OS - Equalis Nordeste - Cursos de P\u00f3s Gradua\u00e7\u00e3o em Medicina Veterin\u00e1ria\" \/>\n<meta property=\"og:description\" content=\"[vc_row layout=&#8221;container&#8221; equal_height=&#8221;yes&#8221;][vc_column width=&#8221;1\/4&#8243;][\/vc_column][vc_column width=&#8221;3\/4&#8243;][vc_raw_html]JTNDaWZyYW1lJTIwc3JjJTNEJTIyaHR0cHMlM0ElMkYlMkZ3d3cuZ29vZ2xlLmNvbSUyRm1hcHMlMkZlbWJlZCUzRnBiJTNEJTIxMW0xOCUyMTFtMTIlMjExbTMlMjExZDM5NDkuNjI1NDk1MDUxOTczMyUyMTJkLTM0LjkwNzA4NzU4NTIxOTY5JTIxM2QtOC4xMzk1NTM3OTQxNDA4NiUyMTJtMyUyMTFmMCUyMTJmMCUyMTNmMCUyMTNtMiUyMTFpMTAyNCUyMTJpNzY4JTIxNGYxMy4xJTIxM20zJTIxMW0yJTIxMXMweDdhYjFmZDI3YTkzNWVhYiUyNTNBMHhjYjc0YzZmM2NkNzQwMjRhJTIxMnNFcXVhbGlzJTI1MjAtJTI1MjBWZXRlcmluJTI1QzMlMjVBMXJpYSUyMTVlMCUyMTNtMiUyMTFzcHQtQlIlMjEyc2JyJTIxNHYxNjI1NDMwMTkzNzAzJTIxNW0yJTIxMXNwdC1CUiUyMTJzYnIlMjIlMjB3aWR0aCUzRCUyMjEwMCUyNSUyMiUyMGhlaWdodCUzRCUyMjQ1MCUyMiUyMHN0eWxlJTNEJTIyYm9yZGVyJTNBMCUzQiUyMiUyMGFsbG93ZnVsbHNjcmVlbiUzRCUyMiUyMiUyMGxvYWRpbmclM0QlMjJsYXp5JTIyJTNFJTNDJTJGaWZyYW1lJTNF[\/vc_raw_html][\/vc_column][\/vc_row][vc_row layout=&#8221;fullwidth-visible&#8221;][vc_column][vc_empty_space height=&#8221;22px&#8221;][vc_separator color=&#8221;custom&#8221; border_width=&#8221;3&#8243; accent_color=&#8221;#dd3333&#8243;][vc_empty_space height=&#8221;22px&#8221;][\/vc_column][\/vc_row][vc_row layout=&#8221;container&#8221; equal_height=&#8221;yes&#8221;][vc_column width=&#8221;1\/4&#8243;][\/vc_column][vc_column width=&#8221;3\/4&#8243;][vc_raw_html]JTNDaWZyYW1lJTIwc3JjJTNEJTIyaHR0cHMlM0ElMkYlMkZ3d3cuZ29vZ2xlLmNvbSUyRm1hcHMlMkZlbWJlZCUzRnBiJTNEJTIxMW0xOCUyMTFtMTIlMjExbTMlMjExZDM5NjkuMjU3ODUxMjA3NDAyNCUyMTJkLTM1LjIxNzQyNTg4NDcwNzg4NiUyMTNkLTUuODE5MjEzMDU5MDA0MjEzNSUyMTJtMyUyMTFmMCUyMTJmMCUyMTNmMCUyMTNtMiUyMTFpMTAyNCUyMTJpNzY4JTIxNGYxMy4xJTIxM20zJTIxMW0yJTIxMXMweDdiMjU1NWY2NmM2MTFmMyUyNTNBMHg0NDIyZmNmOTRiMjgxMDY5JTIxMnNSdWElMjUyMFMlMjVDMyUyNUE5cmdpbyUyNTIwU2V2ZXJvJTI1MkMlMjUyMDExNjElMjUyMC0lMjUyMExhZ29hJTI1MjBOb3ZhJTI1MkMlMjUyME5hdGFsJTI1MjAtJTI1MjBSTiUyNTJDJTI1MjA1OTA2My0zODAlMjE1ZTAlMjEzbTIlMjExc3B0LVBUJTIxMnNiciUyMTR2MTYyNjk4MjQxNDc1MyUyMTVtMiUyMTFzcHQtUFQlMjEyc2JyJTIyJTIwd2lkdGglM0QlMjIxMDAlMjUlMjIlMjBoZWlnaHQlM0QlMjI0NTAlMjIlMjBzdHlsZSUzRCUyMmJvcmRlciUzQTAlM0IlMjIlMjBhbGxvd2Z1bGxzY3JlZW4lM0QlMjIlMjIlMjBsb2FkaW5nJTNEJTIybGF6eSUyMiUzRSUzQyUyRmlmcmFtZSUzRQ==[\/vc_raw_html][\/vc_column][\/vc_row][vc_row layout=&#8221;fullwidth-visible&#8221;][vc_column][vc_empty_space height=&#8221;22px&#8221;][vc_separator color=&#8221;custom&#8221; border_width=&#8221;3&#8243; accent_color=&#8221;#dd3333&#8243;][vc_empty_space height=&#8221;22px&#8221;][\/vc_column][\/vc_row][vc_row layout=&#8221;container&#8221; equal_height=&#8221;yes&#8221;][vc_column width=&#8221;1\/4&#8243;][\/vc_column][vc_column width=&#8221;3\/4&#8243;][vc_raw_html]JTNDaWZyYW1lJTIwc3JjJTNEJTIyaHR0cHMlM0ElMkYlMkZ3d3cuZ29vZ2xlLmNvbSUyRm1hcHMlMkZlbWJlZCUzRnBiJTNEJTIxMW0xOCUyMTFtMTIlMjExbTMlMjExZDM5ODEuMjYxMTE0NTc2Nzc4MyUyMTJkLTM4LjUxNjg4NTQ4NDcyMTc5JTIxM2QtMy43NTMyMjU5NDQzNTE1MDklMjEybTMlMjExZjAlMjEyZjAlMjEzZjAlMjEzbTIlMjExaTEwMjQlMjEyaTc2OCUyMTRmMTMuMSUyMTNtMyUyMTFtMiUyMTFzMHg3Yzc0OGMyZTI4MmMzNTElMjUzQTB4NzdmNDI1M2Q0YjBlY2UxMCUyMTJzUnVhJTI1MjBQcm9mZXNzb3IlMjUyMENhcnZhbGhvJTI1MkMlMjUyMDMyNTElMjUyMC0lMjUyMEpvYXF1aW0lMjUyMFQlMjVDMyUyNUExdm9yYSUyNTIwJTI4Rm9ydGFsZXphJTI5JTI1MkMlMjUyMEZvcnRhbGV6YSUyNTIwLSUyNTIwQ0UlMjUyQyUyNTIwNjAxMjAtMzQwJTIxNWUwJTIxM20yJTIxMXNwdC1QVCUyMTJzYnIlMjE0djE2MjY5ODI0NTk2ODIlMjE1bTIlMjExc3B0LVBUJTIxMnNiciUyMiUyMHdpZHRoJTNEJTIyMTAwJTI1JTIyJTIwaGVpZ2h0JTNEJTIyNDUwJTIyJTIwc3R5bGUlM0QlMjJib3JkZXIlM0EwJTNCJTIyJTIwYWxsb3dmdWxsc2NyZWVuJTNEJTIyJTIyJTIwbG9hZGluZyUzRCUyMmxhenklMjIlM0UlM0MlMkZpZnJhbWUlM0U=[\/vc_raw_html][\/vc_column][\/vc_row][vc_row][vc_column][vc_separator color=&#8221;custom&#8221; border_width=&#8221;3&#8243; accent_color=&#8221;#dd3333&#8243;][\/vc_column][\/vc_row][vc_row layout=&#8221;container&#8221; el_class=&#8221;mg-top-100&#8243; css=&#8221;.vc_custom_1626982621708{background-position: center !important;background-repeat: no-repeat !important;background-size: cover !important;}&#8221;][vc_column][\/vc_column][\/vc_row][vc_row layout=&#8221;container&#8221; el_class=&#8221;mg-bottom-140&#8243; css=&#8221;.vc_custom_1626982628658{background-position: center !important;background-repeat: no-repeat !important;background-size: cover !important;}&#8221;][vc_column el_class=&#8221;col-md-8 col-sm-12 col-md-offset-2&#8243;][\/vc_column][\/vc_row]\" \/>\n<meta property=\"og:url\" content=\"https:\/\/equalisveterinaria-ne.com.br\/cursos\/enderecos\/\" \/>\n<meta property=\"og:site_name\" content=\"Equalis Nordeste - Cursos de P\u00f3s Gradua\u00e7\u00e3o em Medicina Veterin\u00e1ria\" \/>\n<meta name=\"twitter:card\" content=\"summary_large_image\" \/>\n<meta name=\"twitter:label1\" content=\"Est. tempo de leitura\" \/>\n\t<meta name=\"twitter:data1\" content=\"2 minutos\" \/>\n<script type=\"application\/ld+json\" class=\"yoast-schema-graph\">{\"@context\":\"https:\/\/schema.org\",\"@graph\":[{\"@type\":\"Organization\",\"@id\":\"https:\/\/equalisveterinaria-ne.com.br\/cursos\/#organization\",\"name\":\"Equalis Veterin\u00e1ria\",\"url\":\"https:\/\/equalisveterinaria-ne.com.br\/cursos\/\",\"sameAs\":[],\"logo\":{\"@type\":\"ImageObject\",\"@id\":\"https:\/\/equalisveterinaria-ne.com.br\/cursos\/#logo\",\"inLanguage\":\"pt-BR\",\"url\":\"https:\/\/equalisveterinaria-ne.com.br\/cursos\/wp-content\/uploads\/2019\/10\/logo-fixed.png\",\"contentUrl\":\"https:\/\/equalisveterinaria-ne.com.br\/cursos\/wp-content\/uploads\/2019\/10\/logo-fixed.png\",\"width\":164,\"height\":49,\"caption\":\"Equalis Veterin\u00e1ria\"},\"image\":{\"@id\":\"https:\/\/equalisveterinaria-ne.com.br\/cursos\/#logo\"}},{\"@type\":\"WebSite\",\"@id\":\"https:\/\/equalisveterinaria-ne.com.br\/cursos\/#website\",\"url\":\"https:\/\/equalisveterinaria-ne.com.br\/cursos\/\",\"name\":\"Equalis Nordeste - Cursos de P\u00f3s Gradua\u00e7\u00e3o em Medicina Veterin\u00e1ria\",\"description\":\"Educa\u00e7\u00e3o em Medicina Veterin\u00e1ria\",\"publisher\":{\"@id\":\"https:\/\/equalisveterinaria-ne.com.br\/cursos\/#organization\"},\"potentialAction\":[{\"@type\":\"SearchAction\",\"target\":{\"@type\":\"EntryPoint\",\"urlTemplate\":\"https:\/\/equalisveterinaria-ne.com.br\/cursos\/?s={search_term_string}\"},\"query-input\":\"required name=search_term_string\"}],\"inLanguage\":\"pt-BR\"},{\"@type\":\"WebPage\",\"@id\":\"https:\/\/equalisveterinaria-ne.com.br\/cursos\/enderecos\/#webpage\",\"url\":\"https:\/\/equalisveterinaria-ne.com.br\/cursos\/enderecos\/\",\"name\":\"ENDERE\u00c7OS - Equalis Nordeste - Cursos de P\u00f3s Gradua\u00e7\u00e3o em Medicina Veterin\u00e1ria\",\"isPartOf\":{\"@id\":\"https:\/\/equalisveterinaria-ne.com.br\/cursos\/#website\"},\"datePublished\":\"2021-05-08T07:28:19+00:00\",\"dateModified\":\"2021-05-08T07:28:19+00:00\",\"breadcrumb\":{\"@id\":\"https:\/\/equalisveterinaria-ne.com.br\/cursos\/enderecos\/#breadcrumb\"},\"inLanguage\":\"pt-BR\",\"potentialAction\":[{\"@type\":\"ReadAction\",\"target\":[\"https:\/\/equalisveterinaria-ne.com.br\/cursos\/enderecos\/\"]}]},{\"@type\":\"BreadcrumbList\",\"@id\":\"https:\/\/equalisveterinaria-ne.com.br\/cursos\/enderecos\/#breadcrumb\",\"itemListElement\":[{\"@type\":\"ListItem\",\"position\":1,\"name\":\"Home\",\"item\":\"https:\/\/equalisveterinaria-ne.com.br\/cursos\/\"},{\"@type\":\"ListItem\",\"position\":2,\"name\":\"ENDERE\u00c7OS\"}]}]}<\/script>\n<!-- \/ Yoast SEO plugin. -->","yoast_head_json":{"title":"ENDERE\u00c7OS - Equalis Nordeste - Cursos de P\u00f3s Gradua\u00e7\u00e3o em Medicina Veterin\u00e1ria","robots":{"index":"index","follow":"follow","max-snippet":"max-snippet:-1","max-image-preview":"max-image-preview:large","max-video-preview":"max-video-preview:-1"},"canonical":"https:\/\/equalisveterinaria-ne.com.br\/cursos\/enderecos\/","og_locale":"pt_BR","og_type":"article","og_title":"ENDERE\u00c7OS - Equalis Nordeste - Cursos de P\u00f3s Gradua\u00e7\u00e3o em Medicina Veterin\u00e1ria","og_description":"[vc_row layout=&#8221;container&#8221; equal_height=&#8221;yes&#8221;][vc_column width=&#8221;1\/4&#8243;][\/vc_column][vc_column width=&#8221;3\/4&#8243;][vc_raw_html]JTNDaWZyYW1lJTIwc3JjJTNEJTIyaHR0cHMlM0ElMkYlMkZ3d3cuZ29vZ2xlLmNvbSUyRm1hcHMlMkZlbWJlZCUzRnBiJTNEJTIxMW0xOCUyMTFtMTIlMjExbTMlMjExZDM5NDkuNjI1NDk1MDUxOTczMyUyMTJkLTM0LjkwNzA4NzU4NTIxOTY5JTIxM2QtOC4xMzk1NTM3OTQxNDA4NiUyMTJtMyUyMTFmMCUyMTJmMCUyMTNmMCUyMTNtMiUyMTFpMTAyNCUyMTJpNzY4JTIxNGYxMy4xJTIxM20zJTIxMW0yJTIxMXMweDdhYjFmZDI3YTkzNWVhYiUyNTNBMHhjYjc0YzZmM2NkNzQwMjRhJTIxMnNFcXVhbGlzJTI1MjAtJTI1MjBWZXRlcmluJTI1QzMlMjVBMXJpYSUyMTVlMCUyMTNtMiUyMTFzcHQtQlIlMjEyc2JyJTIxNHYxNjI1NDMwMTkzNzAzJTIxNW0yJTIxMXNwdC1CUiUyMTJzYnIlMjIlMjB3aWR0aCUzRCUyMjEwMCUyNSUyMiUyMGhlaWdodCUzRCUyMjQ1MCUyMiUyMHN0eWxlJTNEJTIyYm9yZGVyJTNBMCUzQiUyMiUyMGFsbG93ZnVsbHNjcmVlbiUzRCUyMiUyMiUyMGxvYWRpbmclM0QlMjJsYXp5JTIyJTNFJTNDJTJGaWZyYW1lJTNF[\/vc_raw_html][\/vc_column][\/vc_row][vc_row layout=&#8221;fullwidth-visible&#8221;][vc_column][vc_empty_space height=&#8221;22px&#8221;][vc_separator color=&#8221;custom&#8221; border_width=&#8221;3&#8243; accent_color=&#8221;#dd3333&#8243;][vc_empty_space height=&#8221;22px&#8221;][\/vc_column][\/vc_row][vc_row layout=&#8221;container&#8221; equal_height=&#8221;yes&#8221;][vc_column width=&#8221;1\/4&#8243;][\/vc_column][vc_column width=&#8221;3\/4&#8243;][vc_raw_html]JTNDaWZyYW1lJTIwc3JjJTNEJTIyaHR0cHMlM0ElMkYlMkZ3d3cuZ29vZ2xlLmNvbSUyRm1hcHMlMkZlbWJlZCUzRnBiJTNEJTIxMW0xOCUyMTFtMTIlMjExbTMlMjExZDM5NjkuMjU3ODUxMjA3NDAyNCUyMTJkLTM1LjIxNzQyNTg4NDcwNzg4NiUyMTNkLTUuODE5MjEzMDU5MDA0MjEzNSUyMTJtMyUyMTFmMCUyMTJmMCUyMTNmMCUyMTNtMiUyMTFpMTAyNCUyMTJpNzY4JTIxNGYxMy4xJTIxM20zJTIxMW0yJTIxMXMweDdiMjU1NWY2NmM2MTFmMyUyNTNBMHg0NDIyZmNmOTRiMjgxMDY5JTIxMnNSdWElMjUyMFMlMjVDMyUyNUE5cmdpbyUyNTIwU2V2ZXJvJTI1MkMlMjUyMDExNjElMjUyMC0lMjUyMExhZ29hJTI1MjBOb3ZhJTI1MkMlMjUyME5hdGFsJTI1MjAtJTI1MjBSTiUyNTJDJTI1MjA1OTA2My0zODAlMjE1ZTAlMjEzbTIlMjExc3B0LVBUJTIxMnNiciUyMTR2MTYyNjk4MjQxNDc1MyUyMTVtMiUyMTFzcHQtUFQlMjEyc2JyJTIyJTIwd2lkdGglM0QlMjIxMDAlMjUlMjIlMjBoZWlnaHQlM0QlMjI0NTAlMjIlMjBzdHlsZSUzRCUyMmJvcmRlciUzQTAlM0IlMjIlMjBhbGxvd2Z1bGxzY3JlZW4lM0QlMjIlMjIlMjBsb2FkaW5nJTNEJTIybGF6eSUyMiUzRSUzQyUyRmlmcmFtZSUzRQ==[\/vc_raw_html][\/vc_column][\/vc_row][vc_row layout=&#8221;fullwidth-visible&#8221;][vc_column][vc_empty_space height=&#8221;22px&#8221;][vc_separator color=&#8221;custom&#8221; border_width=&#8221;3&#8243; accent_color=&#8221;#dd3333&#8243;][vc_empty_space height=&#8221;22px&#8221;][\/vc_column][\/vc_row][vc_row layout=&#8221;container&#8221; equal_height=&#8221;yes&#8221;][vc_column width=&#8221;1\/4&#8243;][\/vc_column][vc_column width=&#8221;3\/4&#8243;][vc_raw_html]JTNDaWZyYW1lJTIwc3JjJTNEJTIyaHR0cHMlM0ElMkYlMkZ3d3cuZ29vZ2xlLmNvbSUyRm1hcHMlMkZlbWJlZCUzRnBiJTNEJTIxMW0xOCUyMTFtMTIlMjExbTMlMjExZDM5ODEuMjYxMTE0NTc2Nzc4MyUyMTJkLTM4LjUxNjg4NTQ4NDcyMTc5JTIxM2QtMy43NTMyMjU5NDQzNTE1MDklMjEybTMlMjExZjAlMjEyZjAlMjEzZjAlMjEzbTIlMjExaTEwMjQlMjEyaTc2OCUyMTRmMTMuMSUyMTNtMyUyMTFtMiUyMTFzMHg3Yzc0OGMyZTI4MmMzNTElMjUzQTB4NzdmNDI1M2Q0YjBlY2UxMCUyMTJzUnVhJTI1MjBQcm9mZXNzb3IlMjUyMENhcnZhbGhvJTI1MkMlMjUyMDMyNTElMjUyMC0lMjUyMEpvYXF1aW0lMjUyMFQlMjVDMyUyNUExdm9yYSUyNTIwJTI4Rm9ydGFsZXphJTI5JTI1MkMlMjUyMEZvcnRhbGV6YSUyNTIwLSUyNTIwQ0UlMjUyQyUyNTIwNjAxMjAtMzQwJTIxNWUwJTIxM20yJTIxMXNwdC1QVCUyMTJzYnIlMjE0djE2MjY5ODI0NTk2ODIlMjE1bTIlMjExc3B0LVBUJTIxMnNiciUyMiUyMHdpZHRoJTNEJTIyMTAwJTI1JTIyJTIwaGVpZ2h0JTNEJTIyNDUwJTIyJTIwc3R5bGUlM0QlMjJib3JkZXIlM0EwJTNCJTIyJTIwYWxsb3dmdWxsc2NyZWVuJTNEJTIyJTIyJTIwbG9hZGluZyUzRCUyMmxhenklMjIlM0UlM0MlMkZpZnJhbWUlM0U=[\/vc_raw_html][\/vc_column][\/vc_row][vc_row][vc_column][vc_separator color=&#8221;custom&#8221; border_width=&#8221;3&#8243; accent_color=&#8221;#dd3333&#8243;][\/vc_column][\/vc_row][vc_row layout=&#8221;container&#8221; el_class=&#8221;mg-top-100&#8243; css=&#8221;.vc_custom_1626982621708{background-position: center !important;background-repeat: no-repeat !important;background-size: cover !important;}&#8221;][vc_column][\/vc_column][\/vc_row][vc_row layout=&#8221;container&#8221; el_class=&#8221;mg-bottom-140&#8243; css=&#8221;.vc_custom_1626982628658{background-position: center !important;background-repeat: no-repeat !important;background-size: cover !important;}&#8221;][vc_column el_class=&#8221;col-md-8 col-sm-12 col-md-offset-2&#8243;][\/vc_column][\/vc_row]","og_url":"https:\/\/equalisveterinaria-ne.com.br\/cursos\/enderecos\/","og_site_name":"Equalis Nordeste - Cursos de P\u00f3s Gradua\u00e7\u00e3o em Medicina Veterin\u00e1ria","twitter_card":"summary_large_image","twitter_misc":{"Est. tempo de leitura":"2 minutos"},"schema":{"@context":"https:\/\/schema.org","@graph":[{"@type":"Organization","@id":"https:\/\/equalisveterinaria-ne.com.br\/cursos\/#organization","name":"Equalis Veterin\u00e1ria","url":"https:\/\/equalisveterinaria-ne.com.br\/cursos\/","sameAs":[],"logo":{"@type":"ImageObject","@id":"https:\/\/equalisveterinaria-ne.com.br\/cursos\/#logo","inLanguage":"pt-BR","url":"https:\/\/equalisveterinaria-ne.com.br\/cursos\/wp-content\/uploads\/2019\/10\/logo-fixed.png","contentUrl":"https:\/\/equalisveterinaria-ne.com.br\/cursos\/wp-content\/uploads\/2019\/10\/logo-fixed.png","width":164,"height":49,"caption":"Equalis Veterin\u00e1ria"},"image":{"@id":"https:\/\/equalisveterinaria-ne.com.br\/cursos\/#logo"}},{"@type":"WebSite","@id":"https:\/\/equalisveterinaria-ne.com.br\/cursos\/#website","url":"https:\/\/equalisveterinaria-ne.com.br\/cursos\/","name":"Equalis Nordeste - Cursos de P\u00f3s Gradua\u00e7\u00e3o em Medicina Veterin\u00e1ria","description":"Educa\u00e7\u00e3o em Medicina Veterin\u00e1ria","publisher":{"@id":"https:\/\/equalisveterinaria-ne.com.br\/cursos\/#organization"},"potentialAction":[{"@type":"SearchAction","target":{"@type":"EntryPoint","urlTemplate":"https:\/\/equalisveterinaria-ne.com.br\/cursos\/?s={search_term_string}"},"query-input":"required name=search_term_string"}],"inLanguage":"pt-BR"},{"@type":"WebPage","@id":"https:\/\/equalisveterinaria-ne.com.br\/cursos\/enderecos\/#webpage","url":"https:\/\/equalisveterinaria-ne.com.br\/cursos\/enderecos\/","name":"ENDERE\u00c7OS - Equalis Nordeste - Cursos de P\u00f3s Gradua\u00e7\u00e3o em Medicina Veterin\u00e1ria","isPartOf":{"@id":"https:\/\/equalisveterinaria-ne.com.br\/cursos\/#website"},"datePublished":"2021-05-08T07:28:19+00:00","dateModified":"2021-05-08T07:28:19+00:00","breadcrumb":{"@id":"https:\/\/equalisveterinaria-ne.com.br\/cursos\/enderecos\/#breadcrumb"},"inLanguage":"pt-BR","potentialAction":[{"@type":"ReadAction","target":["https:\/\/equalisveterinaria-ne.com.br\/cursos\/enderecos\/"]}]},{"@type":"BreadcrumbList","@id":"https:\/\/equalisveterinaria-ne.com.br\/cursos\/enderecos\/#breadcrumb","itemListElement":[{"@type":"ListItem","position":1,"name":"Home","item":"https:\/\/equalisveterinaria-ne.com.br\/cursos\/"},{"@type":"ListItem","position":2,"name":"ENDERE\u00c7OS"}]}]}},"_links":{"self":[{"href":"https:\/\/equalisveterinaria-ne.com.br\/cursos\/wp-json\/wp\/v2\/pages\/738"}],"collection":[{"href":"https:\/\/equalisveterinaria-ne.com.br\/cursos\/wp-json\/wp\/v2\/pages"}],"about":[{"href":"https:\/\/equalisveterinaria-ne.com.br\/cursos\/wp-json\/wp\/v2\/types\/page"}],"author":[{"embeddable":true,"href":"https:\/\/equalisveterinaria-ne.com.br\/cursos\/wp-json\/wp\/v2\/users\/8"}],"replies":[{"embeddable":true,"href":"https:\/\/equalisveterinaria-ne.com.br\/cursos\/wp-json\/wp\/v2\/comments?post=738"}],"version-history":[{"count":0,"href":"https:\/\/equalisveterinaria-ne.com.br\/cursos\/wp-json\/wp\/v2\/pages\/738\/revisions"}],"wp:attachment":[{"href":"https:\/\/equalisveterinaria-ne.com.br\/cursos\/wp-json\/wp\/v2\/media?parent=738"}],"curies":[{"name":"wp","href":"https:\/\/api.w.org\/{rel}","templated":true}]}}