{"id":84,"date":"2019-11-06T01:48:03","date_gmt":"2019-11-06T04:48:03","guid":{"rendered":"http:\/\/www.equalisveterinaria-ne.com.br\/?page_id=84"},"modified":"2021-07-06T09:38:26","modified_gmt":"2021-07-06T12:38:26","slug":"quem-somos","status":"publish","type":"page","link":"https:\/\/equalisveterinaria-ne.com.br\/cursos\/quem-somos\/","title":{"rendered":"Quem Somos"},"content":{"rendered":"\r\n<h2 class=\"has-text-align-center\">Equalis \u00e9 um centro de capacita\u00e7\u00e3o e excel\u00eancia de ensino<\/h2>\r\n\r\n\r\n<hr class=\"wp-block-separator\" \/>\r\n\r\n\r\n<h3 class=\"has-text-align-center\">Oferecemos cursos de p\u00f3s gradua\u00e7\u00e3o veterin\u00e1ria, atualiza\u00e7\u00e3o e online para profissionais da \u00e1rea da sa\u00fade, em especial da Medicina Veterin\u00e1ria.<\/h3>\r\n\r\n\r\n<hr class=\"wp-block-separator is-style-dots\" \/>\r\n\r\n\r\n<div class=\"wp-block-columns has-2-columns\">\r\n<div class=\"wp-block-column\">\r\n<p>\u201dNosso sonho come\u00e7ou a se tornar realidade em 2003 e nesses tempo, perseveramos na busca pela excel\u00eancia na Medicina Veterin\u00e1ria, atrav\u00e9s do ensino de alta qualidade, com corpo docente reconhecido e enfoque pr\u00e1tico.\u201d, conta o Dr Antonio Roberto dos Anjos, M\u00e9dico Veterin\u00e1rio graduado em 1971 pela Universidade Federal Rural de Pernambuco. \u201cComo veterin\u00e1rio, hoje posso testemunhar o longo caminho que j\u00e1 percorremos e a imensa estrada de oportunidades que ainda temos pela frente. Isso me motiva a continuar e fazer da Equalis, cada vez mais uma ferramenta a servi\u00e7o da evolu\u00e7\u00e3o da profiss\u00e3o.\u201d- completa o Dr Roberto. Com foco no aperfei\u00e7oamento, a Equalis promove cursos de p\u00f3s-gradua\u00e7\u00e3o em quinze capitais brasileiras. Oferece tamb\u00e9m atualiza\u00e7\u00f5es em todo o Brasil, por meio de turmas presenciais e tamb\u00e9m pelo ensino a dist\u00e2ncia (EAD). \u201cFomos pioneiros e investimos cada vez mais em alta tecnologia para os cursos EAD porque acreditamos que o tempo \u00e9 um recurso precioso para o m\u00e9dico veterin\u00e1rio.<\/p>\r\n<\/div>\r\n\r\n\r\n\r\n<div class=\"wp-block-column\">\r\n<p>Os cursos \u00e0 dist\u00e2ncia oferecem maior flexibilidade e a qualidade dos conte\u00fados e da transmiss\u00e3o garantem total aproveitamento.\u201d esclarece Hugo dos Anjos, diretor Executivo da Equalis. \u201cNossa empresa se diferencia em seu mercado de atua\u00e7\u00e3o porque prima pela qualidade em todos os n\u00edveis. Tanto que j\u00e1 temos mais de 15.000 alunos que realizaram nossos cursos, sendo que a grande maioria j\u00e1 fez mais de 2 cursos, o que comprova o alto n\u00edvel de satisfa\u00e7\u00e3o com o aprendizado.\u201d Completa Karina dos Anjos, diretora Executiva. A infraestrutura pedag\u00f3gica e de apoio ao aluno tamb\u00e9m \u00e9 muito reconhecida por sua efici\u00eancia. O corpo docente congrega os profissionais mais renomados em cada especialidade garantindo ao aluno uma excelente inspira\u00e7\u00e3o para sua evolu\u00e7\u00e3o profissional. Al\u00e9m disso, a grade dos cursos \u00e9 elaborada com base nos assuntos mais relevantes no dia-a-dia do m\u00e9dico veterin\u00e1rio e a carga hor\u00e1ria permite total assimila\u00e7\u00e3o, assim como discuss\u00f5es e trocas de experi\u00eancias entre os profissionais. Muitos s\u00e3o os depoimentos de ex-alunos que comprovam a qualidade e os resultados pr\u00e1ticos dos cursos oferecidos pela Equalis.<\/p>\r\n<\/div>\r\n<\/div>\r\n","protected":false},"excerpt":{"rendered":"<p>Equalis \u00e9 um centro de capacita\u00e7\u00e3o e excel\u00eancia de ensino Oferecemos cursos de p\u00f3s gradua\u00e7\u00e3o veterin\u00e1ria, atualiza\u00e7\u00e3o e online para profissionais da \u00e1rea da sa\u00fade, em especial da Medicina Veterin\u00e1ria. \u201dNosso sonho come\u00e7ou a se tornar realidade em 2003 e nesses tempo, perseveramos na busca pela excel\u00eancia na Medicina Veterin\u00e1ria, atrav\u00e9s do ensino de alta [&hellip;]<\/p>\n","protected":false},"author":1,"featured_media":0,"parent":0,"menu_order":0,"comment_status":"closed","ping_status":"closed","template":"","meta":{"ngg_post_thumbnail":0},"acf":[],"yoast_head":"<!-- This site is optimized with the Yoast SEO plugin v18.4.1 - https:\/\/yoast.com\/wordpress\/plugins\/seo\/ -->\n<title>Quem Somos - Equalis Nordeste - Cursos de P\u00f3s Gradua\u00e7\u00e3o em Medicina Veterin\u00e1ria<\/title>\n<meta name=\"robots\" content=\"index, follow, max-snippet:-1, max-image-preview:large, max-video-preview:-1\" \/>\n<link rel=\"canonical\" href=\"https:\/\/equalisveterinaria-ne.com.br\/cursos\/quem-somos\/\" \/>\n<meta property=\"og:locale\" content=\"pt_BR\" \/>\n<meta property=\"og:type\" content=\"article\" \/>\n<meta property=\"og:title\" content=\"Quem Somos - Equalis Nordeste - Cursos de P\u00f3s Gradua\u00e7\u00e3o em Medicina Veterin\u00e1ria\" \/>\n<meta property=\"og:description\" content=\"Equalis \u00e9 um centro de capacita\u00e7\u00e3o e excel\u00eancia de ensino Oferecemos cursos de p\u00f3s gradua\u00e7\u00e3o veterin\u00e1ria, atualiza\u00e7\u00e3o e online para profissionais da \u00e1rea da sa\u00fade, em especial da Medicina Veterin\u00e1ria. \u201dNosso sonho come\u00e7ou a se tornar realidade em 2003 e nesses tempo, perseveramos na busca pela excel\u00eancia na Medicina Veterin\u00e1ria, atrav\u00e9s do ensino de alta [&hellip;]\" \/>\n<meta property=\"og:url\" content=\"https:\/\/equalisveterinaria-ne.com.br\/cursos\/quem-somos\/\" \/>\n<meta property=\"og:site_name\" content=\"Equalis Nordeste - Cursos de P\u00f3s Gradua\u00e7\u00e3o em Medicina Veterin\u00e1ria\" \/>\n<meta property=\"article:modified_time\" content=\"2021-07-06T12:38:26+00:00\" \/>\n<meta name=\"twitter:card\" content=\"summary_large_image\" \/>\n<meta name=\"twitter:label1\" content=\"Est. tempo de leitura\" \/>\n\t<meta name=\"twitter:data1\" content=\"2 minutos\" \/>\n<script type=\"application\/ld+json\" class=\"yoast-schema-graph\">{\"@context\":\"https:\/\/schema.org\",\"@graph\":[{\"@type\":\"Organization\",\"@id\":\"https:\/\/equalisveterinaria-ne.com.br\/cursos\/#organization\",\"name\":\"Equalis Veterin\u00e1ria\",\"url\":\"https:\/\/equalisveterinaria-ne.com.br\/cursos\/\",\"sameAs\":[],\"logo\":{\"@type\":\"ImageObject\",\"@id\":\"https:\/\/equalisveterinaria-ne.com.br\/cursos\/#logo\",\"inLanguage\":\"pt-BR\",\"url\":\"https:\/\/equalisveterinaria-ne.com.br\/cursos\/wp-content\/uploads\/2019\/10\/logo-fixed.png\",\"contentUrl\":\"https:\/\/equalisveterinaria-ne.com.br\/cursos\/wp-content\/uploads\/2019\/10\/logo-fixed.png\",\"width\":164,\"height\":49,\"caption\":\"Equalis Veterin\u00e1ria\"},\"image\":{\"@id\":\"https:\/\/equalisveterinaria-ne.com.br\/cursos\/#logo\"}},{\"@type\":\"WebSite\",\"@id\":\"https:\/\/equalisveterinaria-ne.com.br\/cursos\/#website\",\"url\":\"https:\/\/equalisveterinaria-ne.com.br\/cursos\/\",\"name\":\"Equalis Nordeste - Cursos de P\u00f3s Gradua\u00e7\u00e3o em Medicina Veterin\u00e1ria\",\"description\":\"Educa\u00e7\u00e3o em Medicina Veterin\u00e1ria\",\"publisher\":{\"@id\":\"https:\/\/equalisveterinaria-ne.com.br\/cursos\/#organization\"},\"potentialAction\":[{\"@type\":\"SearchAction\",\"target\":{\"@type\":\"EntryPoint\",\"urlTemplate\":\"https:\/\/equalisveterinaria-ne.com.br\/cursos\/?s={search_term_string}\"},\"query-input\":\"required name=search_term_string\"}],\"inLanguage\":\"pt-BR\"},{\"@type\":\"WebPage\",\"@id\":\"https:\/\/equalisveterinaria-ne.com.br\/cursos\/quem-somos\/#webpage\",\"url\":\"https:\/\/equalisveterinaria-ne.com.br\/cursos\/quem-somos\/\",\"name\":\"Quem Somos - Equalis Nordeste - Cursos de P\u00f3s Gradua\u00e7\u00e3o em Medicina Veterin\u00e1ria\",\"isPartOf\":{\"@id\":\"https:\/\/equalisveterinaria-ne.com.br\/cursos\/#website\"},\"datePublished\":\"2019-11-06T04:48:03+00:00\",\"dateModified\":\"2021-07-06T12:38:26+00:00\",\"breadcrumb\":{\"@id\":\"https:\/\/equalisveterinaria-ne.com.br\/cursos\/quem-somos\/#breadcrumb\"},\"inLanguage\":\"pt-BR\",\"potentialAction\":[{\"@type\":\"ReadAction\",\"target\":[\"https:\/\/equalisveterinaria-ne.com.br\/cursos\/quem-somos\/\"]}]},{\"@type\":\"BreadcrumbList\",\"@id\":\"https:\/\/equalisveterinaria-ne.com.br\/cursos\/quem-somos\/#breadcrumb\",\"itemListElement\":[{\"@type\":\"ListItem\",\"position\":1,\"name\":\"Home\",\"item\":\"https:\/\/equalisveterinaria-ne.com.br\/cursos\/\"},{\"@type\":\"ListItem\",\"position\":2,\"name\":\"Quem Somos\"}]}]}<\/script>\n<!-- \/ Yoast SEO plugin. -->","yoast_head_json":{"title":"Quem Somos - Equalis Nordeste - Cursos de P\u00f3s Gradua\u00e7\u00e3o em Medicina Veterin\u00e1ria","robots":{"index":"index","follow":"follow","max-snippet":"max-snippet:-1","max-image-preview":"max-image-preview:large","max-video-preview":"max-video-preview:-1"},"canonical":"https:\/\/equalisveterinaria-ne.com.br\/cursos\/quem-somos\/","og_locale":"pt_BR","og_type":"article","og_title":"Quem Somos - Equalis Nordeste - Cursos de P\u00f3s Gradua\u00e7\u00e3o em Medicina Veterin\u00e1ria","og_description":"Equalis \u00e9 um centro de capacita\u00e7\u00e3o e excel\u00eancia de ensino Oferecemos cursos de p\u00f3s gradua\u00e7\u00e3o veterin\u00e1ria, atualiza\u00e7\u00e3o e online para profissionais da \u00e1rea da sa\u00fade, em especial da Medicina Veterin\u00e1ria. \u201dNosso sonho come\u00e7ou a se tornar realidade em 2003 e nesses tempo, perseveramos na busca pela excel\u00eancia na Medicina Veterin\u00e1ria, atrav\u00e9s do ensino de alta [&hellip;]","og_url":"https:\/\/equalisveterinaria-ne.com.br\/cursos\/quem-somos\/","og_site_name":"Equalis Nordeste - Cursos de P\u00f3s Gradua\u00e7\u00e3o em Medicina Veterin\u00e1ria","article_modified_time":"2021-07-06T12:38:26+00:00","twitter_card":"summary_large_image","twitter_misc":{"Est. tempo de leitura":"2 minutos"},"schema":{"@context":"https:\/\/schema.org","@graph":[{"@type":"Organization","@id":"https:\/\/equalisveterinaria-ne.com.br\/cursos\/#organization","name":"Equalis Veterin\u00e1ria","url":"https:\/\/equalisveterinaria-ne.com.br\/cursos\/","sameAs":[],"logo":{"@type":"ImageObject","@id":"https:\/\/equalisveterinaria-ne.com.br\/cursos\/#logo","inLanguage":"pt-BR","url":"https:\/\/equalisveterinaria-ne.com.br\/cursos\/wp-content\/uploads\/2019\/10\/logo-fixed.png","contentUrl":"https:\/\/equalisveterinaria-ne.com.br\/cursos\/wp-content\/uploads\/2019\/10\/logo-fixed.png","width":164,"height":49,"caption":"Equalis Veterin\u00e1ria"},"image":{"@id":"https:\/\/equalisveterinaria-ne.com.br\/cursos\/#logo"}},{"@type":"WebSite","@id":"https:\/\/equalisveterinaria-ne.com.br\/cursos\/#website","url":"https:\/\/equalisveterinaria-ne.com.br\/cursos\/","name":"Equalis Nordeste - Cursos de P\u00f3s Gradua\u00e7\u00e3o em Medicina Veterin\u00e1ria","description":"Educa\u00e7\u00e3o em Medicina Veterin\u00e1ria","publisher":{"@id":"https:\/\/equalisveterinaria-ne.com.br\/cursos\/#organization"},"potentialAction":[{"@type":"SearchAction","target":{"@type":"EntryPoint","urlTemplate":"https:\/\/equalisveterinaria-ne.com.br\/cursos\/?s={search_term_string}"},"query-input":"required name=search_term_string"}],"inLanguage":"pt-BR"},{"@type":"WebPage","@id":"https:\/\/equalisveterinaria-ne.com.br\/cursos\/quem-somos\/#webpage","url":"https:\/\/equalisveterinaria-ne.com.br\/cursos\/quem-somos\/","name":"Quem Somos - Equalis Nordeste - Cursos de P\u00f3s Gradua\u00e7\u00e3o em Medicina Veterin\u00e1ria","isPartOf":{"@id":"https:\/\/equalisveterinaria-ne.com.br\/cursos\/#website"},"datePublished":"2019-11-06T04:48:03+00:00","dateModified":"2021-07-06T12:38:26+00:00","breadcrumb":{"@id":"https:\/\/equalisveterinaria-ne.com.br\/cursos\/quem-somos\/#breadcrumb"},"inLanguage":"pt-BR","potentialAction":[{"@type":"ReadAction","target":["https:\/\/equalisveterinaria-ne.com.br\/cursos\/quem-somos\/"]}]},{"@type":"BreadcrumbList","@id":"https:\/\/equalisveterinaria-ne.com.br\/cursos\/quem-somos\/#breadcrumb","itemListElement":[{"@type":"ListItem","position":1,"name":"Home","item":"https:\/\/equalisveterinaria-ne.com.br\/cursos\/"},{"@type":"ListItem","position":2,"name":"Quem Somos"}]}]}},"_links":{"self":[{"href":"https:\/\/equalisveterinaria-ne.com.br\/cursos\/wp-json\/wp\/v2\/pages\/84"}],"collection":[{"href":"https:\/\/equalisveterinaria-ne.com.br\/cursos\/wp-json\/wp\/v2\/pages"}],"about":[{"href":"https:\/\/equalisveterinaria-ne.com.br\/cursos\/wp-json\/wp\/v2\/types\/page"}],"author":[{"embeddable":true,"href":"https:\/\/equalisveterinaria-ne.com.br\/cursos\/wp-json\/wp\/v2\/users\/1"}],"replies":[{"embeddable":true,"href":"https:\/\/equalisveterinaria-ne.com.br\/cursos\/wp-json\/wp\/v2\/comments?post=84"}],"version-history":[{"count":6,"href":"https:\/\/equalisveterinaria-ne.com.br\/cursos\/wp-json\/wp\/v2\/pages\/84\/revisions"}],"predecessor-version":[{"id":22921,"href":"https:\/\/equalisveterinaria-ne.com.br\/cursos\/wp-json\/wp\/v2\/pages\/84\/revisions\/22921"}],"wp:attachment":[{"href":"https:\/\/equalisveterinaria-ne.com.br\/cursos\/wp-json\/wp\/v2\/media?parent=84"}],"curies":[{"name":"wp","href":"https:\/\/api.w.org\/{rel}","templated":true}]}}