{"id":31697,"date":"2023-03-31T10:29:51","date_gmt":"2023-03-31T13:29:51","guid":{"rendered":"https:\/\/equalisveterinaria-ne.com.br\/?post_type=product&#038;p=31697"},"modified":"2023-09-14T12:52:34","modified_gmt":"2023-09-14T15:52:34","slug":"curso-de-pos-graduacao-em-clinica-medica-e-cirurgica-de-pequenos-animais-natal","status":"publish","type":"product","link":"https:\/\/equalisveterinaria-ne.com.br\/cursos\/loja\/cursos\/pos-graduacao\/curso-de-pos-graduacao-em-clinica-medica-e-cirurgica-de-pequenos-animais-natal\/","title":{"rendered":"Curso de P\u00f3s gradua\u00e7\u00e3o em Cl\u00ednica M\u00e9dica e Cir\u00fargica de Pequenos Animais &#8211; Natal"},"content":{"rendered":"<p>[vc_row][vc_column][vc_video link=&#8221;https:\/\/www.youtube.com\/watch?v=sLl4-gLSSlM&#8221;][vc_column_text]<strong><br \/>\nP\u00f3s Gradua\u00e7\u00e3o Veterin\u00e1ria em Cl\u00ednica M\u00e9dica e Cir\u00fargica de Pequenos Animais da Equalis<\/strong><\/p>\n<p>A P\u00f3s em Cl\u00ednica M\u00e9dica e Cir\u00fargica de Pequenos Animais 2023 da Equalis \u00e9 o curso que o m\u00e9dico veterin\u00e1rio procura!<\/p>\n<p>Completo e com conte\u00fado voltado para o que de fato \u00e9 \u00fatil, sem perda de tempo para aplica\u00e7\u00e3o imediata no seu dia a dia, traz a abordagem dos problemas cl\u00ednicos presentes na rotina de pequenos animais.<\/p>\n<p>S\u00e3o 17 m\u00f3dulos presenciais, cada um deles com carga hor\u00e1ria REAL de 24h de AULA, sendo 08 te\u00f3ricos e 09 te\u00f3rico-pr\u00e1ticos e&nbsp;01 m\u00f3dulo online, com excelentes aulas de treinamento, importantes para consolidar o que foi aprendido, possibilitando o desenvolvimento efetivo das habilidades t\u00e9cnicas com maior facilidade, seguran\u00e7a e sob a supervis\u00e3o do professor respons\u00e1vel pelo m\u00f3dulo. O curso visa trazer conhecimento e aplicabilidade para contribuir no desenvolvimento de uma abordagem racional e correta dos casos da cl\u00ednica m\u00e9dica e cir\u00fargica de pequenos animais.<\/p>\n<p>O corpo docente \u00e9 sem d\u00favida um grande diferencial: s\u00e3o professores de alto prest\u00edgio em \u00e1reas espec\u00edficas, n\u00e3o s\u00f3 tecnicamente, mas tamb\u00e9m didaticamente e academicamente, sempre repassando dicas importantes, o certo e errado em apresenta\u00e7\u00f5es e discuss\u00f5es de casos cl\u00ednicos de sua viv\u00eancia profissional, bem como as \u00faltimas novidades em t\u00e9cnicas, protocolos, procedimentos, recomenda\u00e7\u00f5es para que o aluno possa aprimorar os servi\u00e7os que oferece.<\/p>\n<p>Voc\u00ea terminar\u00e1 este curso com gostinho de quero mais e com certeza ainda far\u00e1 muitos outros cursos conosco!<\/p>\n<p>Seja bem-vindo, aproveite para fazer sua inscri\u00e7\u00e3o e participe da nova turma de 2023!<\/p>\n<blockquote><p><em>ATEN\u00c7\u00c3O:<\/em><\/p>\n<p><strong><em>Informamos que essa \u00e9 uma P\u00f3s Gradua\u00e7\u00e3o Lato Sensu.&nbsp;<\/em><\/strong><\/p>\n<h5><strong>O curso tem a dura\u00e7\u00e3o de aproximadamente 2 anos.&nbsp; Os m\u00f3dulos acontecem a cada 45 dias em m\u00e9dia, durante os finais de semana.<\/strong><\/h5>\n<p>&nbsp;<\/p><\/blockquote>\n<blockquote class=\"wp-embedded-content\" data-secret=\"L9r4z6nSJA\"><p><a href=\"https:\/\/equalisveterinaria-ne.com.br\/cursos\/quem-indica-amigo-e\/\">QUEM INDICA AMIGO \u00c9<\/a><\/p><\/blockquote>\n<p><iframe class=\"wp-embedded-content\" sandbox=\"allow-scripts\" security=\"restricted\" style=\"position: absolute; clip: rect(1px, 1px, 1px, 1px);\" title=\"&#8220;QUEM INDICA AMIGO \u00c9&#8221; &#8212; Equalis Nordeste - Cursos de P\u00f3s Gradua\u00e7\u00e3o em Medicina Veterin\u00e1ria\" src=\"https:\/\/equalisveterinaria-ne.com.br\/cursos\/quem-indica-amigo-e\/embed\/#?secret=L9r4z6nSJA\" data-secret=\"L9r4z6nSJA\" width=\"500\" height=\"282\" frameborder=\"0\" marginwidth=\"0\" marginheight=\"0\" scrolling=\"no\"><\/iframe><\/p>\n<h2><strong>Conte\u00fado Program\u00e1tico da P\u00f3s Gradua\u00e7\u00e3o em Cl\u00ednica M\u00e9dica e Cir\u00fargica de Pequenos Animais 2023<\/strong><\/h2>\n<p>&nbsp;<\/p>\n<hr>\n<ul>\n<li>Diagn\u00f3stico por Imagem&nbsp;<\/li>\n<\/ul>\n<p>\u2013&nbsp;<strong>Carga Hor\u00e1ria<\/strong> \u2013 24 horas&nbsp; \u2013 <strong>M\u00f3dulo Te\u00f3rico&nbsp;<\/strong><\/p>\n<hr>\n<ul>\n<li><strong>&nbsp;<\/strong> Abordagem das endocrinopatias de Pequenos Animais<strong><br \/>\n<\/strong><\/li>\n<\/ul>\n<p>\u2013&nbsp;<strong>Carga Hor\u00e1ria<\/strong> \u2013 24 horas&nbsp; \u2013 <strong>M\u00f3dulo Te\u00f3rico&nbsp;<\/strong><\/p>\n<hr>\n<ul>\n<li><strong>&nbsp;<\/strong> Medicina Interna de Felinos<strong><br \/>\n<\/strong><\/li>\n<\/ul>\n<p>\u2013&nbsp;<strong>Carga Hor\u00e1ria<\/strong> \u2013 24 horas&nbsp; \u2013&nbsp;<strong>M\u00f3dulo Te\u00f3rico&nbsp;&nbsp;<\/strong><\/p>\n<hr>\n<ul>\n<li><strong>&nbsp;<\/strong>Afec\u00e7\u00f5es Oftalmol\u00f3gicas de Pequenos Animais<\/li>\n<\/ul>\n<p>\u2013&nbsp;<strong>Carga Hor\u00e1ria<\/strong> \u2013 24 horas&nbsp; \u2013 <strong>M\u00f3dulo Te\u00f3rico e Pr\u00e1tico<\/strong><\/p>\n<hr>\n<ul>\n<li><strong>&nbsp;<\/strong>Dermatologia de Animais de Companhia<\/li>\n<\/ul>\n<p>\u2013&nbsp;<strong>Carga Hor\u00e1ria<\/strong> \u2013 24 horas&nbsp; \u2013 <strong>M\u00f3dulo Te\u00f3rico e pr\u00e1tico<br \/>\n<\/strong><\/p>\n<hr>\n<ul>\n<li>Afec\u00e7\u00f5es do Trato Urin\u00e1rio de Pequenos Animais<\/li>\n<\/ul>\n<p>\u2013&nbsp;<strong>Carga Hor\u00e1ria<\/strong> \u2013 24 horas&nbsp; \u2013 <strong>M\u00f3dulo Te\u00f3rico&nbsp;<\/strong><\/p>\n<hr>\n<ul>\n<li>Afec\u00e7\u00f5es do Aparelho Gastrointestinal<\/li>\n<\/ul>\n<p>\u2013&nbsp;<strong>Carga Hor\u00e1ria<\/strong> \u2013 24 horas&nbsp; \u2013 <strong>M\u00f3dulo Te\u00f3rico<\/strong><\/p>\n<hr>\n<ul>\n<li>&nbsp;Interpreta\u00e7\u00e3o de Exames Laboratoriais de Pequenos Animais<\/li>\n<\/ul>\n<p>\u2013&nbsp;<strong>Carga Hor\u00e1ria<\/strong> \u2013 24 horas&nbsp; \u2013 <strong>M\u00f3dulo Te\u00f3rico e Pr\u00e1tico<\/strong><\/p>\n<hr>\n<ul>\n<li>Afec\u00e7\u00f5es do Sistema Nervoso de Pequenos Animais<\/li>\n<\/ul>\n<p>\u2013&nbsp;<strong>Carga Hor\u00e1ria<\/strong> \u2013 24 horas&nbsp; \u2013 <strong>M\u00f3dulo Te\u00f3rico&nbsp;<\/strong><\/p>\n<hr>\n<ul>\n<li>&nbsp;Doen\u00e7as Infecciosas e Parasit\u00e1rias de Pequenos Animais<\/li>\n<\/ul>\n<p>\u2013&nbsp;<strong>Carga Hor\u00e1ria<\/strong> \u2013 24 horas&nbsp; \u2013 <strong>M\u00f3dulo Te\u00f3rico<\/strong><\/p>\n<hr>\n<ul>\n<li>&nbsp;Medicina de Urg\u00eancia e Intensivismo em Pequenos Animais<\/li>\n<\/ul>\n<p>\u2013&nbsp;<strong>Carga Hor\u00e1ria<\/strong> \u2013 24 horas&nbsp; \u2013 <strong>M\u00f3dulo Te\u00f3rico e Pr\u00e1tico<\/strong><\/p>\n<hr>\n<ul>\n<li>Afec\u00e7\u00f5es do Aparelho Cardiovascular de Pequenos Animais<\/li>\n<\/ul>\n<p>\u2013&nbsp;<strong>Carga Hor\u00e1ria<\/strong> \u2013 24 horas \u2013 <strong>M\u00f3dulo Te\u00f3rico<\/strong><\/p>\n<hr>\n<ul>\n<li>&nbsp;Doen\u00e7as Oncol\u00f3gicas<\/li>\n<\/ul>\n<p>\u2013&nbsp;<strong>Carga Hor\u00e1ria<\/strong> \u2013 24 horas \u2013 <strong>M\u00f3dulo Te\u00f3rico e Pr\u00e1tico<\/strong><\/p>\n<hr>\n<ul>\n<li>Cirurgias de Tecidos Moles em Pequenos Animais<\/li>\n<\/ul>\n<p>\u2013&nbsp;<strong>Carga Hor\u00e1ria<\/strong> \u2013 24 horas \u2013 <strong>M\u00f3dulo Te\u00f3rico e Pr\u00e1tico<\/strong><\/p>\n<hr>\n<ul>\n<li>&nbsp;Fisioterapia e Reabilita\u00e7\u00e3o em Animais de Companhia<\/li>\n<\/ul>\n<p>\u2013&nbsp;<strong>Carga Hor\u00e1ria<\/strong> \u2013 24 horas \u2013 <strong>M\u00f3dulo Te\u00f3rico e Pr\u00e1tico<\/strong><\/p>\n<hr>\n<ul>\n<li>Ortopedia em Pequenos Animais<\/li>\n<\/ul>\n<p>\u2013&nbsp;<strong>Carga Hor\u00e1ria<\/strong> \u2013 24 horas&nbsp; \u2013 <strong>M\u00f3dulo Te\u00f3rico e Pr\u00e1tico<\/strong><\/p>\n<hr>\n<ul>\n<li>&nbsp;Protocolos Anest\u00e9sicos em Pequenos Animais<\/li>\n<\/ul>\n<p>\u2013&nbsp;<strong>Carga Hor\u00e1ria<\/strong> \u2013 24 horas \u2013 <strong>M\u00f3dulo Te\u00f3rico e Pr\u00e1tico<\/strong><\/p>\n<hr>\n<ul>\n<li>Metodologia do Trabalho Cient\u00edfico \u2013 EAD (Ensino \u00e0 dist\u00e2ncia)<\/li>\n<\/ul>\n<p>\u2013&nbsp;<strong>Carga Hor\u00e1ria<\/strong>&nbsp;\u2013 20 horas&nbsp; \u2013&nbsp;<strong>M\u00f3dulo EAD<\/strong><\/p>\n<p>&nbsp;<\/p>\n<p><strong>Palestrantes Convidados<\/strong><\/p>\n<ul>\n<li>D.Sc. M\u00e1rcia M. Jeric\u00f3 de Andrade<br \/>\n<hr>\n<\/li>\n<li>D.Sc. Marlos Gon\u00e7alves Sousa<br \/>\n<hr>\n<\/li>\n<li>M.Sc. \u00cdlvio Mendes Vidal<br \/>\n<hr>\n<\/li>\n<li>D.Sc. Leandro Lima<br \/>\n<hr>\n<\/li>\n<li>D.Sc. Jorge Luiz Costa Castro<br \/>\n<hr>\n<\/li>\n<li>D.Sc. Alceu Gaspar Raiser<br \/>\n<hr>\n<\/li>\n<li>M.Sc. Leila Taranti<br \/>\n<hr>\n<\/li>\n<li>M.Sc&nbsp; Silvia V. de M. Corr\u00eaa<br \/>\n<hr>\n<\/li>\n<li>M.Sc. Rita de C. Carmona Castro<br \/>\n<hr>\n<\/li>\n<li>M.Sc. Myrian K\u00e1tia Iser Teixeira<br \/>\n<hr>\n<\/li>\n<li>M.Sc. Paulo R. Tabanez<br \/>\n<hr>\n<\/li>\n<li>D.Sc. Val\u00e9ria Veras de Paula<br \/>\n<hr>\n<\/li>\n<li>M.Sc. Marcio Antonio Batistela Moreira<br \/>\n<hr>\n<\/li>\n<li>&nbsp;D.Sc. Vitor Marcio Ribeiro<br \/>\n<hr>\n<\/li>\n<li>M.Sc.&nbsp; Claudia Prado de Brito<br \/>\n<hr>\n<\/li>\n<li>PhD. Mariana Bezerra Mascarenhas<br \/>\n<hr>\n<\/li>\n<li>D.Sc. Ana Silvia Dagnone<br \/>\n<hr>\n<\/li>\n<li>D.Sc. Alexandre Mazzanti<br \/>\n<hr>\n<\/li>\n<li>Esp. Milena Carvalho Branco<br \/>\n<hr>\n<\/li>\n<li>Esp. Maria Carolina F. Pappalardo<br \/>\n<hr>\n<\/li>\n<li>D.Sc. Amaro Fabio de Souza<br \/>\n<hr>\n<\/li>\n<\/ul>\n<ul>\n<li>M.Sc. Andr\u00e9a Alves<br \/>\n<hr>\n<\/li>\n<li>D.Sc. Breno Curty Barbosa<br \/>\n<hr>\n<\/li>\n<\/ul>\n<ul>\n<li>M.Sc. Raquel Cantarela&nbsp;<br \/>\n<hr>\n<\/li>\n<li>D.Sc. Ieverton Cleiton Correia da Silva<\/li>\n<\/ul>\n<p>&nbsp;<\/p>\n<p>&nbsp;<\/p>\n<p><em><strong>OBS: Os professores que por caso fortuito ou for\u00e7a maior n\u00e3o puderem participar na data agendada, poder\u00e3o ser substitu\u00eddos por profissionais de reconhecido saber.<\/strong><\/em><\/p>\n<p>&nbsp;<\/p>\n<blockquote>\n<h3>Condi\u00e7\u00f5es de Pagamento:<\/h3>\n<p>Inscri\u00e7\u00e3o: R$ 175,00<\/p>\n<p>*Formas de parcelamento do curso:<\/p>\n<p>\u2013 24 parcelas de R$ <strong>1.204.00<\/strong> &nbsp;(5% de desconto para pagamento at\u00e9 o vencimento) = R$ <strong>1.143,80<\/strong><br \/>\n\u2013 30 parcelas de R$ <strong>1.033,00<\/strong> &nbsp;(5% de desconto para pagamento at\u00e9 o vencimento) = R$<strong> 981,33<\/strong><\/p>\n<p>Desconto de 5% nas mensalidades, somente para ex-alunos que realizaram outra P\u00f3s Gradua\u00e7\u00e3o pela Equalis.<\/p>\n<p>&nbsp;<\/p>\n<p>*Em caso de desist\u00eancia, o valor n\u00e3o ser\u00e1 reembolsado.<br \/>\n*O parcelamento ser\u00e1 permitido mediante aprova\u00e7\u00e3o da an\u00e1lise de cr\u00e9ditos.<\/p>\n<p>&nbsp;<\/p>\n<p>*Em casos eventuais, a proposta acima apresentada poder\u00e1 ser alterada at\u00e9 o in\u00edcio do curso.<\/p>\n<p>&nbsp;<\/p>\n<p>&nbsp;<\/p><\/blockquote>\n<p>&nbsp;<\/p>\n<blockquote>\n<h4 style=\"text-align: left;\"><strong>Local das Aulas:&nbsp;<\/strong><\/h4>\n<div><strong>&nbsp;<\/strong><\/div>\n<h3><strong>Avenida Engenheiro Roberto Freire, 1962 &#8211; Loja 13 &#8211; Capim Macio, Natal \u2013 RN<\/strong><\/h3>\n<p class=\"section-hero-header-title-title gm2-headline-5\">&nbsp;<\/p>\n<\/blockquote>\n<p>[\/vc_column_text][\/vc_column][\/vc_row]<\/p>\n","protected":false},"excerpt":{"rendered":"<ul>\n<li><strong>Inscri\u00e7\u00e3o<\/strong> :R$ 175,00<\/li>\n<li><strong>In\u00edcio previsto: <\/strong>15\/09\/2023<\/li>\n<li><strong>Curso Presencial<\/strong><\/li>\n<\/ul>\n<p><strong>&nbsp; &nbsp;<\/strong><\/p>\n","protected":false},"featured_media":32541,"comment_status":"closed","ping_status":"closed","template":"","meta":{"ngg_post_thumbnail":0},"acf":[],"yoast_head":"<!-- This site is optimized with the Yoast SEO plugin v18.4.1 - https:\/\/yoast.com\/wordpress\/plugins\/seo\/ -->\n<title>Curso de P\u00f3s gradua\u00e7\u00e3o em Cl\u00ednica M\u00e9dica e Cir\u00fargica de Pequenos Animais - Natal - Equalis Nordeste - Cursos de P\u00f3s Gradua\u00e7\u00e3o em Medicina Veterin\u00e1ria<\/title>\n<meta name=\"robots\" content=\"index, follow, max-snippet:-1, max-image-preview:large, max-video-preview:-1\" \/>\n<link rel=\"canonical\" href=\"https:\/\/equalisveterinaria-ne.com.br\/cursos\/loja\/cursos\/pos-graduacao\/curso-de-pos-graduacao-em-clinica-medica-e-cirurgica-de-pequenos-animais-natal\/\" \/>\n<meta property=\"og:locale\" content=\"pt_BR\" \/>\n<meta property=\"og:type\" content=\"article\" \/>\n<meta property=\"og:title\" content=\"Curso de P\u00f3s gradua\u00e7\u00e3o em Cl\u00ednica M\u00e9dica e Cir\u00fargica de Pequenos Animais - Natal - Equalis Nordeste - Cursos de P\u00f3s Gradua\u00e7\u00e3o em Medicina Veterin\u00e1ria\" \/>\n<meta property=\"og:description\" content=\"Inscri\u00e7\u00e3o :R$ 175,00  In\u00edcio previsto: 15\/09\/2023  Curso Presencial  &nbsp; &nbsp;\" \/>\n<meta property=\"og:url\" content=\"https:\/\/equalisveterinaria-ne.com.br\/cursos\/loja\/cursos\/pos-graduacao\/curso-de-pos-graduacao-em-clinica-medica-e-cirurgica-de-pequenos-animais-natal\/\" \/>\n<meta property=\"og:site_name\" content=\"Equalis Nordeste - Cursos de P\u00f3s Gradua\u00e7\u00e3o em Medicina Veterin\u00e1ria\" \/>\n<meta property=\"article:modified_time\" content=\"2023-09-14T15:52:34+00:00\" \/>\n<meta property=\"og:image\" content=\"https:\/\/equalisveterinaria-ne.com.br\/cursos\/wp-content\/uploads\/2023\/03\/CMCPA2-1.png\" \/>\n\t<meta property=\"og:image:width\" content=\"1080\" \/>\n\t<meta property=\"og:image:height\" content=\"1080\" \/>\n\t<meta property=\"og:image:type\" content=\"image\/png\" \/>\n<meta name=\"twitter:card\" content=\"summary_large_image\" \/>\n<meta name=\"twitter:label1\" content=\"Est. tempo de leitura\" \/>\n\t<meta name=\"twitter:data1\" content=\"5 minutos\" \/>\n<script type=\"application\/ld+json\" class=\"yoast-schema-graph\">{\"@context\":\"https:\/\/schema.org\",\"@graph\":[{\"@type\":\"Organization\",\"@id\":\"https:\/\/equalisveterinaria-ne.com.br\/cursos\/#organization\",\"name\":\"Equalis Veterin\u00e1ria\",\"url\":\"https:\/\/equalisveterinaria-ne.com.br\/cursos\/\",\"sameAs\":[],\"logo\":{\"@type\":\"ImageObject\",\"@id\":\"https:\/\/equalisveterinaria-ne.com.br\/cursos\/#logo\",\"inLanguage\":\"pt-BR\",\"url\":\"https:\/\/equalisveterinaria-ne.com.br\/cursos\/wp-content\/uploads\/2019\/10\/logo-fixed.png\",\"contentUrl\":\"https:\/\/equalisveterinaria-ne.com.br\/cursos\/wp-content\/uploads\/2019\/10\/logo-fixed.png\",\"width\":164,\"height\":49,\"caption\":\"Equalis Veterin\u00e1ria\"},\"image\":{\"@id\":\"https:\/\/equalisveterinaria-ne.com.br\/cursos\/#logo\"}},{\"@type\":\"WebSite\",\"@id\":\"https:\/\/equalisveterinaria-ne.com.br\/cursos\/#website\",\"url\":\"https:\/\/equalisveterinaria-ne.com.br\/cursos\/\",\"name\":\"Equalis Nordeste - Cursos de P\u00f3s Gradua\u00e7\u00e3o em Medicina Veterin\u00e1ria\",\"description\":\"Educa\u00e7\u00e3o em Medicina Veterin\u00e1ria\",\"publisher\":{\"@id\":\"https:\/\/equalisveterinaria-ne.com.br\/cursos\/#organization\"},\"potentialAction\":[{\"@type\":\"SearchAction\",\"target\":{\"@type\":\"EntryPoint\",\"urlTemplate\":\"https:\/\/equalisveterinaria-ne.com.br\/cursos\/?s={search_term_string}\"},\"query-input\":\"required name=search_term_string\"}],\"inLanguage\":\"pt-BR\"},{\"@type\":\"ImageObject\",\"@id\":\"https:\/\/equalisveterinaria-ne.com.br\/cursos\/loja\/cursos\/pos-graduacao\/curso-de-pos-graduacao-em-clinica-medica-e-cirurgica-de-pequenos-animais-natal\/#primaryimage\",\"inLanguage\":\"pt-BR\",\"url\":\"https:\/\/equalisveterinaria-ne.com.br\/cursos\/wp-content\/uploads\/2023\/03\/CMCPA2-1.png\",\"contentUrl\":\"https:\/\/equalisveterinaria-ne.com.br\/cursos\/wp-content\/uploads\/2023\/03\/CMCPA2-1.png\",\"width\":1080,\"height\":1080},{\"@type\":\"WebPage\",\"@id\":\"https:\/\/equalisveterinaria-ne.com.br\/cursos\/loja\/cursos\/pos-graduacao\/curso-de-pos-graduacao-em-clinica-medica-e-cirurgica-de-pequenos-animais-natal\/#webpage\",\"url\":\"https:\/\/equalisveterinaria-ne.com.br\/cursos\/loja\/cursos\/pos-graduacao\/curso-de-pos-graduacao-em-clinica-medica-e-cirurgica-de-pequenos-animais-natal\/\",\"name\":\"Curso de P\u00f3s gradua\u00e7\u00e3o em Cl\u00ednica M\u00e9dica e Cir\u00fargica de Pequenos Animais - Natal - Equalis Nordeste - Cursos de P\u00f3s Gradua\u00e7\u00e3o em Medicina Veterin\u00e1ria\",\"isPartOf\":{\"@id\":\"https:\/\/equalisveterinaria-ne.com.br\/cursos\/#website\"},\"primaryImageOfPage\":{\"@id\":\"https:\/\/equalisveterinaria-ne.com.br\/cursos\/loja\/cursos\/pos-graduacao\/curso-de-pos-graduacao-em-clinica-medica-e-cirurgica-de-pequenos-animais-natal\/#primaryimage\"},\"datePublished\":\"2023-03-31T13:29:51+00:00\",\"dateModified\":\"2023-09-14T15:52:34+00:00\",\"breadcrumb\":{\"@id\":\"https:\/\/equalisveterinaria-ne.com.br\/cursos\/loja\/cursos\/pos-graduacao\/curso-de-pos-graduacao-em-clinica-medica-e-cirurgica-de-pequenos-animais-natal\/#breadcrumb\"},\"inLanguage\":\"pt-BR\",\"potentialAction\":[{\"@type\":\"ReadAction\",\"target\":[\"https:\/\/equalisveterinaria-ne.com.br\/cursos\/loja\/cursos\/pos-graduacao\/curso-de-pos-graduacao-em-clinica-medica-e-cirurgica-de-pequenos-animais-natal\/\"]}]},{\"@type\":\"BreadcrumbList\",\"@id\":\"https:\/\/equalisveterinaria-ne.com.br\/cursos\/loja\/cursos\/pos-graduacao\/curso-de-pos-graduacao-em-clinica-medica-e-cirurgica-de-pequenos-animais-natal\/#breadcrumb\",\"itemListElement\":[{\"@type\":\"ListItem\",\"position\":1,\"name\":\"Home\",\"item\":\"https:\/\/equalisveterinaria-ne.com.br\/cursos\/\"},{\"@type\":\"ListItem\",\"position\":2,\"name\":\"Loja\",\"item\":\"https:\/\/equalisveterinaria-ne.com.br\/cursos\/loja\/\"},{\"@type\":\"ListItem\",\"position\":3,\"name\":\"Curso de P\u00f3s gradua\u00e7\u00e3o em Cl\u00ednica M\u00e9dica e Cir\u00fargica de Pequenos Animais &#8211; Natal\"}]}]}<\/script>\n<!-- \/ Yoast SEO plugin. -->","yoast_head_json":{"title":"Curso de P\u00f3s gradua\u00e7\u00e3o em Cl\u00ednica M\u00e9dica e Cir\u00fargica de Pequenos Animais - Natal - Equalis Nordeste - Cursos de P\u00f3s Gradua\u00e7\u00e3o em Medicina Veterin\u00e1ria","robots":{"index":"index","follow":"follow","max-snippet":"max-snippet:-1","max-image-preview":"max-image-preview:large","max-video-preview":"max-video-preview:-1"},"canonical":"https:\/\/equalisveterinaria-ne.com.br\/cursos\/loja\/cursos\/pos-graduacao\/curso-de-pos-graduacao-em-clinica-medica-e-cirurgica-de-pequenos-animais-natal\/","og_locale":"pt_BR","og_type":"article","og_title":"Curso de P\u00f3s gradua\u00e7\u00e3o em Cl\u00ednica M\u00e9dica e Cir\u00fargica de Pequenos Animais - Natal - Equalis Nordeste - Cursos de P\u00f3s Gradua\u00e7\u00e3o em Medicina Veterin\u00e1ria","og_description":"Inscri\u00e7\u00e3o :R$ 175,00  In\u00edcio previsto: 15\/09\/2023  Curso Presencial  &nbsp; &nbsp;","og_url":"https:\/\/equalisveterinaria-ne.com.br\/cursos\/loja\/cursos\/pos-graduacao\/curso-de-pos-graduacao-em-clinica-medica-e-cirurgica-de-pequenos-animais-natal\/","og_site_name":"Equalis Nordeste - Cursos de P\u00f3s Gradua\u00e7\u00e3o em Medicina Veterin\u00e1ria","article_modified_time":"2023-09-14T15:52:34+00:00","og_image":[{"width":1080,"height":1080,"url":"https:\/\/equalisveterinaria-ne.com.br\/cursos\/wp-content\/uploads\/2023\/03\/CMCPA2-1.png","type":"image\/png"}],"twitter_card":"summary_large_image","twitter_misc":{"Est. tempo de leitura":"5 minutos"},"schema":{"@context":"https:\/\/schema.org","@graph":[{"@type":"Organization","@id":"https:\/\/equalisveterinaria-ne.com.br\/cursos\/#organization","name":"Equalis Veterin\u00e1ria","url":"https:\/\/equalisveterinaria-ne.com.br\/cursos\/","sameAs":[],"logo":{"@type":"ImageObject","@id":"https:\/\/equalisveterinaria-ne.com.br\/cursos\/#logo","inLanguage":"pt-BR","url":"https:\/\/equalisveterinaria-ne.com.br\/cursos\/wp-content\/uploads\/2019\/10\/logo-fixed.png","contentUrl":"https:\/\/equalisveterinaria-ne.com.br\/cursos\/wp-content\/uploads\/2019\/10\/logo-fixed.png","width":164,"height":49,"caption":"Equalis Veterin\u00e1ria"},"image":{"@id":"https:\/\/equalisveterinaria-ne.com.br\/cursos\/#logo"}},{"@type":"WebSite","@id":"https:\/\/equalisveterinaria-ne.com.br\/cursos\/#website","url":"https:\/\/equalisveterinaria-ne.com.br\/cursos\/","name":"Equalis Nordeste - Cursos de P\u00f3s Gradua\u00e7\u00e3o em Medicina Veterin\u00e1ria","description":"Educa\u00e7\u00e3o em Medicina Veterin\u00e1ria","publisher":{"@id":"https:\/\/equalisveterinaria-ne.com.br\/cursos\/#organization"},"potentialAction":[{"@type":"SearchAction","target":{"@type":"EntryPoint","urlTemplate":"https:\/\/equalisveterinaria-ne.com.br\/cursos\/?s={search_term_string}"},"query-input":"required name=search_term_string"}],"inLanguage":"pt-BR"},{"@type":"ImageObject","@id":"https:\/\/equalisveterinaria-ne.com.br\/cursos\/loja\/cursos\/pos-graduacao\/curso-de-pos-graduacao-em-clinica-medica-e-cirurgica-de-pequenos-animais-natal\/#primaryimage","inLanguage":"pt-BR","url":"https:\/\/equalisveterinaria-ne.com.br\/cursos\/wp-content\/uploads\/2023\/03\/CMCPA2-1.png","contentUrl":"https:\/\/equalisveterinaria-ne.com.br\/cursos\/wp-content\/uploads\/2023\/03\/CMCPA2-1.png","width":1080,"height":1080},{"@type":"WebPage","@id":"https:\/\/equalisveterinaria-ne.com.br\/cursos\/loja\/cursos\/pos-graduacao\/curso-de-pos-graduacao-em-clinica-medica-e-cirurgica-de-pequenos-animais-natal\/#webpage","url":"https:\/\/equalisveterinaria-ne.com.br\/cursos\/loja\/cursos\/pos-graduacao\/curso-de-pos-graduacao-em-clinica-medica-e-cirurgica-de-pequenos-animais-natal\/","name":"Curso de P\u00f3s gradua\u00e7\u00e3o em Cl\u00ednica M\u00e9dica e Cir\u00fargica de Pequenos Animais - Natal - Equalis Nordeste - Cursos de P\u00f3s Gradua\u00e7\u00e3o em Medicina Veterin\u00e1ria","isPartOf":{"@id":"https:\/\/equalisveterinaria-ne.com.br\/cursos\/#website"},"primaryImageOfPage":{"@id":"https:\/\/equalisveterinaria-ne.com.br\/cursos\/loja\/cursos\/pos-graduacao\/curso-de-pos-graduacao-em-clinica-medica-e-cirurgica-de-pequenos-animais-natal\/#primaryimage"},"datePublished":"2023-03-31T13:29:51+00:00","dateModified":"2023-09-14T15:52:34+00:00","breadcrumb":{"@id":"https:\/\/equalisveterinaria-ne.com.br\/cursos\/loja\/cursos\/pos-graduacao\/curso-de-pos-graduacao-em-clinica-medica-e-cirurgica-de-pequenos-animais-natal\/#breadcrumb"},"inLanguage":"pt-BR","potentialAction":[{"@type":"ReadAction","target":["https:\/\/equalisveterinaria-ne.com.br\/cursos\/loja\/cursos\/pos-graduacao\/curso-de-pos-graduacao-em-clinica-medica-e-cirurgica-de-pequenos-animais-natal\/"]}]},{"@type":"BreadcrumbList","@id":"https:\/\/equalisveterinaria-ne.com.br\/cursos\/loja\/cursos\/pos-graduacao\/curso-de-pos-graduacao-em-clinica-medica-e-cirurgica-de-pequenos-animais-natal\/#breadcrumb","itemListElement":[{"@type":"ListItem","position":1,"name":"Home","item":"https:\/\/equalisveterinaria-ne.com.br\/cursos\/"},{"@type":"ListItem","position":2,"name":"Loja","item":"https:\/\/equalisveterinaria-ne.com.br\/cursos\/loja\/"},{"@type":"ListItem","position":3,"name":"Curso de P\u00f3s gradua\u00e7\u00e3o em Cl\u00ednica M\u00e9dica e Cir\u00fargica de Pequenos Animais &#8211; Natal"}]}]}},"_links":{"self":[{"href":"https:\/\/equalisveterinaria-ne.com.br\/cursos\/wp-json\/wp\/v2\/product\/31697"}],"collection":[{"href":"https:\/\/equalisveterinaria-ne.com.br\/cursos\/wp-json\/wp\/v2\/product"}],"about":[{"href":"https:\/\/equalisveterinaria-ne.com.br\/cursos\/wp-json\/wp\/v2\/types\/product"}],"replies":[{"embeddable":true,"href":"https:\/\/equalisveterinaria-ne.com.br\/cursos\/wp-json\/wp\/v2\/comments?post=31697"}],"wp:featuredmedia":[{"embeddable":true,"href":"https:\/\/equalisveterinaria-ne.com.br\/cursos\/wp-json\/wp\/v2\/media\/32541"}],"wp:attachment":[{"href":"https:\/\/equalisveterinaria-ne.com.br\/cursos\/wp-json\/wp\/v2\/media?parent=31697"}],"curies":[{"name":"wp","href":"https:\/\/api.w.org\/{rel}","templated":true}]}}